{"id":9051,"date":"2023-10-05T16:11:43","date_gmt":"2023-10-05T19:11:43","guid":{"rendered":"https:\/\/des-tuc.infd.edu.ar\/sitio\/?page_id=9051"},"modified":"2023-10-05T16:11:44","modified_gmt":"2023-10-05T19:11:44","slug":"bibliografia-practica-iii","status":"publish","type":"page","link":"https:\/\/des-tuc.infd.edu.ar\/sitio\/bibliografia-practica-iii\/","title":{"rendered":"Bibliograf\u00eda Pr\u00e1ctica III"},"content":{"rendered":"\n<ul>\n<li><a href=\"https:\/\/des-tuc.infd.edu.ar\/sitio\/wp-content\/uploads\/2023\/10\/ANIJOVICH-transitar-la-formacion-pedagogica.pdf\" target=\"_blank\" rel=\"noreferrer noopener\">Transitar la formaci\u00f3n pedag\u00f3gica. Dispositivos y estrategias<\/a><\/li>\n\n\n\n<li><a href=\"https:\/\/des-tuc.infd.edu.ar\/sitio\/wp-content\/uploads\/2023\/10\/AVALOS-La-insercion-profesional-de-los-docentes.pdf\" target=\"_blank\" rel=\"noreferrer noopener\">LA INSERCI\u00d3N PROFESIONAL DE LOS DOCENTES<\/a><\/li>\n\n\n\n<li><a href=\"https:\/\/des-tuc.infd.edu.ar\/sitio\/wp-content\/uploads\/2023\/10\/Borsani_MJ_De_la_integr_a_la_Educ_Inclusiva_Borsani_Cap5_Accesibilidad_Textual-Homo_Sapiens.pdf\" target=\"_blank\" rel=\"noreferrer noopener\">DE LA INTEGRACI\u00d3N EDUCATIVA A LA EDUCACI\u00d3N INCLUSIVA De la opci\u00f3n al derecho<\/a><\/li>\n\n\n\n<li><a href=\"https:\/\/des-tuc.infd.edu.ar\/sitio\/wp-content\/uploads\/2023\/10\/Chevallard-La-transposicion-didactica.-Del-saber-sabio-al-saber-ensenado.pdf\" target=\"_blank\" rel=\"noreferrer noopener\">La transposici\u00f3n did\u00e1ctica del saber sabio al saber ense\u00f1ado<\/a><\/li>\n\n\n\n<li><a href=\"https:\/\/des-tuc.infd.edu.ar\/sitio\/wp-content\/uploads\/2023\/10\/GARCIA-CABRERO-ENRIQUEZ-CARRANZA-PENA-Analisis-de-la-practica-educativa-de-los-docentes-pensamiento-interaccion-y-reflexion.pdf\" target=\"_blank\" rel=\"noreferrer noopener\">An\u00e1lisis de la pr\u00e1ctica educativa de los docentes: pensamiento, interacci\u00f3n y reflexi\u00f3n<\/a><\/li>\n\n\n\n<li><a href=\"https:\/\/des-tuc.infd.edu.ar\/sitio\/wp-content\/uploads\/2023\/10\/GOMEZ-ORDONEZ-GUERRERO-MARTINEZ-BUESAQUILLO-BUESAQUILLO-Practicas-pedagogicas-y-diversidad.pdf\" target=\"_blank\" rel=\"noreferrer noopener\">Pr\u00e1cticas pedag\u00f3gicas y diversidad<\/a><\/li>\n\n\n\n<li><a href=\"https:\/\/des-tuc.infd.edu.ar\/sitio\/wp-content\/uploads\/2023\/10\/GONZALEZ-VELASCO-Ensenanza-colaborativa-para-aprendizajes-colaborativos.pdf\" target=\"_blank\" rel=\"noreferrer noopener\">NUEVAS METODOLOG\u00cdAS DOCENTES APLICADAS EN EL AULA EL APRENDIZAJE COOPERATIVO Y EL APRENDIZAJE COLABORATIVO: EL TRABAJO EN GRUPO<\/a><\/li>\n\n\n\n<li><a href=\"https:\/\/des-tuc.infd.edu.ar\/sitio\/wp-content\/uploads\/2023\/10\/Izurieta-M-Educacion-inicial-y-sus-metodologias-en-el-diseno-de-planificacion.pdf\" target=\"_blank\" rel=\"noreferrer noopener\">Educaci\u00f3n inicial y sus metodolog\u00edas en el dise\u00f1o de planificaci\u00f3n<\/a><\/li>\n\n\n\n<li><a href=\"https:\/\/des-tuc.infd.edu.ar\/sitio\/wp-content\/uploads\/2023\/10\/LOPEZ-Repensando-las-practicas-pedagogicas-acerca-de-la-diversidad-sexual-y-la-perspectiva-de-genero-en-el-nivel-inicial-estudio-de-caso-en-escuelas-rurales.pdf\" target=\"_blank\" rel=\"noreferrer noopener\">Repensando las pr\u00e1cticas pedag\u00f3gicas acerca de la diversidad sexual y la perspectiva de g\u00e9nero en el nivel inicial: estudio de caso en escuelas rurales<\/a><\/li>\n\n\n\n<li><a href=\"https:\/\/des-tuc.infd.edu.ar\/sitio\/wp-content\/uploads\/2023\/10\/SANJURJO-Volver-a-pensar-la-clase..pdf\" target=\"_blank\" rel=\"noreferrer noopener\">La clase: un espacio estructurante de la ense\u00f1anza<\/a><\/li>\n\n\n\n<li><a href=\"https:\/\/des-tuc.infd.edu.ar\/sitio\/wp-content\/uploads\/2023\/10\/TOMLINSON-Estrategias-para-trabajar-con-la-diversidad-en-el-aula.pdf\" target=\"_blank\" rel=\"noreferrer noopener\">Estrategias para trabajar con la diversidad en el aula<\/a><\/li>\n<\/ul>\n","protected":false},"excerpt":{"rendered":"","protected":false},"author":408,"featured_media":0,"parent":0,"menu_order":0,"comment_status":"closed","ping_status":"closed","template":"","meta":[],"acf":[],"_links":{"self":[{"href":"https:\/\/des-tuc.infd.edu.ar\/sitio\/wp-json\/wp\/v2\/pages\/9051"}],"collection":[{"href":"https:\/\/des-tuc.infd.edu.ar\/sitio\/wp-json\/wp\/v2\/pages"}],"about":[{"href":"https:\/\/des-tuc.infd.edu.ar\/sitio\/wp-json\/wp\/v2\/types\/page"}],"author":[{"embeddable":true,"href":"https:\/\/des-tuc.infd.edu.ar\/sitio\/wp-json\/wp\/v2\/users\/408"}],"replies":[{"embeddable":true,"href":"https:\/\/des-tuc.infd.edu.ar\/sitio\/wp-json\/wp\/v2\/comments?post=9051"}],"version-history":[{"count":1,"href":"https:\/\/des-tuc.infd.edu.ar\/sitio\/wp-json\/wp\/v2\/pages\/9051\/revisions"}],"predecessor-version":[{"id":9063,"href":"https:\/\/des-tuc.infd.edu.ar\/sitio\/wp-json\/wp\/v2\/pages\/9051\/revisions\/9063"}],"wp:attachment":[{"href":"https:\/\/des-tuc.infd.edu.ar\/sitio\/wp-json\/wp\/v2\/media?parent=9051"}],"curies":[{"name":"wp","href":"https:\/\/api.w.org\/{rel}","templated":true}]}}