{"id":7780,"date":"2023-06-15T01:27:31","date_gmt":"2023-06-15T04:27:31","guid":{"rendered":"https:\/\/des-tuc.infd.edu.ar\/sitio\/?page_id=7780"},"modified":"2026-03-16T16:49:51","modified_gmt":"2026-03-16T19:49:51","slug":"practicas-profesionales-2","status":"publish","type":"page","link":"https:\/\/des-tuc.infd.edu.ar\/sitio\/practicas-profesionales-2\/","title":{"rendered":"Pr\u00e1cticas Profesionales"},"content":{"rendered":"\n<meta charset=\"UTF-8\">\n\n\n\n<meta http-equiv=\"X-UA-Compatible\" content=\"IE=edge\">\n\n\n\n<meta name=\"viewport\" content=\"width=device-width, initial-scale=1.0\">\n\n\n\n<link rel=\"stylesheet\" href=\"\/css\/stile.css\">\n\n\n\n<title>Pr\u00e1cticas Profesionales<\/title>\n\n\n\n<link rel=\"preconnect\" href=\"https:\/\/fonts.googleapis.com\">\n\n\n\n<link rel=\"preconnect\" href=\"https:\/\/fonts.gstatic.com\" crossorigin=\"\">\n\n\n\n<link href=\"https:\/\/fonts.googleapis.com\/css2?family=Barlow+Condensed:wght@300&amp;display=swap\" rel=\"stylesheet\">\n\n\n\n<section class=\"conteinerAll\">\n\n        \n\n        <div class=\"resenia\">\n          <h3>PR\u00c1CTICAS PROFESIONALES<\/h3>\n          <p>Las Pr\u00e1cticas Profesionales son un campo transversal e integrador en la Formaci\u00f3n docente inicial que conjugan  saberes, experiencias y habilitan la construcci\u00f3n  de aprendizajes en una relaci\u00f3n dial\u00e9ctica entre teor\u00eda y pr\u00e1ctica para fortalecer  el desarrollo del pensamiento cr\u00edtico y reflexivo.<\/p>\n        <\/div>\n        \n        <nav>\n            <section>\n              <img decoding=\"async\" src=\"https:\/\/abc2.abc.gob.ar\/sites\/default\/files\/foto_editada_1_0.jpg\" alt=\"imagen\" class=\"imagen1\">\n              \n                <div class=\"has-submenu\">\n                  \n                    <button>Documentos Pedag\u00f3gicos Did\u00e1cticos<\/button> \n                  \n                    <section class=\"submenu\">\n                      <ul>\n                        <li><a href=\"https:\/\/des-tuc.infd.edu.ar\/sitio\/wp-content\/uploads\/2026\/03\/Lineamientos-para-la-construccion-de-los-proyectos-de-los-Laboratorios-de-Practicas-2025-1-1-1-2-1-1.pdf\">Lineamientos para la construcci\u00f3n de los Proyecto del Laboratorio de Pr\u00e1cticas<\/a><\/li>\n                        <li><a href=\"https:\/\/des-tuc.infd.edu.ar\/sitio\/wp-content\/uploads\/2026\/03\/Estructura-del-Proyecto-del-Laboratorio-de-Practicas-2025-2-1-1-1-1.pdf\">Estructura del Proyecto del Laboratorio de Pr\u00e1cticas<\/a><\/li>\n                        <li><a href=\"https:\/\/des-tuc.infd.edu.ar\/sitio\/wp-content\/uploads\/2023\/03\/Suplemento-didactico-Propuestas-Transversales-para-el-aula-Equipo-Interdisciplinar.pdf\">Propuestas transversales para el aula<\/a><\/li>\n                        <li><a href=\"https:\/\/des-tuc.infd.edu.ar\/sitio\/wp-content\/uploads\/2023\/03\/Libro-Tutorias-entre-pares-Equipo-de-Practicas.pdf\">Las tutorias entre pares<\/a><\/li>\n                        <li><a href=\"https:\/\/des-tuc.infd.edu.ar\/sitio\/anexo-de-documentos-del-marco-orientador-2\/\">Anexo de documentos<\/a><\/li>\n                        <li><a href=\"https:\/\/des-tuc.infd.edu.ar\/sitio\/modelo-ficha-trayectoria-academica\/\">Modelo ficha de trayectoria acad\u00e9mica<\/a><\/li>\n                      <\/ul>\n                    <\/section>\n                <\/div>\n            <\/section>\n\n            <section>\n              <img decoding=\"async\" src=\"https:\/\/www.mundodeportivo.com\/urbantecno\/hero\/2022\/01\/explorador_archivos_destacada.jpg?width=1200\" alt=\"imagen\" class=\"imagen1\">\n                <div class=\"has-submenu\">\n                  <button>Documentos Normativos Vigentes<\/button>\n                  <section class=\"submenu\">\n                    <ul>\n                      <li><a href=\"https:\/\/des-tuc.infd.edu.ar\/sitio\/wp-content\/uploads\/2023\/05\/0422-MED-23-Condiciones-para-cursar-y-rendir-2023.pdf\">Resoluci\u00f3n N\u00ba 0422\/5 MEd 2023<\/a><\/li>\n                      <li><a href=\"https:\/\/drive.google.com\/file\/d\/1cxV7NLPHsWYdcbt-V9aNNL8w_pZRb8zd\/view\">Resoluci\u00f3n N\u00ba 1612\/5 (MEd) \u2013 2018<\/a><\/li>\n                    <\/ul>\n                  <\/section>\n                <\/div>\n            <\/section>\n            <section>\n              <img decoding=\"async\" src=\"https:\/\/quees.com.mx\/wp-content\/uploads\/2021\/09\/libros-informacion-referencias-bibliograficas.jpg\" alt=\"imagen\" class=\"imagen1\"> \n                <div class=\"has-submenu\">\n                  <button>Bibliograf\u00eda sugerida para pr\u00e1cticas<\/button>\n                  \n                  <section class=\"submenu\">\n                    <ul>\n                      <li><a href=\"https:\/\/des-tuc.infd.edu.ar\/sitio\/practicas-i\/\">Pr\u00e1ctica I<\/a><\/li>\n                      <li><a href=\"https:\/\/des-tuc.infd.edu.ar\/sitio\/practicas-ii\/\">Pr\u00e1ctica II<\/a><\/li>\n                      <li><a href=\"https:\/\/des-tuc.infd.edu.ar\/sitio\/practicas-iii\/\">Pr\u00e1ctica III<\/a><\/li>\n                      <li><a href=\"https:\/\/des-tuc.infd.edu.ar\/sitio\/practicas-iv\/\">Pr\u00e1ctica IV<\/a><\/li>                      \n                    <\/ul>\n                    \n                  <\/section>\n                <\/div>\n            <\/section>\n           \n          <\/nav>\n<!--\n         <section class=\"iconRepository\" id=\"repositorio1\">\n            <img decoding=\"async\" src=\"https:\/\/des-tuc.infd.edu.ar\/sitio\/wp-content\/uploads\/2023\/06\/repositorio-03.png\" alt=\"repositorio\">\n            <p>Repositorio de Pr\u00e1cticas Profesionales<\/p>\n         <\/section>\n-->\n    <\/section>\n\n\n\n<style>\n    *{\n  margin: 0px;\n  padding: 0px;\n  font-family: Arial, Helvetica, sans-serif;\n}\n.iconRepository {\n                display: flex;\n                flex-direction: row;\n                justify-content: center;\n                align-items: center;\n                margin: auto;\n                width: 10em;\n                height: 5em;\n                background: #e9e9e9;\n                border: 2px solid #ccc;\n                border-radius: 10px;\n                padding: 0.5em;\n                margin-bottom: 1.6em;\n                margin-top: -1em;\n                transition: transform 200ms ease-in-out;\n            }\n            .iconRepository:hover {\n                transform: scale(1.05);\n                cursor: pointer;\n                background: #4A86E8;\n                border: 3px solid black;\n            }\n              .iconRepository:hover p {\n                  color: aliceblue;\n              }\n                .iconRepository img {\n                    position: relative;\n                    width: 50%;\n                }\n                    .iconRepository p {\n                       font-size: 0.8em;\n                       text-align: center;\n                       position: relative;\n                       font-weight: bold;\n                    }\n.conteinerAll{\n  margin: 0 auto;\n  max-width: 1000px;\n  min-width: 300px;\n  display: flex;\n  flex-direction: column;\n  align-items: center;\n  justify-content: center;\n}\n      .conteinerAll .resenia {\n        display: flex;\n        flex-direction: column;\n        margin: 10px;\n      }\n        .resenia p {\n          margin: 1em 0px;\n          font-size: 1.2em;\n          font-family: 'Barlow Condensed', sans-serif;\n          text-align: center;\n        }\n          .resenia h3 {\n            font-size: 2.7em;\n            text-align: center;\n            margin-top: 0.4em;\n          }\n\n.has-submenu {\n  justify-content: center;\n  display: flex;\n  flex-direction: column;\n  justify-content: center;\n  align-items: center;\n}\n\nnav ul .has-submenu{\n  border: 1px solid #ccc;\n  background-color: #f9f9f9;\n  \n}\n\n  .has-submenu > button {\n    display: block;\n    padding: 10px;\n    color: #000000;\n    text-decoration: none;\n    background-color: #e9e9e9;\n    border: 1px solid #ccc;\n    text-align: center;\n    width: 100%;\n  }\n  \n  .has-submenu > button:hover {\n    background-color: #4A86E8;\n    color: aliceblue;\n    \n  }\n  \n  .submenu {\n    display: none;\n    justify-content: center;\n    width: 100%;\n    z-index: 1;\n    background-color: #f9f9f9;\n    border: 1px solid #ccc;\n    margin: 0;\n    width: 100%;\n    \n  }\n    .submenu ul {\n      display: flex;\n      flex-direction: column;\n      justify-content: center;\n      list-style: none;\n      border-top: none;\n      border-bottom: 1px solid #ccc;\n      margin: auto;\n      transition: all 300ms;\n    }\n      .submenu ul li{\n        padding: 10px 0px;\n        text-align: center;\n        margin: auto;\n        width: 100%;\n      }\n      .submenu ul li:hover {\n        background-color: #4A86E8;\n      }\n        .submenu ul li a {\n          text-decoration: none;\n          padding: 0px 5px;\n          color: black;\n          text-align: center;                  \n        }\n        .submenu ul li a:hover {\n          color: aliceblue;\n        }\n    \n  \n  \/* Agregar estilos para el men\u00fa vertical *\/\n  nav {\n    width: 80%;\n    margin: auto;\n    display: flex;\n    flex-direction: row;\n    justify-content: center;\n    margin-bottom: 3em;\n  }\n    nav section {\n      margin: 0em 0.4em;\n    }\n      \n\n  .imagen1 {\n    \/*max-width: 300px;*\/\n    height: 200px;\n    margin: auto;\n    aspect-ratio: 16 \/ 9;\n  }\n\/* Ac\u00e1 agrego lo que corresponde al padding que tiene por defecto la pagina de DESyA *\/\n\n#content.site-content{\n    padding: 0;\n}\n\/* Esto se coloca, para corregir los m\u00e1rgenes que tiene el men\u00fa superior de la p\u00e1gina*\/\n#site-navigation {\n  margin: 0;\n  margin: auto;\n  width: 100%;\n}\n\n  \n@media screen and (max-width: 750px){\n  nav{\n    flex-direction: column;\n  }\n  nav .submenu{\n    width: 100%;\n  }\n  nav > section {\n    display: flex;\n    flex-direction: column;\n    \n  }      \n  .has-submenu > a {\n    margin: 0.6em 0em 0 0;\n  }\n  .submenu {\n     margin: 0 0 0.5em 0;\n  }\n  .imagen1 {\n    margin: 0.5em 0 0 0;\n  }\n  .resenia h3 {\n     font-size: 2em;\n  }\n}\n<\/style>\n\n\n\n<script>\n  \/\/ Obtener todos los elementos del men\u00fa con submen\u00fas. El queryselectorall carga todo lo que est\u00e9 dentro de esa etiqueta\nconst menuItems = document.querySelectorAll(\".has-submenu\");\nconst linksMenu = document.querySelectorAll(\".submenu\");\n\n\/\/ Recorrer cada elemento del men\u00fa y agregar un event listener para el evento \"mouseover\"\nmenuItems.forEach((menuItem) => {\n  menuItem.addEventListener(\"mouseover\", () => {\n    const submenu = menuItem.querySelector(\".has-submenu button\");\n    const menu = menuItem.querySelector(\".submenu\")\n    \n    if (submenu) {\n      menu.style.display = \"block\";\n     \/\/con esto me aseguro que la ventana menu no se vaya lejos\n      \/\/menu.scrollIntoView();\n    }\n  });\n\n\n  \/\/ Agregar un event listener para el evento \"mouseout\"\n  menuItem.addEventListener(\"mouseout\", () => {\n    const submenu = menuItem.querySelector(\".submenu a\");\n    const menu = menuItem.querySelector(\".submenu\")\n    if (submenu) {\n      menu.style.display = \"none\";\n    }\n  });\n})\nconst repositorio = document.getElementById(\"repositorio1\").addEventListener('click', function (event) {\n    \n    window.location.href = \"https:\/\/des-tuc.infd.edu.ar\/sitio\/repositorio-de-practicas-profesionales\/\";\n    \n  })\n<\/script>\n","protected":false},"excerpt":{"rendered":"<p>Pr\u00e1cticas Profesionales PR\u00c1CTICAS PROFESIONALES Las Pr\u00e1cticas Profesionales son un campo transversal e integrador en la Formaci\u00f3n docente inicial que conjugan saberes, experiencias y habilitan la construcci\u00f3n de aprendizajes en una relaci\u00f3n dial\u00e9ctica entre teor\u00eda y pr\u00e1ctica para fortalecer el desarrollo del pensamiento cr\u00edtico y reflexivo. Documentos Pedag\u00f3gicos Did\u00e1cticos Lineamientos para la construcci\u00f3n de los Proyecto &#8230; <a title=\"Pr\u00e1cticas Profesionales\" class=\"read-more\" href=\"https:\/\/des-tuc.infd.edu.ar\/sitio\/practicas-profesionales-2\/\" aria-label=\"More on Pr\u00e1cticas Profesionales\">[+]<\/a><\/p>\n","protected":false},"author":408,"featured_media":0,"parent":0,"menu_order":0,"comment_status":"closed","ping_status":"closed","template":"","meta":[],"acf":[],"_links":{"self":[{"href":"https:\/\/des-tuc.infd.edu.ar\/sitio\/wp-json\/wp\/v2\/pages\/7780"}],"collection":[{"href":"https:\/\/des-tuc.infd.edu.ar\/sitio\/wp-json\/wp\/v2\/pages"}],"about":[{"href":"https:\/\/des-tuc.infd.edu.ar\/sitio\/wp-json\/wp\/v2\/types\/page"}],"author":[{"embeddable":true,"href":"https:\/\/des-tuc.infd.edu.ar\/sitio\/wp-json\/wp\/v2\/users\/408"}],"replies":[{"embeddable":true,"href":"https:\/\/des-tuc.infd.edu.ar\/sitio\/wp-json\/wp\/v2\/comments?post=7780"}],"version-history":[{"count":127,"href":"https:\/\/des-tuc.infd.edu.ar\/sitio\/wp-json\/wp\/v2\/pages\/7780\/revisions"}],"predecessor-version":[{"id":12670,"href":"https:\/\/des-tuc.infd.edu.ar\/sitio\/wp-json\/wp\/v2\/pages\/7780\/revisions\/12670"}],"wp:attachment":[{"href":"https:\/\/des-tuc.infd.edu.ar\/sitio\/wp-json\/wp\/v2\/media?parent=7780"}],"curies":[{"name":"wp","href":"https:\/\/api.w.org\/{rel}","templated":true}]}}