{"id":6024,"date":"2023-02-14T13:35:29","date_gmt":"2023-02-14T16:35:29","guid":{"rendered":"https:\/\/des-tuc.infd.edu.ar\/sitio\/?page_id=6024"},"modified":"2023-03-08T04:04:33","modified_gmt":"2023-03-08T07:04:33","slug":"eje-vida-institucional","status":"publish","type":"page","link":"https:\/\/des-tuc.infd.edu.ar\/sitio\/eje-vida-institucional\/","title":{"rendered":"EJE: Vida Institucional"},"content":{"rendered":"\n<div class=\"conteiner\">\n<!--\n        <div id=\"conteiner-charge\">\n            <div id=\"charge\"><\/div>\n            <div id=\"charge2\"><\/div>\n        <\/div>\n-->\n        <section class=\"banner\">\n            <img decoding=\"async\" src=\"https:\/\/des-tuc.infd.edu.ar\/sitio\/wp-content\/uploads\/2023\/02\/boton-largo-curso-introductorio-vida-Institucional.jpg\" alt=\"banner\">\n            \n        <\/section>\n\n        <section class=\"titulo1\">\n           <h2>MATERIAL DE SUGERENCIA <br> Eje: Vida Institucional<\/h2>\n           <p>El presente eje busca introducir a las\/os ingresantes en algunos aspectos de la cultura institucional educativa del nivel superior. Son aspectos que ata\u00f1en a sus derechos y deberes en tanto futuros estudiantes. Se abordan cuestiones vinculadas a: las pol\u00edticas estudiantiles (becas, centro de estudiantes); las normativas (RAI y RAM) y los dise\u00f1os curriculares.<\/p>\n        <\/section>\n        \n        <div class=\"video1\">\n            <iframe loading=\"lazy\" width=\"560\" height=\"315\" src=\"https:\/\/www.youtube.com\/embed\/rhp2QllUBUk\" title=\"YouTube video player\" frameborder=\"0\" allow=\"accelerometer; autoplay; clipboard-write; encrypted-media; gyroscope; picture-in-picture; web-share\" allowfullscreen=\"\"><\/iframe>\n        <\/div>\n        <div class=\"pdf1\">\n                <iframe src=\"https:\/\/des-tuc.infd.edu.ar\/sitio\/wp-content\/uploads\/2023\/02\/Eje-Vida-Institucional-2022-Actividades-sugeridas.pdf\" frameborder=\"0\" allowfullscreen=\"\"><\/iframe>\n        <\/div>\n        \n        <section class=\"titulo2\">\n            <h2>POL\u00cdTICAS ESTUDIANTILES<\/h2>\n        <\/section>\n        <div class=\"pdf2\">\n            <iframe src=\"https:\/\/des-tuc.infd.edu.ar\/sitio\/wp-content\/uploads\/2023\/02\/Eje-Vida-Institucional-Politicas-Estudiantiles.pdf\" frameborder=\"0\" allowfullscreen=\"\"><\/iframe>\n        <\/div>\n\n        <div class=\"link1\">\n            <a href=\"https:\/\/des-tuc.infd.edu.ar\/sitio\/politicas-estudiantiles-y-becas\/\">\n            <img decoding=\"async\" src=\"https:\/\/des-tuc.infd.edu.ar\/sitio\/wp-content\/uploads\/2022\/10\/politica-01.png\" alt=\"\">\n            <h3>Pol\u00edticas Estudiantiles y Becas<\/h3>    \n            <\/a>\n        <\/div>\n        <section class=\"titulo3\">\n            <h2>NORMATIVAS<\/h2>\n        <\/section>\n        <div class=\"pdf3\">\n            <iframe src=\"https:\/\/des-tuc.infd.edu.ar\/sitio\/wp-content\/uploads\/2023\/02\/Eje-Vida-Institucional-2022-Curso-introductorio.pdf\" frameborder=\"0\" allowfullscreen=\"\"><\/iframe>\n        <\/div>\n        <div class=\"link2\">\n           \n            <a href=\"https:\/\/des-tuc.infd.edu.ar\/sitio\/normativas\/juridiccionales\/\">\n                <img decoding=\"async\" src=\"https:\/\/des-tuc.infd.edu.ar\/sitio\/wp-content\/uploads\/2022\/10\/panificaciones-02.png\" alt=\"\">\n                <h3>Normativas del Nivel Superior<\/h3>\n            <\/a>\n        <\/div>\n        <section class=\"titulo4\">\n            <h2>DISE\u00d1O CURRICULAR<\/h2>\n        <\/section>\n        \n        <div class=\"link3\">\n            \n            <a href=\"https:\/\/des-tuc.infd.edu.ar\/sitio\/formacion-docente-2\/\">\n                <img decoding=\"async\" src=\"https:\/\/des-tuc.infd.edu.ar\/sitio\/wp-content\/uploads\/2022\/10\/65882.png\" alt=\"\">\n                <h3>Dise\u00f1os Curriculares de Formaci\u00f3n Docente<\/h3>\n            <\/a>\n        <\/div>\n        <div class=\"link4\">\n            \n            <a href=\"https:\/\/des-tuc.infd.edu.ar\/sitio\/correlatividades-de-las-carreras-de-formacion-docente\/\">\n                <img decoding=\"async\" src=\"https:\/\/des-tuc.infd.edu.ar\/sitio\/wp-content\/uploads\/2022\/10\/repositorio-02.png\" alt=\"\">\n                <h3>R\u00e9gimen de Correlatividades de Formaci\u00f3n Docente<\/h3>\n            <\/a>\n        <\/div>\n        <div class=\"link5\">\n            \n            <a href=\"https:\/\/des-tuc.infd.edu.ar\/sitio\/tecnico-profesional-version-2\/\">\n                <img decoding=\"async\" src=\"https:\/\/des-tuc.infd.edu.ar\/sitio\/wp-content\/uploads\/2022\/10\/tecnico-01.png\">\n                <h3>Dise\u00f1os Curriculares de Tecnicaturas<\/h3>\n            <\/a>\n        <\/div>\n        <section class=\"footer\">\n            <a href=\"https:\/\/des-tuc.infd.edu.ar\/sitio\/\">P\u00e1gina de DESyA<\/a>\n        <\/section>\n    <\/div>\n\n\n\n<style>\n* {\n    padding: 0px;\n    margin: 0px;\n    font-family:Arial, Helvetica, sans-serif;\n}\n\n\/* En este documento voy a trabajar con las propiedades del grid para maquetar la pagina *\/\n\n.conteiner {\n    max-width: 1000px;\n    min-width: 350px;\n    display: grid;\n    grid-template-columns: 50% 50%;\n    \/* margin: 10px; *\/\n    justify-content: center;\n    background-color: #29FFD5;\n    background-image: url(\"data:image\/svg+xml,%3Csvg xmlns='http:\/\/www.w3.org\/2000\/svg' width='100%25' height='100%25' viewBox='0 0 1200 800'%3E%3Cdefs%3E%3CradialGradient id='a' cx='0' cy='800' r='800' gradientUnits='userSpaceOnUse'%3E%3Cstop offset='0' stop-color='%233bf4ff'\/%3E%3Cstop offset='1' stop-color='%233bf4ff' stop-opacity='0'\/%3E%3C\/radialGradient%3E%3CradialGradient id='b' cx='1200' cy='800' r='800' gradientUnits='userSpaceOnUse'%3E%3Cstop offset='0' stop-color='%2363c5ff'\/%3E%3Cstop offset='1' stop-color='%2363c5ff' stop-opacity='0'\/%3E%3C\/radialGradient%3E%3CradialGradient id='c' cx='600' cy='0' r='600' gradientUnits='userSpaceOnUse'%3E%3Cstop offset='0' stop-color='%2376a9ff'\/%3E%3Cstop offset='1' stop-color='%2376a9ff' stop-opacity='0'\/%3E%3C\/radialGradient%3E%3CradialGradient id='d' cx='600' cy='800' r='600' gradientUnits='userSpaceOnUse'%3E%3Cstop offset='0' stop-color='%2329FFD5'\/%3E%3Cstop offset='1' stop-color='%2329FFD5' stop-opacity='0'\/%3E%3C\/radialGradient%3E%3CradialGradient id='e' cx='0' cy='0' r='800' gradientUnits='userSpaceOnUse'%3E%3Cstop offset='0' stop-color='%234DC8FF'\/%3E%3Cstop offset='1' stop-color='%234DC8FF' stop-opacity='0'\/%3E%3C\/radialGradient%3E%3CradialGradient id='f' cx='1200' cy='0' r='800' gradientUnits='userSpaceOnUse'%3E%3Cstop offset='0' stop-color='%239EA4FF'\/%3E%3Cstop offset='1' stop-color='%239EA4FF' stop-opacity='0'\/%3E%3C\/radialGradient%3E%3C\/defs%3E%3Crect fill='url(%23a)' width='1200' height='800'\/%3E%3Crect fill='url(%23b)' width='1200' height='800'\/%3E%3Crect fill='url(%23c)' width='1200' height='800'\/%3E%3Crect fill='url(%23d)' width='1200' height='800'\/%3E%3Crect fill='url(%23e)' width='1200' height='800'\/%3E%3Crect fill='url(%23f)' width='1200' height='800'\/%3E%3C\/svg%3E\");\n    background-attachment: fixed;\n    background-size: cover;\n\n}\n\n.banner,\n.titulo1,\n.titulo2,\n.titulo3,\n.titulo4,\n.footer {\n    grid-column: 1 \/ span 2;\n    \/* text-align: center; *\/\n}\n\n.titulo1 {\n    display: flex;\n    flex-direction: column;\n}\n\n.titulo2,\n.titulo3,\n.titulo4 {\n    display: flex;\n    align-items: center;\n    justify-content: center;\n    height: 4rem;\n    border-top: 2px solid black;\n    border-left: 2px solid black;\n    border-right: 2px solid black;\n}\n\n.titulo1,\n.titulo2,\n.titulo3,\n.titulo4 {\n     padding-bottom: 1em;\n}\n\n.banner {\n   min-width: 350px;\n}\n    .banner img {\n        width: 100%;\n        height: 100%;\n    }\n\n.titulo1,\n.titulo2,\n.titulo3,\n.titulo4 {\n    margin:0px 1em;\n}\n.titulo1 h2,\n.titulo2 h2,\n.titulo3 h2,\n.titulo4 h2 {\n    margin-top: 1em;\n    font-size: 2.1em;\n}\n\n.pdf1 {\n    padding: 10px;\n    padding-top: 2em;\n    border-right: 2px solid black;\n    margin: 0px 1em;\n    border-left: 2px solid black;\n    grid-column: 1 \/span 2;\n    display: flex;\n    align-items: center;\n}\n    .pdf1 iframe {\n        width: 80%;\n        height: 58rem;\n        margin: auto;\n    }\n\n.video1 {\n    padding: 10px;\n    padding-top: 1em;\n    \/* para centrarlo horizontalmente es necesario que le ponga el display flex al padre y luego aplicar align items *\/\n    display: flex;\n    align-items: center;\n    border-left: 2px solid black;\n    border-right: 2px solid black;\n    margin: 0px 1em;\n    border-top: 2px solid black;\n    grid-column: 1 \/span 2;\n}\n    .video1 iframe {\n        width: 80%;\n        aspect-ratio: 16 \/ 9;\n        margin: auto;\n        height: 100%;\n    }\n \n    .pdf1 {\n        border-bottom: 2px solid black;\n    }\n\n.pdf2 {\n    padding: 10px;\n    margin: 0px 1em;\n    grid-column: 1 \/ span 2;\n    display: flex;\n    aling-items: center;\n    \n}\n    .pdf2 iframe {\n        width: 80%;\n        height: 59rem;\n        margin: auto;\n    }\n        \n        .link1,\n        .link2 {\n            border-bottom: 2px solid black;\n        }\n            .pdf2 {\n                border-left: 2px solid black;\n                border-right: 2px solid black;\n            }\n                .link1 {\n                    border-right: 2px solid black;\n                    margin-right: 10px;\n                }\n                      .link1 {\n                           grid-column: 1 \/ span 2;\n                           margin: 0px 1em 2em 1em;\n                           padding: 1em 0px;\n                           border-left: 2px solid black; \n                      }\n\n\n\n.link1,\n.link2,\n.link3,\n.link4,\n.link5 {\n    display: flex;\n    justify-content: center;\n    align-items: center;\n}    \n    .link1 img,\n    .link2 img,\n    .link3 img,\n    .link4 img,\n    .link5 img {\n        width: 9rem;\n    }\n        .link1 a,\n        .link2 a,\n        .link3 a,\n        .link4 a,\n        .link5 a {\n            display: flex;\n            flex-direction: column;\n            align-items: center;\n            justify-content: center;\n        }\n\n.pdf3 {\n    padding: 10px;\n    margin: 0px 1em;\n    border-left: 2px solid black;\n    border-right: 2px solid black;\n    padding: 0px;\n    font-family:Arial, Helvetica, sans-serif;\n    display:flex;\n    aling-items: center;\n    grid-column: 1 \/ span 2;\n}\n\n    .pdf3 iframe {\n        width: 80%;\n        height: 60rem;\n        margin: auto;\n    }\n\n    .link1,\n    .link2,\n    .link3,\n    .link4,\n    .link5 {\n        flex-direction: column;   \n    }\n        .link1 a,\n        .link2 a,\n        .link3 a,\n        .link4 a,\n        .link5 a {\n            text-decoration: none;\n            color: black;\n            transition: transform 300ms;\n        }\n                .link1 a:hover,\n                .link2 a:hover,\n                .link3 a:hover,\n                .link4 a:hover,\n                .link5 a:hover {\n                    transform: scale(1.1);\n                }\n\n.link2 {\n    grid-column: 1 \/ span 2;\n    margin: 0em 1em 2em 1em;\n    padding-top: 1.5em;\n    border-right: 2px solid black;\n    border-left: 2px solid black;\n    \n}\n\n.link3 {\n    border-left: 2px solid black;\n    margin-left: 1em;\n}\n\n    .link3 h3,\n    .link4 h3 {\n        width: 20em;\n        margin-bottom: 20px;\n        text-align: center;\n    }\n\n.link4 {\n    border-right: 2px solid black;\n    margin: 0px 1em;\n}\n\n.link5 {\n    grid-column: 1 \/ 3;\n    border-bottom: 2px solid black;\n    border-left: 2px solid black;\n    border-right: 2px solid black;\n    padding-bottom: 10px;\n    margin: 0em 1em 2em 1em;\n    padding-top: 1em;\n}\n    .link5 h3,\n    .link1 h3,\n    .link2 h3 {\n        text-align: center;\n        width: 15em;\n        font-size: 1.5em;\n    }\n    .link3 h3,\n    .link4 h3 {\n         width: 15em;\n         font-size: 1.5em;\n    }\n\n.footer {\n    display: flex;\n    align-items: center;\n    justify-content: center;\n    height: 4rem;\n    background-color: #49CEF9;\n}\n    .footer a {\n        color: aliceblue;\n        display: flex;\n        align-items: center;\n        justify-content: center;\n        font-weight: bold;\n        font-size: 1.4em;\n    }\n\n.titulo1 {\n    display: flex;\n    justify-content: center;\n    align-items: center;\n    margin: 0px 0px 30px 0px;\n    height: 12rem;\n    padding: 15px;\n    background-color: #49CEF9;\n}\n    .titulo1 h2 {\n        font-size: 1.7em;\n        color: white;\n        text-align: center;\n    }\n         .titulo1 p {\n              text-align: center;\n         }\n        \n\n.titulo2 {\n    margin-top: 30px;\n}\n\n@media screen and (max-width: 750px){\n    \n    .video1,\n    .pdf1,\n    .pdf2,\n    .pdf3,\n    .link1,\n    .link2,\n    .link3,\n    .link4,\n    .link5 {\n        grid-column: 1 \/ span 2;\n    }   \n    .pdf1 iframe,\n    .pdf2 iframe,\n    .pdf3 iframe {\n        height: 12rem;\n    }\n    .titulo1 h2 {\n        \n        padding: 5px;\n    }\n    .titulo2 h2,\n    .titulo3 h2,\n    .titulo4 h2 {\n        font-size: 1.3rem;\n        margin: 15px;\n    }\n    .video1 {\n        border-bottom: none;\n        border-right: 2px solid black;\n    }\n  \n        .video1 iframe {\n            width: 100%;\n        } \n\n    .pdf1 {\n        border-left: 2px solid black;\n        \n    }\n    .pdf2,\n    .pdf3 {\n        border-bottom: none;\n        border-right: 2px solid black;\n        height: 13rem;\n    }\n    .link1 {\n        border-left: 2px solid black;\n        border-right: 2px solid black;\n        \n        padding-bottom: 20px;\n    }\n    \n    .link3 {\n        border-right: 2px solid black;\n        padding-bottom: 10px;\n    }\n    .link4 {\n        border-left: 2px solid black;\n        padding-bottom: 10px;\n    }\n    .link5 {\n        padding-bottom: 20px;\n    }\n\n    .link1 h3,\n    .link2 h3,\n    .link3 h3,\n    .link4 h3,\n    .link5 h3 {\n         font-size: 1.2em;\n    }\n\n        .link1 img,\n        .link2 img,\n        .link3 img,\n        .link4 img,\n        .link5 img {\n             width: 6em;\n        }\n\n    .footer h3{\n        font-size: 1.1em;\n    }\n\n    .pdf3 iframe {\n        width: 80%;\n        height: 15rem;\n        margin: auto;\n    }\n\n    .link1,\n    .link2,\n    .link3,\n    .link4,\n    .link5 {\n        flex-direction: column;   \n    }\n        .link1 a,\n        .link2 a,\n        .link3 a,\n        .link4 a,\n        .link5 a {\n            text-decoration: none;\n            color: black;\n            transition: transform 300ms;\n        }\n            \n                .link1 a:hover,\n                .link2 a:hover,\n                .link3 a:hover,\n                .link4 a:hover,\n                .link5 a:hover {\n                    transform: scale(1.1);\n                }\n.link3 {   \n    border-left: 2px solid black;\n    margin-right: 1em;\n}\n    .link3 h3,\n    .link4 h3 {\n        width: 20em;\n        margin-bottom: 20px;\n        text-align: center;\n    }\n\n.link4 {\n    border-right: 2px solid black;\n    \n}\n\n.link5 {\n    grid-column: 1 \/ 3;\n    border-bottom: 2px solid black;\n    border-left: 2px solid black;\n    border-right: 2px solid black;\n    padding-bottom: 10px;\n    margin-top: 0px;\n}\n    .link5 h3,\n    .link1 h3,\n    .link2 h3 {\n        text-align: center;\n        width: 15em;\n        font-size: 1.2em;\n    }\n    .link3 h3,\n    .link4 h3 {\n         width: 15em;\n         font-size: 1.2em;\n    }\n        \n\n.footer {\n    display: flex;\n    align-items: center;\n    justify-content: center;\n    height: 4rem;\n}\n    .footer a {\n        color: aliceblue;\n        display: flex;\n        align-items: center;\n        justify-content: center;\n        font-weight: bold;\n        font-size: 1.4em;\n    }\n\n.titulo1 {\n    display: flex;\n    justify-content: center;\n    align-items: center;\n    margin: 0px 0px 30px 0px;\n    height: 15rem;\n    padding: 15px;\n    background-color: #49CEF9;\n}\n    .titulo1 h2 {\n        font-size: 1.2em;\n        color: white;\n        text-align: center;\n    }\n         .titulo1 p {\n              text-align: center;\n              font-size: 0.9em;\n         }\n        \n\n.titulo2 {\n    margin-top: 30px;\n}\n\n\/* Esto se lo hace para sacar el margen que viene por defecto en wordpress *\/\n#content {\n    padding: 0px;\n}\n\n<\/style>\n\n\n\n<script>\nconst scrollear = window.scrollY\n\nif (scrollear > 0){\n    window.scroll({\n        top: 0,\n        left: 0,\n        behavior: \"smooth\"\n    })\n}\n\n\nwindow.onload = function(){\n    \n    let conteiner = document.getElementById(\"conteiner-charge\")\n\n    conteiner.style.visibility = \"hidden\"\n    conteiner.style.opacity = \"0\"\n}\n<\/script>\n","protected":false},"excerpt":{"rendered":"<p>MATERIAL DE SUGERENCIA Eje: Vida Institucional El presente eje busca introducir a las\/os ingresantes en algunos aspectos de la cultura institucional educativa del nivel superior. Son aspectos que ata\u00f1en a sus derechos y deberes en tanto futuros estudiantes. Se abordan cuestiones vinculadas a: las pol\u00edticas estudiantiles (becas, centro de estudiantes); las normativas (RAI y RAM) &#8230; <a title=\"EJE: Vida Institucional\" class=\"read-more\" href=\"https:\/\/des-tuc.infd.edu.ar\/sitio\/eje-vida-institucional\/\" aria-label=\"More on EJE: Vida Institucional\">[+]<\/a><\/p>\n","protected":false},"author":408,"featured_media":0,"parent":0,"menu_order":0,"comment_status":"closed","ping_status":"closed","template":"","meta":[],"acf":[],"_links":{"self":[{"href":"https:\/\/des-tuc.infd.edu.ar\/sitio\/wp-json\/wp\/v2\/pages\/6024"}],"collection":[{"href":"https:\/\/des-tuc.infd.edu.ar\/sitio\/wp-json\/wp\/v2\/pages"}],"about":[{"href":"https:\/\/des-tuc.infd.edu.ar\/sitio\/wp-json\/wp\/v2\/types\/page"}],"author":[{"embeddable":true,"href":"https:\/\/des-tuc.infd.edu.ar\/sitio\/wp-json\/wp\/v2\/users\/408"}],"replies":[{"embeddable":true,"href":"https:\/\/des-tuc.infd.edu.ar\/sitio\/wp-json\/wp\/v2\/comments?post=6024"}],"version-history":[{"count":78,"href":"https:\/\/des-tuc.infd.edu.ar\/sitio\/wp-json\/wp\/v2\/pages\/6024\/revisions"}],"predecessor-version":[{"id":7074,"href":"https:\/\/des-tuc.infd.edu.ar\/sitio\/wp-json\/wp\/v2\/pages\/6024\/revisions\/7074"}],"wp:attachment":[{"href":"https:\/\/des-tuc.infd.edu.ar\/sitio\/wp-json\/wp\/v2\/media?parent=6024"}],"curies":[{"name":"wp","href":"https:\/\/api.w.org\/{rel}","templated":true}]}}