{"id":6008,"date":"2023-02-14T13:04:01","date_gmt":"2023-02-14T16:04:01","guid":{"rendered":"https:\/\/des-tuc.infd.edu.ar\/sitio\/?page_id=6008"},"modified":"2023-03-08T10:05:48","modified_gmt":"2023-03-08T13:05:48","slug":"eje-conocimiento-cientifico","status":"publish","type":"page","link":"https:\/\/des-tuc.infd.edu.ar\/sitio\/eje-conocimiento-cientifico\/","title":{"rendered":"EJE: Conocimiento Cient\u00edfico"},"content":{"rendered":"\n<section class=\"conteiner\">\n<!-- \n        <div id=\"conteiner-charge\">\n            <div id=\"charge\"><\/div>\n            <div id=\"charge2\"><\/div>\n        <\/div>\n-->\n        <img decoding=\"async\" src=\"https:\/\/des-tuc.infd.edu.ar\/sitio\/wp-content\/uploads\/2023\/02\/boton-largo-curso-introductorio-conocimiento-cientifico.jpg\" class=\"banner-superior\" alt=\"banner-seccion\">\n\n        <div class=\"title\">\n            <h4><strong>MATERIAL DE SUGERENCIA<\/strong> <\/br> Eje: Conocimiento Cient\u00edfico<\/h4>\n            <p>Este eje se incluye con el objetivo de dejar de manifiesto que existen diversos tipos de conocimiento, entre los que se \ndestaca el conocimiento cient\u00edfico que tiene una amplia circulaci\u00f3n en nuestras aulas. Se trata de un tipo de conocimiento riguroso, met\u00f3dico y fundamentado que adem\u00e1s de permitirnos complejizar y cuestionarnos sobre nuestro entorno, nos invita a poner en duda nuestros prejuicios y preconceptos y nos ayuda a posicionarnos de manera cr\u00edtica ante la realidad.<\/p>\n        <\/div>\n        \n        <section class=\"part1\">\n            <section class=\"video\">\n                <iframe src=\"https:\/\/www.youtube.com\/embed\/4Ix-dVK-67w\" title=\"YouTube video player\" frameborder=\"0\" allow=\"accelerometer; autoplay; clipboard-write; encrypted-media; gyroscope; picture-in-picture; web-share\" allowfullscreen=\"\"><\/iframe>\n                <p>Fragmento de la entrevista realizada a la <strong>Dra. Virginia Abdala<\/strong><\/p> \n                <p><em>Doctora en Ciencias Biol\u00f3gicas. Profesora en la Facultad de Ciencias Naturales e IML de UNT. Investigadora Principal de CONICET en el IBN.<\/em><\/p> \n            <\/section>\n\n            <section class=\"pdf1\">\n                <iframe src=\"https:\/\/des-tuc.infd.edu.ar\/sitio\/wp-content\/uploads\/2023\/02\/Conocimiento-cientifico-2022-1.pdf\" text=\"application\/pdf\" frameborder=\"0\" allowfullscreen=\"\"><\/iframe>\n                <p><strong>Texto de divulgaci\u00f3n cient\u00edfica:<\/strong> para pensar el qu\u00e9, el c\u00f3mo y el qui\u00e9n.<\/p>\n            <\/section>\n        <\/section>\n        \n        <div class=\"enlace\">\n            <h3>Para ver la entrevista completa a la Dra. Virginia Abdala <a href=\"https:\/\/www.youtube.com\/watch?v=_NydXyw8vUw&amp;list=PLzCkOsBWg6ou_A3ZhiwlKvKFJUoYTvPF-\">Ingres\u00e1 Ac\u00e1<\/a><\/h3>\n        <\/div>\n       \n        <section class=\"part2\">\n              <section class=\"video2\">\n                <div>\n                <iframe src=\"https:\/\/www.youtube.com\/embed\/LFB9WJeBCdA\" title=\"YouTube video player\" frameborder=\"0\" allow=\"accelerometer; autoplay; clipboard-write; encrypted-media; gyroscope; picture-in-picture\" allowfullscreen=\"\"><\/iframe>\n                <\/div>\n                <p class=\"pdf\"><strong>\u00abPreguntas para pensar\u00bb<\/strong> fragmento de charla TDEx R\u00edo de la Plata, <em>de Melina Furman (Buenos Aires, Abril de 2015)<\/em><\/p>\n              <\/section> \n            <section class=\"pdf2\">\n                <iframe src=\"https:\/\/des-tuc.infd.edu.ar\/sitio\/wp-content\/uploads\/2023\/02\/Eje-Conocimiento-Cientifico-Texto-litearario.pdf\" text=\"application\/pdf\" frameborder=\"0\" class=\"pdf\" allowfullscreen=\"\"><\/iframe>\n                <p class=\"pdf\">:<strong>Texto Literario (selecci\u00f3n de fragmentos)<\/strong> \u00abUno y el Universo\u00bb de Ernesto S\u00e1bato<\/p>\n            <\/section>\n             <section class=\"pdf3\">\n            <iframe src=\"https:\/\/des-tuc.infd.edu.ar\/sitio\/wp-content\/uploads\/2023\/02\/Eje-Conocmiento-Cientifico-Actividades.pdf\" text=\"application\/pdf\" frameborder=\"0\" class=\"pdf\" allowfullscreen=\"\"><\/iframe>\n            <h3 class=\"pdf\">Actividades sugeridas para las propuestas audiovisuales<\/h3>\n            <\/section>     \n        <\/section>\n       \n       <section class=\"footer\">\n            <a href=\"#\">https:\/\/des-tuc.infd.edu.ar\/sitio\/<\/a>\n       <\/section>\n       \n    <\/section>\n\n\n\n<style>\n* {\n    margin: 0px;\n    padding: 0px;\n    font-family:Arial, Helvetica, sans-serif;\n}\n\n.banner-superior {\n    margin: 0px 0px 10px 0px;\n}\n\n.conteiner {\n    display: flex;\n    flex-direction: column;\n    width: 100vw;\n    max-width: 1000px;\n    background-color: #FFFDFD;\nbackground-image: url(\"data:image\/svg+xml,%3Csvg xmlns='http:\/\/www.w3.org\/2000\/svg' width='100%25' height='100%25' viewBox='0 0 1200 800'%3E%3Cdefs%3E%3CradialGradient id='a' cx='0' cy='800' r='800' gradientUnits='userSpaceOnUse'%3E%3Cstop offset='0' stop-color='%23f0b1ff'\/%3E%3Cstop offset='1' stop-color='%23f0b1ff' stop-opacity='0'\/%3E%3C\/radialGradient%3E%3CradialGradient id='b' cx='1200' cy='800' r='800' gradientUnits='userSpaceOnUse'%3E%3Cstop offset='0' stop-color='%23ecd7ff'\/%3E%3Cstop offset='1' stop-color='%23ecd7ff' stop-opacity='0'\/%3E%3C\/radialGradient%3E%3CradialGradient id='c' cx='600' cy='0' r='600' gradientUnits='userSpaceOnUse'%3E%3Cstop offset='0' stop-color='%238ad8ff'\/%3E%3Cstop offset='1' stop-color='%238ad8ff' stop-opacity='0'\/%3E%3C\/radialGradient%3E%3CradialGradient id='d' cx='600' cy='800' r='600' gradientUnits='userSpaceOnUse'%3E%3Cstop offset='0' stop-color='%23FFFDFD'\/%3E%3Cstop offset='1' stop-color='%23FFFDFD' stop-opacity='0'\/%3E%3C\/radialGradient%3E%3CradialGradient id='e' cx='0' cy='0' r='800' gradientUnits='userSpaceOnUse'%3E%3Cstop offset='0' stop-color='%23659FFF'\/%3E%3Cstop offset='1' stop-color='%23659FFF' stop-opacity='0'\/%3E%3C\/radialGradient%3E%3CradialGradient id='f' cx='1200' cy='0' r='800' gradientUnits='userSpaceOnUse'%3E%3Cstop offset='0' stop-color='%23B0FBFF'\/%3E%3Cstop offset='1' stop-color='%23B0FBFF' stop-opacity='0'\/%3E%3C\/radialGradient%3E%3C\/defs%3E%3Crect fill='url(%23a)' width='1200' height='800'\/%3E%3Crect fill='url(%23b)' width='1200' height='800'\/%3E%3Crect fill='url(%23c)' width='1200' height='800'\/%3E%3Crect fill='url(%23d)' width='1200' height='800'\/%3E%3Crect fill='url(%23e)' width='1200' height='800'\/%3E%3Crect fill='url(%23f)' width='1200' height='800'\/%3E%3C\/svg%3E\");\nbackground-attachment: fixed;\nbackground-size: cover;\n    margin: auto;\n    \n}    \n\n.title {\n    display: flex;\n    flex-direction: column;\n    justify-content: center;\n    align-items: center;\n    background-color: #5271FF;\n    padding: 1rem;\n    justify-content: center;\n    margin: -0.6rem 0rem 2rem 0rem;\n}\n    .title p {\n        text-align: center;\n        font-size: 1em;\n        margin: 0.6em;\n        color: aliceblue;  \n             \n    }   \n        .title h4{\n            color: beige;\n            font-size: 1.6rem;\n            text-align: center;\n        }\n\n.part1 {\n    display: flex;\n    flex-direction: column;\n    width: 100%;\n    justify-content: center;\n}\n\n.video {\n    width: 100%;\n    margin: 0.5rem;\n}\n    .video iframe {\n        width: 80%;\n        min-width: 300px;\n        margin-left: 6rem;\n        aspect-ratio: 16 \/ 9;\n    }\n        \/* .video h4 {\n            font-size: 1.1rem;\n            margin: 10px;\n        } *\/\n            .video p {\n                font-size: 1.15rem;\n                margin: 10px;\n                text-align: center;\n            }\n\n.enlace {\n    padding: 1rem;\n    background-color: #5271FF;\n}\n    .enlace a {\n        color: black;\n    }\n        .enlace h3 {\n            color: beige;\n            font-size: 1.4rem;\n            text-align: center;\n        }\n\n.pdf1 {\n    width: 100%;\n    margin: 0.5rem;\n    display: flex;\n    flex-direction: column;\n    justify-content: center;\n}   \n    .pdf1 iframe {\n        width: 60%;\n        height: 44rem;\n        margin: auto;\n    }\n        .pdf1 p {\n            font-size: 1.1rem;\n            margin: 10px;\n            text-align: center; \n        }\n\n.part2 {\n    display: grid;\n    grid-template-columns: 50% 50%; \n    margin: 10px;\n}\n    .pdf2 {\n        width: 30rem;\n        \n        grid-column: 1  \/ 2;\n    }\n        .pdf2 iframe{\n            width: 80%;\n            height: 46rem;\n            margin: 0.5rem;\n        }\n            .pdf2 p {\n                margin: 10px;\n                text-align: center;\n                \n            }\n\n.pdf3 {\n    width: 30rem;\n    \n    grid-column: 2  \/ 3;\n}\n    .pdf3 iframe{\n        width: 100%;\n        height: 46rem;\n        margin: 0.5rem;\n    }\n        .pdf3 h3 {\n            margin: 10px;\n            text-align: center;\n            font-size: 1.1em;\n        }\n        \n.video2 {\n    display: flex;\n    flex-direction: column; \n    width: 100%;\n    margin: 10px;\n    grid-column: 1 \/ span 2;\n}    \n    .video2 iframe {\n            width: 90%;\n            aspect-ratio: 16\/9;\n            margin-left: 2.5em;\n        }\n            .video2 p {\n                margin: 10px;\n                text-align: center;\n            }\n\n.footer {\n    margin-top: 10px;\n    padding: 20px;\n    text-align: center;\n    background-color: #5271FF;\n}\n    .footer a {\n        color: beige;\n        font-size: 1.5rem;\n    }\n#content{\n    padding: 0px;\n}\n\/* Esta es la parte de lo que aparece cuando carga la pagina *\/\n    \n     #conteiner-charge {\n        background-color: aliceblue;\n        height: 100%;\n        width: 100%;\n        position: fixed;\n        -webkit-transition: all 1s ease;\n        -o-transition: all 1s ease;\n        transition: all 1s ease;\n        z-index: 1000;\n        position: absolute;\n        top: 0;\n        right: 0;\n        left: 0;\n        bottom: 0;\n    }  \n\n    #charge {\n        border: 15px solid #c4c2d200;\n        border-top-color: #2f71c2;\n        border-top-style: inset; \n        height: 60px;\n        width: 60px;\n        border-radius: 100%;\n        position: absolute;\n        top: 0;\n        left: 0;\n        bottom: 0;\n        right: 0;\n        margin: auto;\n    \n        -webkit-animation: girar 1.5s linear infinite;\n        -o-animation: girar 1.5s linear infinite;\n        animation: girar 1.5s linear infinite;\n    }\n\n    #charge2 {\n        border: 15px solid #c4c2d200;\n        border-top-color: #2f71c2;\n        border-top-style: inset; \n        height: 100px;\n        width: 100px;\n        border-radius: 100%;\n        position: absolute;\n        top: 0;\n        left: 0;\n        bottom: 0;\n        right: 0;\n        margin: auto;\n    \n        -webkit-animation: rotar 1.5s linear infinite;\n        -o-animation: rotar 1.5s linear infinite;\n        animation: rotar 1.5s linear infinite;\n    }\n    \n    @keyframes girar {\n        from {transform: rotate(0deg);}\n        to {transform: rotate(360deg);}\n    }\n    @keyframes rotar {\n        from {transform: rotate(360deg);}\n        to {transform: rotate(0deg);}\n    }\n   \n    \/*Aca va todo lo que corresponde a la vista movil*\/\n\n@media screen and (max-width: 500px) {\n    #content {\n        padding: 0px;\n    }\n    .title h3,\n    .title p{\n        font-size: 1.2rem;\n    }\n    .part1 {\n        flex-direction: column;\n        justify-content: center;\n        width: 100wv;\n    }\n\n     .video iframe{\n         width: 95%; \n         margin-left: 0px;\n     }\n        \n        .part1 .pdf1 {\n            width: 90%;\n            margin: auto;\n        }\n    .video h4,\n    .video p,\n    .pdf1 h4{\n        font-size: 1rem;\n    }\n        .pdf1 p{\n            text-align: center;\n            margin-bottom: 0.7em;\n        }\n\n    .part2 {\n        margin: 0px;\n        display: flex;\n        flex-direction: column;\n        justify-content: center;\n    }\n.pdf2 {\n    margin: auto;\n    display: flex;\n    flex-direction: column;\n    justify-content: center;\n}\n        .part2 .video2,\n        .part2 .pdf2,\n        .part2 .pdf3 {\n            width: 95vw;\n            grid-column: 1 \/ span 2;\n        }\n\n.video2 iframe,\n.pdf2 iframe,\n.pdf3 iframe {\n    width: 100%;\n    padding-top: 20px;\n}\n            .pdf2 h3,\n            .video2 h3,\n            .pdf3 h3 {\n                font-size: 1rem;\n                text-align: center;\n            }\n    .pdf3 {\n        width: 95vw;\n        margin: auto;\n        display: flex;\n        flex-direction: column;\n        justify-content: center;\n    }    \n    .video2 iframe,\n    .pdf2 iframe {\n        margin: 0px;\n    }\n\n    .pdf1 iframe,\n    .pdf2 iframe,\n    .pdf3 iframe{\n         width:80%;\n         height: 15em;\n         margin: auto;\n         \n    }\n    \n    .enlace h3{\n        font-size: 1.1rem;\n    }\n.title p {\n       font-size: 0.9rem;      \n    }   \n        .title h4{\n            color: beige;\n            font-size: 1.2rem;\n            text-align: center;\n        }\n\n}    \n\n<\/style>\n\n\n\n<script>\nconst scrollear = window.scrollY\n\nif (scrollear > 0){\n    window.scroll({\n        top: 0,\n        left: 0,\n        behavior: \"smooth\"\n    })\n}\n\n\nwindow.onload = function(){\n    \n    let conteiner = document.getElementById(\"conteiner-charge\")\n\n    conteiner.style.visibility = \"hidden\"\n    conteiner.style.opacity = \"0\"\n}\n<\/script>\n","protected":false},"excerpt":{"rendered":"<p>MATERIAL DE SUGERENCIA Eje: Conocimiento Cient\u00edfico Este eje se incluye con el objetivo de dejar de manifiesto que existen diversos tipos de conocimiento, entre los que se destaca el conocimiento cient\u00edfico que tiene una amplia circulaci\u00f3n en nuestras aulas. Se trata de un tipo de conocimiento riguroso, met\u00f3dico y fundamentado que adem\u00e1s de permitirnos complejizar &#8230; <a title=\"EJE: Conocimiento Cient\u00edfico\" class=\"read-more\" href=\"https:\/\/des-tuc.infd.edu.ar\/sitio\/eje-conocimiento-cientifico\/\" aria-label=\"More on EJE: Conocimiento Cient\u00edfico\">[+]<\/a><\/p>\n","protected":false},"author":408,"featured_media":0,"parent":0,"menu_order":0,"comment_status":"closed","ping_status":"closed","template":"","meta":[],"acf":[],"_links":{"self":[{"href":"https:\/\/des-tuc.infd.edu.ar\/sitio\/wp-json\/wp\/v2\/pages\/6008"}],"collection":[{"href":"https:\/\/des-tuc.infd.edu.ar\/sitio\/wp-json\/wp\/v2\/pages"}],"about":[{"href":"https:\/\/des-tuc.infd.edu.ar\/sitio\/wp-json\/wp\/v2\/types\/page"}],"author":[{"embeddable":true,"href":"https:\/\/des-tuc.infd.edu.ar\/sitio\/wp-json\/wp\/v2\/users\/408"}],"replies":[{"embeddable":true,"href":"https:\/\/des-tuc.infd.edu.ar\/sitio\/wp-json\/wp\/v2\/comments?post=6008"}],"version-history":[{"count":39,"href":"https:\/\/des-tuc.infd.edu.ar\/sitio\/wp-json\/wp\/v2\/pages\/6008\/revisions"}],"predecessor-version":[{"id":7077,"href":"https:\/\/des-tuc.infd.edu.ar\/sitio\/wp-json\/wp\/v2\/pages\/6008\/revisions\/7077"}],"wp:attachment":[{"href":"https:\/\/des-tuc.infd.edu.ar\/sitio\/wp-json\/wp\/v2\/media?parent=6008"}],"curies":[{"name":"wp","href":"https:\/\/api.w.org\/{rel}","templated":true}]}}