{"id":5950,"date":"2023-02-14T12:52:00","date_gmt":"2023-02-14T15:52:00","guid":{"rendered":"https:\/\/des-tuc.infd.edu.ar\/sitio\/?page_id=5950"},"modified":"2023-04-10T17:28:13","modified_gmt":"2023-04-10T20:28:13","slug":"curso-introductorio-2023","status":"publish","type":"page","link":"https:\/\/des-tuc.infd.edu.ar\/sitio\/curso-introductorio-2023\/","title":{"rendered":"Curso Introductorio 2023"},"content":{"rendered":"\n<div id=\"contenedor-limite\">\n<!-- -->\n        <div id=\"conteiner-charge\">\n            <div id=\"charge\"><\/div>\n            <div id=\"charge2\"><\/div>\n        <\/div>\n\n        <section class=\"contenedor-banner\">\n            <img decoding=\"async\" src=\"https:\/\/des-tuc.infd.edu.ar\/sitio\/wp-content\/uploads\/2023\/02\/Banner-Curso-Introductorio-9020x600-1.png\" alt=\"fotobanner\">\n        <\/section>\n\n        <section class=\"contenedor-arriba\">\n            \n            <iframe loading=\"lazy\" width=\"560\" height=\"315\" src=\"https:\/\/www.youtube.com\/embed\/We-8WBtZ-hk\" title=\"YouTube video player\" frameborder=\"0\" allow=\"accelerometer; autoplay; clipboard-write; encrypted-media; gyroscope; picture-in-picture; web-share\" allowfullscreen=\"\"><\/iframe>\n\n            <div class=\"columna-derecha\">\n                <div class=\"barra\">\n                    <h3>BECAS<\/h3>\n                    <h2><a href=\"https:\/\/des-tuc.infd.edu.ar\/sitio\/becas-progresar-para-nivel-superior-se-renueva-la-inscripcion\/\">Requisitos Beca Progresar 2023<\/a><\/h2>\n                    <p><\/p>   \n                <\/div>\n                <div class=\"barra\">\n                    <h3>ESTUDIANTES<\/h3>\n                    <h2><a href=\"https:\/\/des-tuc.infd.edu.ar\/sitio\/los-centros-de-estudiantes-en-nivel-superior-ya-funcionan-a-pleno\/\">Los Centros de Estudiantes en Nivel Superior ya Funcionan a Pleno<\/a><\/h2>\n                    <p><\/p>   \n                <\/div>\n                <div class=\"barra\">\n                    <h3>INSTITUCIONAL<\/h3>\n                    <h2><a href=\"https:\/\/des-tuc.infd.edu.ar\/sitio\/la-desya-al-lado-de-los-estudiantes-camino-al-egreso\/\">DESyA al Lado de Los Estudiantes: Camino al egreso<\/a><\/h2>\n                    <p><\/p>   \n                <\/div>\n            <\/div> \n        <\/section>\n\n        <section class=\"contenedor-medio\">\n            <img decoding=\"async\" src=\"https:\/\/des-tuc.infd.edu.ar\/sitio\/wp-content\/uploads\/2023\/02\/Banner-informativo-Curso-Introductorio.png\" alt=\"BannerExplicativo\" class=\"banner-explication\">\n\n            <a href=\"https:\/\/des-tuc.infd.edu.ar\/sitio\/eje-conocimiento-cientifico\/&quot;\">\n                <div class=\"fotoNota\">\n                    <img decoding=\"async\" src=\"https:\/\/des-tuc.infd.edu.ar\/sitio\/wp-content\/uploads\/2023\/02\/boton-cuadrado-curso-introductorio-conocimiento-cientifico.png\" alt=\"logo1\" id=\"nota1\">\n                    <h3>Conocimiento Cient\u00edfico<\/h3>\n                <\/div>\n            <\/a>\n             <a href=\"https:\/\/des-tuc.infd.edu.ar\/sitio\/eje-problemas-sociales-contemporaneos\/\">\n                <div class=\"fotoNota\">\n                    <img decoding=\"async\" src=\"https:\/\/des-tuc.infd.edu.ar\/sitio\/wp-content\/uploads\/2023\/02\/boton-cuadrado-curso-introductorio-vida-institucional.png\" alt=\"logo3\" id=\"nota3\">\n                    <h3>Problem\u00e1ticas Sociales Contempor\u00e1neas<\/h3>\n                <\/div>\n            <\/a>\n            <a href=\"https:\/\/des-tuc.infd.edu.ar\/sitio\/eje-estrategias-para-el-aprendizaje\/\">\n                <div class=\"fotoNota\">\n                    <img decoding=\"async\" src=\"https:\/\/des-tuc.infd.edu.ar\/sitio\/wp-content\/uploads\/2023\/02\/boton-cuadrado-curso-introductorio-estrategias-aprendizaje.png\" alt=\"logo4\" id=\"nota4\">\n                    <h3>Estrategias para el Aprendizaje<\/h3>\n                <\/div>\n            <\/a>\n           \n            <a href=\"https:\/\/des-tuc.infd.edu.ar\/sitio\/eje-vida-institucional\/\">\n                <div class=\"fotoNota\">\n                    <img decoding=\"async\" src=\"https:\/\/des-tuc.infd.edu.ar\/sitio\/wp-content\/uploads\/2023\/02\/boton-cuadrado-curso-introductorio-problematicas-sociales.png\" alt=\"logo2\" id=\"nota2\">\n                    <h3>Vida Institucional<\/h3>\n                <\/div>\n            <\/a>\n        <\/section>\n        \n        <a href=\"https:\/\/forms.gle\/7nHf7thQJYUYaB7F6\" class=\"links\" target=\"_blank\" rel=\"noopener\">\n            <section class=\"contenedor-medio2\">\n                <svg xmlns=\"http:\/\/www.w3.org\/2000\/svg\" viewBox=\"0 0 448 512\" class=\"icono\"><path d=\"M96 0C43 0 0 43 0 96V416c0 53 43 96 96 96H384h32c17.7 0 32-14.3 32-32s-14.3-32-32-32V384c17.7 0 32-14.3 32-32V32c0-17.7-14.3-32-32-32H384 96zm0 384H352v64H96c-17.7 0-32-14.3-32-32s14.3-32 32-32zm32-240c0-8.8 7.2-16 16-16H336c8.8 0 16 7.2 16 16s-7.2 16-16 16H144c-8.8 0-16-7.2-16-16zm16 48H336c8.8 0 16 7.2 16 16s-7.2 16-16 16H144c-8.8 0-16-7.2-16-16s7.2-16 16-16z\"><\/path><\/svg>\n                <h3>Encuesta para Estudiantes<\/h3>\n                <p>La encuesta busca conocer la recepci\u00f3n del Curso Introductorio\u00a02023<\/p>\n                \n                <div class=\"fondo-contenedor\" id=\"buttonLink\"><\/div>\n            \n            <\/section>\n        <\/a>\n        \n\n        <section class=\"contenedor-abajo\">\n            <h2>Implementaci\u00f3n del Curso Introductorio 2023<\/h2>\n <p>Entre el lunes 20 de marzo y el viernes 7 de abril del corriente a\u00f1o, los Institutos de Ense\u00f1anza Superior de la provincia desarrollar\u00e1n una nueva edici\u00f3n del Curso Introductorio para ingresantes a carreras de Formaci\u00f3n Docente y Tecnicaturas, dise\u00f1ado por la Direcci\u00f3n de Educaci\u00f3n Superior y Art\u00edstica.<\/p><br>\n            \n<img decoding=\"async\" src=\"https:\/\/des-tuc.infd.edu.ar\/sitio\/wp-content\/uploads\/2023\/02\/Portada-para-Facebook-2-1.jpg\" alt=\"foto4\" id=\"nota5\">\n\n<p>El Curso Introductorio constituye un espacio que tiene por finalidad ser el punto de partida en el acompa\u00f1amiento brindado hacia los estudiantes que inician su trayectoria en el Nivel Superior no universitario, mediante actividades que propician el abordaje de tem\u00e1ticas actuales de relevancia y transversales a toda carrera.<\/p>\n            <a href=\"https:\/\/des-tuc.infd.edu.ar\/sitio\/la-desya-prepara-el-curso-introductorio-2023\/\">\n                <div class=\"boton\">\n                    <p>Saber m\u00e1s<\/p>\n                <\/div>\n            <\/a>\n        <\/section>\n\n    <\/div>\n\n\n\n<style>\n   * {\n    padding: 0px;\n    margin: 0px;\n    font-family: 'Lucida Sans', 'Lucida Sans Regular', 'Lucida Grande', 'Lucida Sans Unicode', Geneva, Verdana, sans-serif;\n}\n\n#contenedor-limite {\n    max-width: 1000px;\n    min-width: 300px;\n    display: flex;\n    flex-direction: column;\n    align-content: center;\n    justify-content: center;\n    margin: auto;\n    background-color: #68B4FF;\nbackground-image: url(\"data:image\/svg+xml,%3Csvg xmlns='http:\/\/www.w3.org\/2000\/svg' width='100%25' height='100%25' viewBox='0 0 1200 800'%3E%3Cdefs%3E%3CradialGradient id='a' cx='0' cy='800' r='800' gradientUnits='userSpaceOnUse'%3E%3Cstop offset='0' stop-color='%237adcff'\/%3E%3Cstop offset='1' stop-color='%237adcff' stop-opacity='0'\/%3E%3C\/radialGradient%3E%3CradialGradient id='b' cx='1200' cy='800' r='800' gradientUnits='userSpaceOnUse'%3E%3Cstop offset='0' stop-color='%2396a1ff'\/%3E%3Cstop offset='1' stop-color='%2396a1ff' stop-opacity='0'\/%3E%3C\/radialGradient%3E%3CradialGradient id='c' cx='600' cy='0' r='600' gradientUnits='userSpaceOnUse'%3E%3Cstop offset='0' stop-color='%23a7c5ff'\/%3E%3Cstop offset='1' stop-color='%23a7c5ff' stop-opacity='0'\/%3E%3C\/radialGradient%3E%3CradialGradient id='d' cx='600' cy='800' r='600' gradientUnits='userSpaceOnUse'%3E%3Cstop offset='0' stop-color='%2368B4FF'\/%3E%3Cstop offset='1' stop-color='%2368B4FF' stop-opacity='0'\/%3E%3C\/radialGradient%3E%3CradialGradient id='e' cx='0' cy='0' r='800' gradientUnits='userSpaceOnUse'%3E%3Cstop offset='0' stop-color='%238CFBFF'\/%3E%3Cstop offset='1' stop-color='%238CFBFF' stop-opacity='0'\/%3E%3C\/radialGradient%3E%3CradialGradient id='f' cx='1200' cy='0' r='800' gradientUnits='userSpaceOnUse'%3E%3Cstop offset='0' stop-color='%23D4C3FF'\/%3E%3Cstop offset='1' stop-color='%23D4C3FF' stop-opacity='0'\/%3E%3C\/radialGradient%3E%3C\/defs%3E%3Crect fill='url(%23a)' width='1200' height='800'\/%3E%3Crect fill='url(%23b)' width='1200' height='800'\/%3E%3Crect fill='url(%23c)' width='1200' height='800'\/%3E%3Crect fill='url(%23d)' width='1200' height='800'\/%3E%3Crect fill='url(%23e)' width='1200' height='800'\/%3E%3Crect fill='url(%23f)' width='1200' height='800'\/%3E%3C\/svg%3E\");\nbackground-attachment: fixed;\nbackground-size: cover;\n}    \n.contenedor-banner{\n    max-width: 1000px;\n}\n    .contenedor-banner img {\n        width: 100%;\n        max-width: 1000px;\n        height: 100hw;\n        max-height: 300px;\n        min-width: 300px;\n    }\n\n.contenedor-arriba {\n    display: flex;\n    flex-direction: row;\n    margin: 1.5rem;\n    justify-content: center;\n    padding: 1.5rem;\n    flex-wrap: wrap;\n}\n\n        .contenedor-arriba .columna-derecha {\n            width: 90%;\n            min-width: 300px;\n            margin: 12px 0px 0px 10px;\n        }\n            .contenedor-arriba .columna-derecha a {\n                text-decoration: none;\n            }\n                .contenedor-arriba .columna-derecha h3 {\n                    font-size: 1rem;\n                    color: #1d4ac4;\n                }\n                \n                    .contenedor-arriba .columna-derecha div {\n                        margin: 10px;\n                        margin-top: 20px;\n                        border-bottom: rgb(33, 96, 151) solid 2px;\n                    }\n                        .contenedor-arriba .columna-derecha div h2 {\n                            font-size: 1.2rem;\n                            margin-top: 6px;\n                            margin-bottom: 6px;\n                            transition: transform 200ms;\n                        }\n                        .contenedor-arriba .columna-derecha div h2 a {\n                            color: #1d3471;\n                        }\n                            .contenedor-arriba .columna-derecha div h2:hover {\n                                transform: scale(1.1) translateX(30px);\n                                \n                            }\n                                .contenedor-arriba .columna-derecha div p {\n                                    margin-bottom: 8px;\n                                    margin-top: 10px;\n                                    font-size: 0.8rem;\n                                }\n                                    .contenedor-arriba iframe {\n                                        aspect-ratio: 16 \/ 9;\n                                        width: 90%;\n                                        height: 100%;\n                                        margin-top: 20px;\n                                    }\n                                        \/* .video {\n                                            width: 40vw;\n                                            aspect-ratio: 16\/9;\n                                            min-width: 300px;\n                                            max-width: 700px;\n                                        } *\/\n\n\n.banner-explication {\n    width: 100%;\n    border: 2px solid black;\n}\n\n.contenedor-medio {\n   display: flex;\n   justify-content: center;\n   flex-direction: row;\n   margin-top: 20px;\n   margin-left: 15px;\n   flex-wrap: wrap;\n}\n.contenedor-medio img{\n      width: 100%;\n}\n    .contenedor-medio a .fotoNota img:hover {\n        transform: scale(1.08);\n        transition: transform 200ms ease-in-out;\n    }\n    .contenedor-medio a .fotoNota img:hover ~ h3{\n        transform: translateY(10px);\n    }\n        .contenedor-medio a {\n            text-decoration: none;\n            color: #2e0835;\n        }\n            .fotoNota {\n                margin: 0px 20px 55px 20px;\n                position: relative;\n                width: 200px;\n                height: 250px;\n                \n            }\n                .contenedor-medio .fotoNota img {\n                    width: 200px;\n                    border-radius: 50%;\n                    background-color: rgb(227, 232, 244);\n                }\n                    .fotoNota h3 {\n                        margin-top: 0.5em;\n                        \n                        transition: transform 200ms;\n                        text-align: center;\n                        font-size: 1.2em;\n                    }\n                        .fotoNota img {\n                            background-color: rgba(158, 85, 158, 0);\n                            border-radius: 2px;\n                            border: 3px solid rgb(0, 0, 0);\n                        }\n                            .banner-explication {\n                                width: 90vw;\n                                max-width: 800px;\n                                min-width: 300px;\n                                margin-bottom: 3.5rem;\n                            }\n\n.contenedor-medio2 {\n\/* *\/\n    display: flex;\n    flex-direction: row;\n    justify-content: center;\n    align-items: center;\n    height: 6rem;\n    width: max(35vw);\n    max-width: 500px;\n    min-width: 300px;\n    flex-wrap: nowrap;\n    margin: 2rem auto;\n    border: 1px solid black;\n    padding: 1em;\n    position: relative;\n\/* sirve para que todo lo que no est\u00e1 dentro del div, no se muestre *\/\n    overflow: hidden;\n    border-radius: 5px;\n    cursor: pointer;\n}\n.contenedor-medio2:hover {\n    box-shadow: -10px 10px 50px -10px rgba(22, 19, 18, 0.682);\n}\n    .contenedor-medio2 h3,\n    .contenedor-medio2 p,\n    .contenedor-medio2 .icono {\n        position: relative;\n        z-index: 1;\n        margin: auto;\n}\n        .links {\n            text-decoration: none;\n            color: #0d0d0d;\n        }\n            .contenedor-medio2 h3 {\n                margin-left: 1.5em;\n                cursor: pointer;\n                font-size: 1.3em;\n                margin-right: 1em;\n            }\n                .contenedor-medio2 p {\n                    \/* width: 100%; *\/\n                    margin: 10px;\n                    font-size: 1em;\n                }\n                          .contenedor-medio2 .icono {\n                                width: 8vw;\n                                max-width: 50px;\n                                visibility: visible;\n                                \/* position: relative;\n                                left: -240px; *\/\n                            }\n                                .contenedor-medio2 .fondo-contenedor {\n                                    width: 150px;\n                                    height: 150px;\n                                    background: linear-gradient(rgb(147, 66, 19), rgb(48, 67, 235));\n                                    position: absolute;\n                                    left: -110px;\n                                    top: 150px;\n                                    border-radius: 100%;\n                                    transition: all 200ms;\n                                }\n                                    .contenedor-medio2:hover .fondo-contenedor {\n                                        width: 60rem;\n                                        height: 50rem;\n                                        top: -320px;\n                                        left: -55px;\n                                    }\n                                    .contenedor-medio2:hover h3,\n                                    .contenedor-medio2:hover p {\n                                        color: white;\n                                    }\n\n.contenedor-abajo {\n    display: flex;\n    flex-direction: column;\n    margin: 2rem auto;\n    border: 3px solid #030303;\n    border-radius: 15px;\n    padding: 2rem;\n    max-width: 700px;\n    min-width: 250px;\n    align-items: center;\n    \n}\n    .contenedor-abajo a {\n        text-decoration: none;\n    }\n        .contenedor-abajo .boton {\n            display: flex;\n            background: linear-gradient(#738ee4, #4470e7);\n            border-radius: 5px;\n            border: 2px solid aliceblue;\n            position:relative;\n            bottom: -3rem;\n            left: 15vw;\n            height: 1.5em;\n            width: 9em;\n            cursor: pointer;\n            justify-content: center;\n            align-items: center;\n            padding-bottom: 0.5em;\n            font-size: 1.4em;\n            transition: transform 200ms;\n        }\n            .contenedor-abajo .boton p{\n                color: aliceblue;\n                font-family: 'Courier New', Courier, monospace;\n                font-size: 1.1rem;\n            }\n                .contenedor-abajo .boton:hover {\n                    transform: scale(1.1);\n                }\n                    .contenedor-abajo p {\n                        margin: 1em 1.5em 0.5em 1.5em;\n                        font-size: 1rem;\n                    }\n                        .contenedor-abajo h2 {\n                            font-size: 2em;\n                            text-align: center;\n                            margin: 0em 0.5em 1em 0.5em;\n                            color: #040404;\n                        }\n                            .contenedor-abajo img {\n                                width: 20vw;\n                                max-width: 100%;\n                                min-width: 300px;\n                                height: auto; \n                                \n                                \/* visibility: hidden; *\/\n\/* Esto se hace para sacar el margen por defecto de wordpress *\/                            }\n#content {\n    padding: 0px;\n}\n\n\/* Esta es la parte del esqueleto de carga *\/\n#conteiner-charge {\n    background-color: aliceblue;\n    height: 100%;\n    width: 100%;\n    position: fixed;\n    -webkit-transition: all 1s ease;\n    -o-transition: all 1s ease;\n    transition: all 1s ease;\n    z-index: 1000;\n    position: absolute;\n    top: 0;\n    right: 0;\n    left: 0;\n    bottom: 0;\n    \n}  \n\n#charge {\n    border: 10px solid #c4c2d2;\n    border-top-color: #345dce;\n    border-top-style: inset; \n    height: 100px;\n    width: 100px;\n    border-radius: 100%;\n    position: absolute;\n    top: 0;\n    left: 0;\n    bottom: 0;\n    right: 0;\n    margin: auto;\n    -webkit-animation: girar 1.5s linear infinite;\n    -o-animation: girar 1.5s linear infinite;\n    animation: girar 1.5s linear infinite;\n}\n\n\n#charge2 {\n    border: 10px solid #c4c2d2;\n    border-top-color: #345dce;\n    border-top-style: inset; \n    height: 75px;\n    width: 75px;\n    border-radius: 100%;\n    position: absolute;\n    top: 0;\n    left: 0;\n    bottom: 0;\n    right: 0;\n    margin: auto;\n\n    -webkit-animation: rotateinverse 1.5s linear infinite;\n    -o-animation: rotateinverse 1.5s linear infinite;\n    animation: rotateinverse 1.5s linear infinite;\n}\n\n#desya {\n    border: 5px black solid;\n    position: absolute;\n    top: 0;\n    left: 0;\n    bottom: 0;\n    right: 0;\n    border-radius: 50%;\n    height: 60px;\n    width: 60px;\n    margin: auto;\n}\n\n@keyframes girar {\n    from {transform: rotate(0deg);}\n    to {transform: rotate(360deg);}\n}\n\n@keyframes rotateinverse {\n    from {transform: rotate(360deg);}\n    to {transform: rotate(0deg);}\n}\n\n\/* Ac\u00e1 va toda la parte que corresponde a la vista movil *\/\n\n@media screen and (max-width: 999px){\n    \n    .contenedor-arriba .columna-derecha {\n        width: 80vw;\n    }\n} \n\n.modal {\n\tdisplay: none;\n\tposition: fixed;\n\tz-index: 1;\n\tleft: 0;\n\ttop: 0;\n\twidth: 100%;\n\theight: 100%;\n\toverflow: auto;\n\tbackground-color: rgba(0, 0, 0, 0.5);\n\t\t}\n\t.modal-content {\n\t\tmargin: 25% auto;\n\t\tpadding: 20px;\n\t\tborder: 2px solid #888;\n                border-radius: 10px; \n\t\twidth: 60%;\n\t\ttext-align: center;\n                background-color: #5271FF;\n                color: aliceblue; \n        }\n\/**\/\n\n@media screen and (max-device-width: 750px){\n    \n    .contenedor-arriba {\n         padding: 0px;\n    }   \n \n    .contenedor-arriba .columna-derecha div h2 {\n        transition: none;\n    }\n    .contenedor-arriba .columna-derecha div h2:hover {\n        transform: none;\n    }\n    \n.banner-explication {\n     display: none;\n}\n    .contenedor-medio {\n        margin: auto;\n    }    \n    .contenedor-medio .fotoNota {\n         margin-bottom: 25px;\n    }\n    .contenedor-medio .fotoNota,\n    .contenedor-medio .fotoNota img {\n        width: 8em;\n    }\n    .banner-explication {\n       margin-right: 15px;\n    }\n\n    .contenedor-medio2 .fondo-contenedor {\n        width: 60rem;\n        height: 50rem;\n        top: -320px;\n        left: -55px;\n        transition: none;\n    }\n        .contenedor-medio2 h3,\n        .contenedor-medio2 p {\n            color: white;\n        }\n\n.contenedor-medio2 h3 {\n            font-size: 1em;\n            margin-right: 1rem; \n        }\n        .contenedor-medio2 p {\n            font-size: 0.9em;\n \n        }\n              .contenedor-medio2 .icono {\n                   visibility: hidden;\n              }\n    .fotoNota {\n        height: 11.5em;\n    }\n        .fotoNota img,\n        .fotoNota h3 {\n            transition: none;\n        }\n            .fotoNota h3{\n                font-size: 0.8em;\n            }\n\n.contenedor-abajo {\n     margin: 0px 1em 3em 1em;\n}\n    .contenedor-abajo .boton {\n        height: 1em;\n        font-size: 1.1em;\n        width: 9em;\n        bottom: -2em;\n        left: 2em;\n    }\n        .contenedor-abajo h2{\n            font-size: 1.2em;\n        }\n            .contenedor-abajo p {\n                font-size: 0.7em;\n            }      \n}\n<\/style>\n\n\n\n<script>\n   function windowCharge(){\n    const scroll = window.scrollY\n        if (scroll > 0){\n            window.scroll({\n            top: 0,\n            left: 0,\n            behavior: \"smooth\" });\n        }     \n\n}\n\nwindowCharge();\n\nwindow.onload = function(){\n    const conteiner = document.getElementById(\"conteiner-charge\")\n    conteiner.style.visibility = \"hidden\"\n    conteiner.style.opacity = \"0\"\n\n\/*Esto es para ver como se hace un modal, usando las propiedades de creaci\u00f3n CreateElement*\/\n                let mensaje = \"<strong>AVISO<\/strong> <br> Se encuentra disponible la encuesta del curso introductorio 2023\";\n\t\tlet modal = document.createElement(\"div\");\n\t\tmodal.classList.add(\"modal\");\n\t\tlet modalContent = document.createElement(\"div\");\n\t\tmodalContent.classList.add(\"modal-content\");\n\t\tmodalContent.innerHTML = mensaje;\n\t\tmodal.appendChild(modalContent);\n\t\tdocument.body.appendChild(modal);\n\t\tmodal.style.display = \"block\";\n\t\tsetTimeout(function() {\n\t\tmodal.style.display = \"none\";\n\t\t}, 5000);\n}\n<\/script>\n","protected":false},"excerpt":{"rendered":"<p>BECAS Requisitos Beca Progresar 2023 ESTUDIANTES Los Centros de Estudiantes en Nivel Superior ya Funcionan a Pleno INSTITUCIONAL DESyA al Lado de Los Estudiantes: Camino al egreso Conocimiento Cient\u00edfico Problem\u00e1ticas Sociales Contempor\u00e1neas Estrategias para el Aprendizaje Vida Institucional Encuesta para Estudiantes La encuesta busca conocer la recepci\u00f3n del Curso Introductorio\u00a02023 Implementaci\u00f3n del Curso Introductorio 2023 &#8230; <a title=\"Curso Introductorio 2023\" class=\"read-more\" href=\"https:\/\/des-tuc.infd.edu.ar\/sitio\/curso-introductorio-2023\/\" aria-label=\"More on Curso Introductorio 2023\">[+]<\/a><\/p>\n","protected":false},"author":408,"featured_media":0,"parent":0,"menu_order":0,"comment_status":"closed","ping_status":"closed","template":"","meta":[],"acf":[],"_links":{"self":[{"href":"https:\/\/des-tuc.infd.edu.ar\/sitio\/wp-json\/wp\/v2\/pages\/5950"}],"collection":[{"href":"https:\/\/des-tuc.infd.edu.ar\/sitio\/wp-json\/wp\/v2\/pages"}],"about":[{"href":"https:\/\/des-tuc.infd.edu.ar\/sitio\/wp-json\/wp\/v2\/types\/page"}],"author":[{"embeddable":true,"href":"https:\/\/des-tuc.infd.edu.ar\/sitio\/wp-json\/wp\/v2\/users\/408"}],"replies":[{"embeddable":true,"href":"https:\/\/des-tuc.infd.edu.ar\/sitio\/wp-json\/wp\/v2\/comments?post=5950"}],"version-history":[{"count":95,"href":"https:\/\/des-tuc.infd.edu.ar\/sitio\/wp-json\/wp\/v2\/pages\/5950\/revisions"}],"predecessor-version":[{"id":7397,"href":"https:\/\/des-tuc.infd.edu.ar\/sitio\/wp-json\/wp\/v2\/pages\/5950\/revisions\/7397"}],"wp:attachment":[{"href":"https:\/\/des-tuc.infd.edu.ar\/sitio\/wp-json\/wp\/v2\/media?parent=5950"}],"curies":[{"name":"wp","href":"https:\/\/api.w.org\/{rel}","templated":true}]}}