{"id":4178,"date":"2022-06-21T14:33:20","date_gmt":"2022-06-21T17:33:20","guid":{"rendered":"https:\/\/des-tuc.infd.edu.ar\/sitio\/?page_id=4178"},"modified":"2022-08-19T11:26:28","modified_gmt":"2022-08-19T14:26:28","slug":"formacion-tecnico-profesional-2","status":"publish","type":"page","link":"https:\/\/des-tuc.infd.edu.ar\/sitio\/formacion-tecnico-profesional-2\/","title":{"rendered":"Formaci\u00f3n T\u00e9cnico Profesional"},"content":{"rendered":"\n<div id=\"contenedor\">\n\n        <section id=\"seccion14\">\n\n            <img decoding=\"async\" id=\"imagen14\" src=\"https:\/\/www.galileo.edu\/estec\/files\/2021\/03\/electronic-technician-repair-damaged-smartphone-in-ERTHZQT-1024x683.jpg\">\n\n            <button class=\"botonDisenio\" onclick=\"Lista2014()\">DISE\u00d1O CURRICULAR 2014<\/button>\n\n        <\/section>\n\n        <section id=\"seccion15\">\n            <img decoding=\"async\" id=\"imagen14\" src=\"https:\/\/ambitoeducativo.com\/wp-content\/uploads\/2020\/10\/carrera-de-enfermeria.jpg\">\n            \n            <button class=\"botonDisenio\" onclick=\"Lista2015()\">DISE\u00d1O CURRICULAR 2015<\/button>\n             \n        <\/section>\n        \n       \n        <section id=\"seccion17\">\n            \n            <img decoding=\"async\" id=\"imagen14\" src=\"https:\/\/ampliar.org.br\/wp-content\/uploads\/2021\/11\/vale-a-pena-fazer-um-curso-tecnico.jpg\">\n            \n            <button class=\"botonDisenio\" onclick=\"Lista2017()\">DISE\u00d1O CURRICULAR 2017<\/button>\n\n        <\/section>\n\n        <section id=\"seccion19\">\n            \n            <img decoding=\"async\" id=\"imagen14\" src=\"https:\/\/des-tuc.infd.edu.ar\/sitio\/wp-content\/uploads\/2022\/06\/administracion-empresa-scaled.jpg\">\n            \n            <button class=\"botonDisenio\" onclick=\"Lista2019()\">DISE\u00d1O CURRICULAR 2019<\/button>\n      \n        <\/section>\n\n        <script>\n            let num = 1;\n            let num1 = 1;\n            let num2 = 1;\n            let num3 = 1;\n            \n\n            function Lista2014(){\n\n                if (document.getElementById(\"tec2014\").innerHTML == \"\" || num3 == 0 || num1 == 0 || num2 == 0){\n                    \n                    document.getElementById(\"tec2014\").innerHTML = \"<div class='tec'><ul class='nav'><li><li><a href='https:\/\/des-tuc.infd.edu.ar\/sitio\/formacion-tecnico-profesional\/upload\/Res_35_T.S._Seguridad_Publica.pdf'>Tec. Sup. en Seguridad P\u00fablica<\/a><\/li><li><a href='https:\/\/des-tuc.infd.edu.ar\/sitio\/formacion-tecnico-profesional\/upload\/Res_142_T.S._Bioenergia.pdf'>Tec. Sup. en Seguridad Bioenerg\u00eda<\/a><\/li><li><a href='https:\/\/des-tuc.infd.edu.ar\/sitio\/formacion-tecnico-profesional\/upload\/Res_187_T.S._Seguridad_Publica_Orientada_al_Servicio_Penitenciario.pdf'>Tec. Sup. en Seguridad P\u00fablica con Orientaci\u00f3n al Sistema Penitenciario<\/a><\/li><li><a href='https:\/\/des-tuc.infd.edu.ar\/sitio\/formacion-tecnico-profesional\/upload\/Res_292_T.S._Esterilizacion.pdf'>Tec. Sup. en Esterilizaci\u00f3n<\/a><\/li><li><a href='https:\/\/des-tuc.infd.edu.ar\/sitio\/formacion-tecnico-profesional\/upload\/Res_327_T.S._Agroindustria_de_los_Alimentos.pdf'>Tec. Sup. en Agroindustrias de los Alimentos<\/a><\/li><li><a href='https:\/\/des-tuc.infd.edu.ar\/sitio\/formacion-tecnico-profesional\/upload\/Res_420_T.S._Gestion_de_Produccion_Agropecuaria.pdf'>Tec. Sup. en Gesti\u00f3n de la Producci\u00f3n Agropecuaria<\/a><\/li><li><a href='https:\/\/des-tuc.infd.edu.ar\/sitio\/formacion-tecnico-profesional\/upload\/Res_423_T.S._Bibliotecologia_y_Ciencias_de_la_Informacion.pdf'>Tec. Sup. en Bibliotecolog\u00eda y Ciencia de la Informaci\u00f3n<\/a><\/li><li><a href='https:\/\/des-tuc.infd.edu.ar\/sitio\/formacion-tecnico-profesional\/upload\/Res_496_T.S._Laboratorio_de_Analisis_Clinicos.pdf'>Tec. Sup. en Laboratorio de An\u00e1lisis Cl\u00ednico<\/a><\/li><li><a href='https:\/\/des-tuc.infd.edu.ar\/sitio\/formacion-tecnico-profesional\/upload\/Res_509_T.S._Computacion_y_Redes.pdf'>Tec. Sup. en Computaci\u00f3n y Redes<\/a><\/li><li><a href='https:\/\/des-tuc.infd.edu.ar\/sitio\/formacion-tecnico-profesional\/upload\/Res_513_T.S._Desarrollo_de_Software.pdf'>Tec. Sup. en Desarrollo de Software<\/a><\/li><\/li><\/ul><\/div>\"\n                    \n                    num = 0\n                }\n                    \n            }  \n            \n            \n            function Lista2015(){\n\n                if (document.getElementById(\"tec2014\").innerHTML == \"\" || num == 0 || num3 == 0 || num2 == 0){\n                    \n                    document.getElementById(\"tec2014\").innerHTML = \"<div id='tec15_i'><ul class='nav'><li><li><a href='https:\/\/des-tuc.infd.edu.ar\/sitio\/formacion-tecnico-profesional\/upload\/Res_1041_Anatomia_Patologica.pdf'>Tec. Sup. en Anatom\u00eda Patol\u00f3gica<\/a><\/li><li><a href='https:\/\/des-tuc.infd.edu.ar\/sitio\/formacion-tecnico-profesional\/upload\/Res_2356_Pedagogia_y_Educacion_Social.pdf'>Tec. Sup. en Pedagog\u00eda y Educaci\u00f3n Social<\/a><\/li><li><a href='https:\/\/des-tuc.infd.edu.ar\/sitio\/formacion-tecnico-profesional\/upload\/Res_2355_Agente_Sociosanitario.pdf'>Tec. Sup. en Agente Sociosanitario<\/a><\/li><li><a href='https:\/\/des-tuc.infd.edu.ar\/sitio\/formacion-tecnico-profesional\/upload\/Res_2354_Obstetricia.pdf'>Tec. Sup. en Obstetricia<\/a><\/li><li><a href='https:\/\/des-tuc.infd.edu.ar\/sitio\/formacion-tecnico-profesional\/upload\/Res_2352_Gestion_Impositiva_y_Contable.pdf'>Tec. Sup. en Gesti\u00f3n Impositiva y Contable<\/a><\/li><li><a href='https:\/\/des-tuc.infd.edu.ar\/sitio\/formacion-tecnico-profesional\/upload\/Res_2351_Higiene_y_Seguridad_Trabajo.pdf'>Tec. Sup. en Higiene y Seguridad en el Trabajo<\/a><\/li><li><a href='https:\/\/des-tuc.infd.edu.ar\/sitio\/formacion-tecnico-profesional\/upload\/Res_2350_Psicomotricidad.pdf'>Tec. Sup. en Psicomotricidad<\/a><\/li><li><a href='https:\/\/des-tuc.infd.edu.ar\/sitio\/formacion-tecnico-profesional\/upload\/Res_2349_Bromatologia.pdf'>Tec. Sup. en Bromatolog\u00eda<\/a><\/li><li><a href='https:\/\/des-tuc.infd.edu.ar\/sitio\/formacion-tecnico-profesional\/upload\/Res_2348_Podologia.pdf'>Tec. Sup. en Podolog\u00eda<\/a><\/li><li><a href='https:\/\/des-tuc.infd.edu.ar\/sitio\/formacion-tecnico-profesional\/upload\/Res_0034-2327_Mecanica_Dental.pdf'>Tec. Sup. en Mec\u00e1nica Dental<\/a><\/li><li><a href='https:\/\/des-tuc.infd.edu.ar\/sitio\/formacion-tecnico-profesional\/upload\/Res_0035-2353_Gestion_y_Desarrollo_de_Recursos_Humanos.pdf'>Tec. Sup. en Gesti\u00f3n y Desarrollo de Recursos Humanos<\/a><\/li><li><a href='https:\/\/des-tuc.infd.edu.ar\/sitio\/formacion-tecnico-profesional\/upload\/Res_2311_Traductorado_Ingles.pdf'>Tec. Sup. en Traductorado de Ingl\u00e9s<\/a><\/li><li><a href='https:\/\/des-tuc.infd.edu.ar\/sitio\/formacion-tecnico-profesional\/upload\/Res_2302_Admin_Publ_Orientada_Desarr_Local.pdf'>Tec. Sup. en Administraci\u00f3n P\u00fablica Orientada al Desarrollo Local<\/a><\/li><\/li><\/ul><\/div><div id='tec15_c'><ul class='nav'><li><li><a href='https:\/\/des-tuc.infd.edu.ar\/sitio\/formacion-tecnico-profesional\/upload\/Res_2312_Comercializacion_y_Ventas.pdf'>Tec. Sup. en Comercializaci\u00f3n y Ventas<\/a><\/li><li><a href='https:\/\/des-tuc.infd.edu.ar\/sitio\/formacion-tecnico-profesional\/upload\/Res_2313_Turismo.pdf'>Tec. Sup. en Turismo<\/a><\/li><li><a href='https:\/\/des-tuc.infd.edu.ar\/sitio\/formacion-tecnico-profesional\/upload\/Res_2314_Entidades_Bancarias_y_Operaciones_Comerciales_Internacionales.pdf'>Tec. Sup. en Entidades Bancaria y Operaciones Comerciales Internacionales<\/a><\/li><li><a href='https:\/\/des-tuc.infd.edu.ar\/sitio\/formacion-tecnico-profesional\/upload\/Res_2318_Comunicacion_Social.pdf'>Tec. Sup. en Comunicaci\u00f3n Social<\/a><\/li><li><a href='https:\/\/des-tuc.infd.edu.ar\/sitio\/formacion-tecnico-profesional\/upload\/Res_2319_Gestion_y_Organizacion_Eventos.pdf'>Tec. Sup. en Gesti\u00f3n y Organizaci\u00f3n de Eventos<\/a><\/li><li><a href='https:\/\/des-tuc.infd.edu.ar\/sitio\/formacion-tecnico-profesional\/upload\/Res_2320_Fonoudiologia.pdf'>Tec. Sup. en Fonoaudiolog\u00eda<\/a><\/li><li><a href='https:\/\/des-tuc.infd.edu.ar\/sitio\/formacion-tecnico-profesional\/upload\/Res_2321_Acompan_amiento_Terapeutico.pdf'>Tec. Sup. en Acompa\u00f1anate Terap\u00e9utico<\/a><\/li><li><a href='https:\/\/des-tuc.infd.edu.ar\/sitio\/formacion-tecnico-profesional\/upload\/Res_2322_Enfermeria.pdf'>Carrera de Enfermer\u00eda<\/a><\/li><li><a href='https:\/\/des-tuc.infd.edu.ar\/sitio\/formacion-tecnico-profesional\/upload\/Res_2323_Enologia_y_Viticultura.pdf'>Tec. Sup. en Enolog\u00eda y Viticultura<\/a><\/li><li><a href='https:\/\/des-tuc.infd.edu.ar\/sitio\/formacion-tecnico-profesional\/upload\/Res_2324_Hemoterapia.pdf'>Tec. Sup. en Hemoterapia<\/a><\/li><li><a href='https:\/\/des-tuc.infd.edu.ar\/sitio\/formacion-tecnico-profesional\/upload\/Res_2325_Finanzas.pdf'>Tec. Sup. en Finanzas<\/a><\/li><li><a href='https:\/\/des-tuc.infd.edu.ar\/sitio\/formacion-tecnico-profesional\/upload\/Res_2326_Farmacia.pdf'>Tec. Sup. en Farmacia<\/a><\/li><li><a href='https:\/\/des-tuc.infd.edu.ar\/sitio\/formacion-tecnico-profesional\/upload\/Res_2328_Optica_y_Contactologia.pdf'>Tec. Sup. en \u00d3ptica y Contactolog\u00eda<\/a><\/li><\/li><\/ul><\/div><div id='tec15_d'><ul class='nav'><li><li><a href='https:\/\/des-tuc.infd.edu.ar\/sitio\/formacion-tecnico-profesional\/upload\/Res_2331_Psicopedagogia.pdf'>Carrera en Psicopedagog\u00eda<\/a><\/li><li><a href='https:\/\/des-tuc.infd.edu.ar\/sitio\/formacion-tecnico-profesional\/upload\/Res_2332_Gastronomia_Internacional.pdf'>Tec. Sup. en Gastronom\u00eda Internacional<\/a><\/li><li><a href='https:\/\/des-tuc.infd.edu.ar\/sitio\/formacion-tecnico-profesional\/upload\/Res_2333_Criminalistica.pdf'>Tec. Sup. en Criminal\u00edstica<\/a><\/li><li><a href='https:\/\/des-tuc.infd.edu.ar\/sitio\/formacion-tecnico-profesional\/upload\/Res_2339_Industrializacion_Productos_Agropecuarios.pdf'>Tec. Sup. en Industrializaci\u00f3n de Productos Agropecuarios<\/a><\/li><li><a href='https:\/\/des-tuc.infd.edu.ar\/sitio\/formacion-tecnico-profesional\/upload\/Res_2340_Psicologia_Social.pdf'>Tec. Sup. en Psicolog\u00eda Social<\/a><\/li><li><a href='https:\/\/des-tuc.infd.edu.ar\/sitio\/formacion-tecnico-profesional\/upload\/Res_2341_Diagnostico_por_Imagenes.pdf'>Tec. Sup. en Diagn\u00f3stico por Im\u00e1genes<\/a><\/li><li><a href='https:\/\/des-tuc.infd.edu.ar\/sitio\/formacion-tecnico-profesional\/upload\/Res_2342_Direccion_y_Produccion_Eventos_y_Espectaculos.pdf'>Tec. Sup. en Direcci\u00f3n y Producci\u00f3n de Eventos y Espect\u00e1culos<\/a><\/li><li><a href='https:\/\/des-tuc.infd.edu.ar\/sitio\/formacion-tecnico-profesional\/upload\/Res_2343_Administracion_de_Empresas.pdf'>Tec. Sup. en Administraci\u00f3n de Empresas<\/a><\/li><li><a href='https:\/\/des-tuc.infd.edu.ar\/sitio\/formacion-tecnico-profesional\/upload\/Res_2344_Administracion_Hotelera.pdf'>Tec. Sup. en Administaci\u00f3n Hotelera<\/a><\/li><li><a href='https:\/\/des-tuc.infd.edu.ar\/sitio\/formacion-tecnico-profesional\/upload\/Res_2345_Disen_o_Grafico.pdf'>Tec. Sup. en Dise\u00f1o Gr\u00e1fico<\/a><\/li><li><a href='https:\/\/des-tuc.infd.edu.ar\/sitio\/formacion-tecnico-profesional\/upload\/Res_2346_Nutricion.pdf'>Tec. Sup. en Nutrici\u00f3n<\/a><\/li><li><a href='https:\/\/des-tuc.infd.edu.ar\/sitio\/formacion-tecnico-profesional\/upload\/Res_2347_Instrumentacion_Quirurgica.pdf'>Tec. Sup. en Intrumentista Quir\u00fargico<\/a><\/li><\/li><\/ul><\/div>\"\n\n                    num1 = 0;\n                }\n            }\n\n            \n            function Lista2017(){\n\n                if (document.getElementById(\"tec2014\").innerHTML == \"\" || num == 0 || num1 == 0 || num3 == 0){\n                    \n                   \n                    document.getElementById(\"tec2014\").innerHTML = \"<div class='tec'><ul class='nav'><li><a href='https:\/\/des-tuc.infd.edu.ar\/sitio\/formacion-tecnico-profesional\/upload\/Res_0425_TS_Industrias_Lacteas.pdf'>Tec. Sup. en Industrias L\u00e1cteas<\/a><\/li><li><a href='https:\/\/des-tuc.infd.edu.ar\/sitio\/formacion-tecnico-profesional\/upload\/Res_0609_TS_Gestion_Ambiental.pdf'>Tec. Sup. en Gesti\u00f3n Ambiental<\/a><\/li><li><a href='https:\/\/des-tuc.infd.edu.ar\/sitio\/formacion-tecnico-profesional\/upload\/Res_0610_TS_Automatiz._y_Robotica.pdf'>Tec. Sup. de Automatizaci\u00f3n y Rob\u00f3tica Industrial<\/a><\/li><\/ul><\/div>\";\n                    \n                    num2 = 0\n                }\n                    \n            }  \n            \n\n           \n            function Lista2019(){\n                \n                if (document.getElementById(\"tec2014\").innerHTML == \"\" || num == 0 || num1 == 0 || num2 == 0){\n                    \n                    \n                    document.getElementById(\"tec2014\").innerHTML = \"<div class='tec'><ul class='nav'><li><a href='https:\/\/des-tuc.infd.edu.ar\/sitio\/wp-content\/uploads\/2021\/04\/RM-0384-MEd-Dise%C3%B1o-2019-Seguridad-Publica.pdf'>Seguridad P\u00fablica (Nuevo dise\u00f1o)<\/a><\/li><li><a href='https:\/\/drive.google.com\/drive\/u\/2\/folders\/1n9rz5B_2AfQ_oKxT9zkaiWdyyxCjR9ZY'>Seguridad P\u00fablica Servicio Penitenciario (Nuevo dise\u00f1o)<\/a><\/li><li><a href='https:\/\/des-tuc.infd.edu.ar\/sitio\/wp-content\/uploads\/2021\/04\/RM-1385-Dise%C3%B1o-Adm-Publica-Orientaci%C3%B3n-Desarrollo-Local-Cohorte-2019.pdf'>Administraci\u00f3n P\u00fablica Orientaci\u00f3n Desarrollo Local (Nuevo dise\u00f1o)<\/a><\/li><\/ul><\/div>\";\n                    \n                    num3 = 0;\n                }       \n            }  \n            \n        <\/script>\n                 \n        <div id=\"tec2014\"><\/div>\n            \n    <\/div>\n\n    <style>\n        #contenedor {\n         padding: 20px;\n         min-width: 300px;\n         max-width: 950px;\n         margin-left: auto;\n         margin-right: auto;\n         font-family: Arial, Helvetica, sans-serif;\n         display: flex;\n         flex-wrap: wrap;\n        }\n\n        * {\n                padding: 0px;\n                margin: 0px;\n            }\n\n            .nav {\n                margin: auto;\n            }\n\n            ul, ol {\n                list-style: none;\n            }\n\n            .nav li a {\n                background-color: rgb(57, 184, 222);\n                color: aliceblue;\n                text-decoration: none;\n                padding: 10px 10px;\n                display: block;\n            }\n\n            .nav li a:hover {\n                background-color: rgb(8, 127, 163);\n                color: aliceblue; \n                font-style: italic;\n            }\n\n            .nav li ul {  \n                position: absolute;\n                min-width: 150px;\n            }\n\n            .nav li:hover > ul {\n                display: block;\n            }\n\n            .nav li ul li{\n                position: relative;\n            }\n \n        .botonDisenio{\n            width: 200px;\n            background-color: rgba(57,184,222,255);\n            height: 60px;\n            color: aliceblue;\n            font-size: medium;\n            border-radius: 0.5em;\n            cursor: pointer;\n            text-align: center;\n        }\n\n        .botonDisenio:hover {\n            background-color: rgb(56, 136, 160);\n            transform: scale(1.1);\n        }\n\n        .botonDisenio:focus {\n            background-color: rgb(6, 121, 156);\n            \n        }\n\n        \n        #tec2014{\n            flex: 5;\n            margin-top: 20px;\n            margin-bottom: 20px;\n            flex-wrap: wrap;\n        }\n\n        #tec15_i{\n            margin: auto;\n            float: left;\n            width: 310px;\n            display: block;\n        }\n\n        #tec15_d{\n            margin: auto;\n            float: left;\n            width: 310px;\n            display: block;\n        }\n        \n        #tec15_c{\n            margin: auto;\n            float: left;\n            width: 310px;\n            display: block;\n        } \n\n        \n        #imagen14 {\n            width: 200px;\n            height: 150px;\n            padding-top: 20px;\n            border-radius: 20px;\n        }\n\n        #seccion14{\n            width: 200px;\n            float: left;\n            margin-left: 20px;\n            flex: 1;           \n        }\n\n        #seccion15{\n            width: 200px;\n            float: left;\n            margin-left: 20px;\n            flex: 2;\n        }\n\n        #seccion17{\n            width: 200px;\n            float: left;\n            margin-left: 20px;    \n            flex: 3;       \n        }\n\n        #seccion19{\n            width: 200px;\n            float: left;\n            margin-left: 20px;\n            margin-right: auto;\n            flex: 4;\n        }\n\n    <\/style>\n","protected":false},"excerpt":{"rendered":"<p>DISE\u00d1O CURRICULAR 2014 DISE\u00d1O CURRICULAR 2015 DISE\u00d1O CURRICULAR 2017 DISE\u00d1O CURRICULAR 2019<\/p>\n","protected":false},"author":408,"featured_media":0,"parent":0,"menu_order":0,"comment_status":"closed","ping_status":"closed","template":"","meta":[],"acf":[],"_links":{"self":[{"href":"https:\/\/des-tuc.infd.edu.ar\/sitio\/wp-json\/wp\/v2\/pages\/4178"}],"collection":[{"href":"https:\/\/des-tuc.infd.edu.ar\/sitio\/wp-json\/wp\/v2\/pages"}],"about":[{"href":"https:\/\/des-tuc.infd.edu.ar\/sitio\/wp-json\/wp\/v2\/types\/page"}],"author":[{"embeddable":true,"href":"https:\/\/des-tuc.infd.edu.ar\/sitio\/wp-json\/wp\/v2\/users\/408"}],"replies":[{"embeddable":true,"href":"https:\/\/des-tuc.infd.edu.ar\/sitio\/wp-json\/wp\/v2\/comments?post=4178"}],"version-history":[{"count":57,"href":"https:\/\/des-tuc.infd.edu.ar\/sitio\/wp-json\/wp\/v2\/pages\/4178\/revisions"}],"predecessor-version":[{"id":4539,"href":"https:\/\/des-tuc.infd.edu.ar\/sitio\/wp-json\/wp\/v2\/pages\/4178\/revisions\/4539"}],"wp:attachment":[{"href":"https:\/\/des-tuc.infd.edu.ar\/sitio\/wp-json\/wp\/v2\/media?parent=4178"}],"curies":[{"name":"wp","href":"https:\/\/api.w.org\/{rel}","templated":true}]}}