{"id":2773,"date":"2021-06-09T13:04:11","date_gmt":"2021-06-09T16:04:11","guid":{"rendered":"https:\/\/des-tuc.infd.edu.ar\/sitio\/?page_id=2773"},"modified":"2021-06-09T13:11:57","modified_gmt":"2021-06-09T16:11:57","slug":"mesas-de-examenes-junio-2021","status":"publish","type":"page","link":"https:\/\/des-tuc.infd.edu.ar\/sitio\/mesas-de-examenes-junio-2021\/","title":{"rendered":"Mesas de ex\u00e1menes: Junio 2021"},"content":{"rendered":"<p>La <strong>Direcci\u00f3n de Educaci\u00f3n Superior y Art\u00edstica<\/strong> informa que con el principal objetivo de favorecer la revinculaci\u00f3n de los estudiantes que vieron interrumpida sus trayectorias estudiantiles debido a la pandemia, se habilitan las <strong>Mesas de Ex\u00e1menes finales del mes de\u00a0<\/strong><strong>junio<\/strong>, sin l\u00edmites de espacios curriculares para regularizar situaci\u00f3n acad\u00e9mica, de acuerdo al siguiente cronograma:<\/p>\n<p>\uf0b7 Lunes 14\u00a0 al mi\u00e9rcoles 16 de junio.- Presentaci\u00f3n de solicitud para inscripci\u00f3n a mesas<br \/>\nde ex\u00e1menes.<br \/>\n\uf0b7 Jueves 17 al mi\u00e9rcoles junio 07 de julio.- Mesas de ex\u00e1menes finales. Sin suspensi\u00f3n de<br \/>\nclases.<\/p>\n<p>Dichas instancias podr\u00e1n llevarse a cabo de manera presencial en la medida que las<br \/>\ncondiciones sanitarias lo permitan y\/o de manera virtual en el marco de la Resoluci\u00f3n N\u00ba<br \/>\n0073\/5 (SGE), que aprueba el Protocolo para el desarrollo de ex\u00e1menes finales virtuales en<br \/>\nlas Instituciones de Educaci\u00f3n Superior.<\/p>\n<p><a href=\"https:\/\/des-tuc.infd.edu.ar\/sitio\/wp-content\/uploads\/2021\/06\/Mesas-ex\u00e1menes-junio.jpg\"><img decoding=\"async\" loading=\"lazy\" class=\"alignnone size-medium wp-image-2774\" src=\"https:\/\/des-tuc.infd.edu.ar\/sitio\/wp-content\/uploads\/2021\/06\/Mesas-ex\u00e1menes-junio-707x1000.jpg\" alt=\"\" width=\"707\" height=\"1000\" srcset=\"https:\/\/des-tuc.infd.edu.ar\/sitio\/wp-content\/uploads\/2021\/06\/Mesas-ex\u00e1menes-junio-707x1000.jpg 707w, https:\/\/des-tuc.infd.edu.ar\/sitio\/wp-content\/uploads\/2021\/06\/Mesas-ex\u00e1menes-junio-768x1086.jpg 768w, https:\/\/des-tuc.infd.edu.ar\/sitio\/wp-content\/uploads\/2021\/06\/Mesas-ex\u00e1menes-junio-1343x1900.jpg 1343w, https:\/\/des-tuc.infd.edu.ar\/sitio\/wp-content\/uploads\/2021\/06\/Mesas-ex\u00e1menes-junio.jpg 1414w\" sizes=\"(max-width: 707px) 100vw, 707px\" \/><\/a><\/p>\n","protected":false},"excerpt":{"rendered":"<p>La Direcci\u00f3n de Educaci\u00f3n Superior y Art\u00edstica informa que con el principal objetivo de favorecer la revinculaci\u00f3n de los estudiantes que vieron interrumpida sus trayectorias estudiantiles debido a la pandemia, se habilitan las Mesas de Ex\u00e1menes finales del mes de\u00a0junio, sin l\u00edmites de espacios curriculares para regularizar situaci\u00f3n acad\u00e9mica, de acuerdo al siguiente cronograma: \uf0b7 &#8230; <a title=\"Mesas de ex\u00e1menes: Junio 2021\" class=\"read-more\" href=\"https:\/\/des-tuc.infd.edu.ar\/sitio\/mesas-de-examenes-junio-2021\/\" aria-label=\"More on Mesas de ex\u00e1menes: Junio 2021\">[+]<\/a><\/p>\n","protected":false},"author":408,"featured_media":0,"parent":0,"menu_order":0,"comment_status":"closed","ping_status":"closed","template":"","meta":[],"acf":[],"_links":{"self":[{"href":"https:\/\/des-tuc.infd.edu.ar\/sitio\/wp-json\/wp\/v2\/pages\/2773"}],"collection":[{"href":"https:\/\/des-tuc.infd.edu.ar\/sitio\/wp-json\/wp\/v2\/pages"}],"about":[{"href":"https:\/\/des-tuc.infd.edu.ar\/sitio\/wp-json\/wp\/v2\/types\/page"}],"author":[{"embeddable":true,"href":"https:\/\/des-tuc.infd.edu.ar\/sitio\/wp-json\/wp\/v2\/users\/408"}],"replies":[{"embeddable":true,"href":"https:\/\/des-tuc.infd.edu.ar\/sitio\/wp-json\/wp\/v2\/comments?post=2773"}],"version-history":[{"count":7,"href":"https:\/\/des-tuc.infd.edu.ar\/sitio\/wp-json\/wp\/v2\/pages\/2773\/revisions"}],"predecessor-version":[{"id":2782,"href":"https:\/\/des-tuc.infd.edu.ar\/sitio\/wp-json\/wp\/v2\/pages\/2773\/revisions\/2782"}],"wp:attachment":[{"href":"https:\/\/des-tuc.infd.edu.ar\/sitio\/wp-json\/wp\/v2\/media?parent=2773"}],"curies":[{"name":"wp","href":"https:\/\/api.w.org\/{rel}","templated":true}]}}