{"id":2599,"date":"2021-02-17T14:18:38","date_gmt":"2021-02-17T17:18:38","guid":{"rendered":"https:\/\/des-tuc.infd.edu.ar\/sitio\/?page_id=2599"},"modified":"2025-03-17T16:32:12","modified_gmt":"2025-03-17T19:32:12","slug":"nacionales","status":"publish","type":"page","link":"https:\/\/des-tuc.infd.edu.ar\/sitio\/normativas\/nacionales\/","title":{"rendered":"Normativas Nacionales"},"content":{"rendered":"<h5><\/h5>\n<h5><\/h5>\n<h5><span style=\"color: #ff6600;\">RESOLUCIONES DEL CONSEJO FEDERAL DE EDUCACI\u00d3N<\/span><\/h5>\n<p><a href=\"https:\/\/des-tuc.infd.edu.ar\/sitio\/wp-content\/uploads\/2021\/06\/Res.-CFE-391.pdf\" target=\"_blank\" rel=\"noopener\">Res. CFE 391\/ 2021<\/a>\u00a0-Retorno progresivo a la presencialidad en los institutos superiores de formaci\u00f3n docente<\/p>\n<p><a href=\"https:\/\/des-tuc.infd.edu.ar\/sitio\/wp-content\/uploads\/2025\/03\/Marco_referencial_de_capacidades-de-Nivel-Inicial-Argentina-Res-CFE-33718.pdf\">Rec. CFE <\/a><span class=\"OYPEnA font-feature-liga-off font-feature-clig-off font-feature-calt-off text-decoration-none text-strikethrough-none\"><a href=\"https:\/\/des-tuc.infd.edu.ar\/sitio\/wp-content\/uploads\/2025\/03\/Marco_referencial_de_capacidades-de-Nivel-Inicial-Argentina-Res-CFE-33718.pdf\">337\/18<\/a> -Marco referencial de capacidades profesionales de la Formaci\u00f3n Docente Inicial<\/span><\/p>\n<p><a href=\"https:\/\/des-tuc.infd.edu.ar\/sitio\/wp-content\/uploads\/2021\/06\/Res.-CFE-387.pdf\" target=\"_blank\" rel=\"noopener\">Res. CFE 387\/2021 &#8211;<\/a>\u00a0Principios y pautas para apertura de las escuelas y la reanudaci\u00f3n de clases presenciales en todo el pa\u00eds bajo condiciones de seguridad sanitaria y cuidado de la salud de la comunidad educativa<\/p>\n<p><a href=\"https:\/\/des-tuc.infd.edu.ar\/sitio\/wp-content\/uploads\/2021\/06\/Res.-CFE-386.pdf\" target=\"_blank\" rel=\"noopener\">Res. CFE 386\/2021 &#8211;<\/a><\/p>\n<ul>\n<li>Anexo I <a href=\"https:\/\/des-tuc.infd.edu.ar\/sitio\/wp-content\/uploads\/2021\/06\/Res.-CFE-386-Anexo-1.pdf\" target=\"_blank\" rel=\"noopener\">Res. CFE 386 <\/a>\u00a0Manejo y control del COVID-19 en establecimientos educativos<\/li>\n<\/ul>\n<h5><span style=\"color: #ff6600;\">RESOLUCIONES DEL CONSEJO FEDERAL DE EDUCACI\u00d3N \/2020<\/span><\/h5>\n<p><a href=\"https:\/\/des-tuc.infd.edu.ar\/sitio\/wp-content\/uploads\/2021\/06\/Res.-CFE-384-20.pdf\">Res. CFE 384\/2020<\/a><\/p>\n<ul>\n<li>Anexo I\u00a0<a href=\"https:\/\/des-tuc.infd.edu.ar\/sitio\/wp-content\/uploads\/2021\/06\/ANEXO-I-384.20.pdf\">Res. CFE 384\u00a0<\/a>Recomendaciones para las Pr\u00e1cticas Profesionalizantes de tercer a\u00f1o en Instituciones De Educaci\u00f3n T\u00e9cnica Superior Formadoras de Enfermer\u00eda<\/li>\n<\/ul>\n<p><a href=\"https:\/\/des-tuc.infd.edu.ar\/sitio\/wp-content\/uploads\/2021\/06\/Res.-CFE-373.pdf\" target=\"_blank\" rel=\"noopener\">Res. CFE 373\/2020<\/a><\/p>\n<ul>\n<li>Anexo I <a href=\"https:\/\/des-tuc.infd.edu.ar\/sitio\/wp-content\/uploads\/2021\/06\/Res.-CFE-373-Anexo-1.pdf\" target=\"_blank\" rel=\"noopener\">Res. CFE 373 &#8211;<\/a>\u00a0 Lineamientos Nacionales para la regulaci\u00f3n del sistema formador en contexto de ASPO y DISPO<\/li>\n<\/ul>\n<p><a href=\"https:\/\/des-tuc.infd.edu.ar\/sitio\/wp-content\/uploads\/2021\/06\/Res.-CFE-372.pdf\" target=\"_blank\" rel=\"noopener\">Res. CFE 372\/2020<\/a><\/p>\n<ul>\n<li>Anexo I\u00a0 <a href=\"https:\/\/des-tuc.infd.edu.ar\/sitio\/wp-content\/uploads\/2021\/06\/Res.-CFE-372-Anexo-1.pdf\">Res. CFE 372 &#8211; <\/a>Protocolo marco espec\u00edfico para el retorno a las actividades en los IES\/ISFD<\/li>\n<\/ul>\n<p><a href=\"https:\/\/www.argentina.gob.ar\/sites\/default\/files\/res_369_if-2020-57964636-apn-sgcfeme.pdf\" target=\"_blank\" rel=\"noopener\">Res. CFE N\u00b0 369\/2020\u00a0<\/a><\/p>\n<ul>\n<li>Anexo I <a href=\"https:\/\/www.argentina.gob.ar\/sites\/default\/files\/res_369_anexo_i_if-2020-57801131-apn-sgcfeme.pdf\" target=\"_blank\" rel=\"noopener\">Res. CFE N\u00b0 369\u00a0<\/a>Acompa\u00f1ar Puentes de igualdad<\/li>\n<\/ul>\n<p><a href=\"https:\/\/www.argentina.gob.ar\/sites\/default\/files\/res_368_if-2020-57963511-apn-sgcfeme.pdf\" target=\"_blank\" rel=\"noopener\">Res. CFE N\u00b0 368\/2020\u00a0<\/a>Evaluaci\u00f3n, acreditaci\u00f3n y promoci\u00f3n.<\/p>\n<p><a href=\"https:\/\/www.argentina.gob.ar\/sites\/default\/files\/res_367_if-2020-57962940-apn-sgcfeme.pdf\" target=\"_blank\" rel=\"noopener\">Res. CFE N\u00b0 367\/2020\u00a0<\/a>Priorizaci\u00f3n curricular<\/p>\n<ul>\n<li>Anexo I\u00a0 <a href=\"https:\/\/www.argentina.gob.ar\/sites\/default\/files\/res_367_anexo_i_if-2020-57799111-apn-sgcfeme.pdf\" target=\"_blank\" rel=\"noopener\">Res. CFE N\u00b0 367\u00a0<\/a>\u00a0Marco Federal de Orientaciones para la Contextualizaci\u00f3n Curricular 2020 \u2013 2021<\/li>\n<li>Anexo II <a href=\"https:\/\/www.argentina.gob.ar\/sites\/default\/files\/res_367_anexo_ii_if-2020-57800280-apn-sgcfeme.pdf\" target=\"_blank\" rel=\"noopener\">Res. CFE N\u00b0 367\u00a0\u00a0<\/a>Marco Federal para la Gesti\u00f3n de la Ense\u00f1anza en escenarios complejos<\/li>\n<\/ul>\n<p><a href=\"https:\/\/www.argentina.gob.ar\/sites\/default\/files\/res_366_if-2020-57962200-apn-sgcfeme.pdf\" target=\"_blank\" rel=\"noopener\">Res. CFE N\u00b0 366\/2020\u00a0<\/a><\/p>\n<ul>\n<li>Anexo I &#8211;\u00a0<a href=\"https:\/\/www.argentina.gob.ar\/sites\/default\/files\/res_366_anexo_i_if-2020-57797539-apn-sgcfeme.pdf\" target=\"_blank\" rel=\"noopener\">Resoluci\u00f3n CFE N\u00b0 366\/2020\u00a0\u00a0<\/a>Marco Federal para la Reorganizaci\u00f3n Institucional de las Actividades de Retorno a la Escuela &#8211; Alternativas de variaciones en la Organizaci\u00f3n Institucional.<\/li>\n<\/ul>\n<p><a href=\"https:\/\/des-tuc.infd.edu.ar\/sitio\/wp-content\/uploads\/2021\/06\/Res.-CFE-364.pdf\">Res. CFE 364 \/2020 &#8211;<\/a>Retorno a clases presenciales en la educaci\u00f3n obligatoria y en los institutos superiores<\/p>\n<p><a href=\"https:\/\/www.argentina.gob.ar\/sites\/default\/files\/res_cfe_363_firmada_if-2020-32955315-apn-sgcfeme.pdf\" target=\"_blank\" rel=\"noopener\">Res. CFE No 363\/2020\u00a0<\/a><\/p>\n<ul>\n<li>Anexo I\u00a0<a href=\"https:\/\/www.argentina.gob.ar\/sites\/default\/files\/res_cfe_363_anexo_i_orientaciones_proceso_eval_firmado_if-2020-32923638-apn-sgcfeme.pdf\" target=\"_blank\" rel=\"noopener\">Res. CFE N\u00ba 363\u00a0<\/a>Orientaciones para los Procesos de Evaluaci\u00f3n en el Marco de la Continuidad Pedag\u00f3gica.<\/li>\n<li>Anexo II <a href=\"https:\/\/www.argentina.gob.ar\/sites\/default\/files\/res_cfe_363_anexo_ii_vf_27.5_if-2020-34593049-apn-sgcfeme_0.pdf\" target=\"_blank\" rel=\"noopener\">Res. CFE N\u00ba 363\u00a0<\/a>Evaluaci\u00f3n Nacional del Proceso de Continuidad Pedag\u00f3gica. La respuesta del sistema educativo argentino en el marco de la emergencia sanitaria COVID 19.<\/li>\n<\/ul>\n<h5>Fuente:\u00a0<a href=\"https:\/\/www.argentina.gob.ar\/educacion\/consejofederaleducacion\/documentos\/resoluciones\">https:\/\/www.argentina.gob.ar\/educacion\/consejofederaleducacion\/documentos\/resoluciones<\/a><\/h5>\n<hr \/>\n<h5><span style=\"color: #ff6600;\">FORMACI\u00d3N T\u00c9CNICO PROFESIONAL \/ 2016<\/span><\/h5>\n<p><a href=\"https:\/\/des-tuc.infd.edu.ar\/sitio\/wp-content\/uploads\/2021\/06\/295-16.pdf\">Res. CFE 295-16\u00a0\u00a0<\/a>\/\/\u00a0<a href=\"https:\/\/des-tuc.infd.edu.ar\/sitio\/wp-content\/uploads\/2021\/06\/RES.-CFE-295-16-ANEXO-I.pdf\">Res. CFE 295-16 Anexo I\u00a0<\/a>Criterios para la organizaci\u00f3n institucional y lineamientos para la organizaci\u00f3n de la oferta formativa para la Educaci\u00f3n T\u00e9cnico Profesional de Nivel Superior.<\/p>\n<p><a href=\"https:\/\/des-tuc.infd.edu.ar\/sitio\/wp-content\/uploads\/2021\/06\/Res.-CFE-283-16.pdf\">Res. CFE 283-16\u00a0<\/a>\/\/\u00a0<a href=\"https:\/\/des-tuc.infd.edu.ar\/sitio\/wp-content\/uploads\/2021\/06\/Res.-CFE-283-16-Anexo-I.-pdf.pdf\">Res. CFE 283-16 Anexo I.\u00a0<\/a>Mejora Integral de la Calidad de la Educacio\u0301n Te\u0301cnico Profesional<\/p>\n<hr \/>\n<h5><span style=\"color: #ff6600;\">FORMACI\u00d3N DOCENTE \/ 2007 -2011<\/span><\/h5>\n<p><a href=\"https:\/\/des-tuc.infd.edu.ar\/sitio\/wp-content\/uploads\/2021\/06\/Res.-CFE-140-11.pdf\" target=\"_blank\" rel=\"noopener\">Res. CFE 140-11\u00a0<\/a>Lineamientos federales para el Planeamiento y la organizaci\u00f3n institucional del Sistema Formador.<\/p>\n<p><a href=\"https:\/\/des-tuc.infd.edu.ar\/sitio\/wp-content\/uploads\/2021\/06\/Res.-CFE-24-07.pdf\" target=\"_blank\" rel=\"noopener\">Res. CFE 24-07\u00a0\u00a0<\/a>Lineamientos Curriculares Nacionales para la Formaci\u00f3n Docente Inicial &#8211;\u00a0<a href=\"https:\/\/des-tuc.infd.edu.ar\/sitio\/wp-content\/uploads\/2021\/06\/Res.-CFE-24-07-Anexo-01.pdf\" target=\"_blank\" rel=\"noopener\">Res. CFE 24-07- Anexo 01<\/a><\/p>\n<p><a href=\"https:\/\/des-tuc.infd.edu.ar\/sitio\/wp-content\/uploads\/2021\/06\/Res.-CFE-30-07.pdf\" target=\"_blank\" rel=\"noopener\">Res. CFE 30-07\u00a0<\/a>Institucionalidad y Funciones de la Formaci\u00f3n Docente. Planificaci\u00f3n y articulaci\u00f3n del Sistema Formador.<\/p>\n<p><a href=\"https:\/\/des-tuc.infd.edu.ar\/sitio\/wp-content\/uploads\/2021\/06\/Res.-CFE-30-07-Anexo-1.pdf\" target=\"_blank\" rel=\"noopener\">Res. CFE 30-07 &#8211; Anexo 1\u00a0<\/a>Hacia una institucionalidad del Sistema de Formaci\u00f3n Docente en Argentina<\/p>\n<p><a href=\"https:\/\/des-tuc.infd.edu.ar\/sitio\/wp-content\/uploads\/2021\/06\/Res.-CFE-30-07-Anexo-2.pdf\" target=\"_blank\" rel=\"noopener\">Res. CFE 30-07 &#8211; Anexo 2\u00a0<\/a>Lineamientos Nacionales para la Formaci\u00f3n Docente Continua y el Desarrollo Profesional Docente<\/p>\n","protected":false},"excerpt":{"rendered":"<p>RESOLUCIONES DEL CONSEJO FEDERAL DE EDUCACI\u00d3N Res. CFE 391\/ 2021\u00a0-Retorno progresivo a la presencialidad en los institutos superiores de formaci\u00f3n docente Rec. CFE 337\/18 -Marco referencial de capacidades profesionales de la Formaci\u00f3n Docente Inicial Res. CFE 387\/2021 &#8211;\u00a0Principios y pautas para apertura de las escuelas y la reanudaci\u00f3n de clases presenciales en todo el pa\u00eds &#8230; <a title=\"Normativas Nacionales\" class=\"read-more\" href=\"https:\/\/des-tuc.infd.edu.ar\/sitio\/normativas\/nacionales\/\" aria-label=\"More on Normativas Nacionales\">[+]<\/a><\/p>\n","protected":false},"author":294,"featured_media":0,"parent":1295,"menu_order":0,"comment_status":"closed","ping_status":"closed","template":"","meta":[],"acf":[],"_links":{"self":[{"href":"https:\/\/des-tuc.infd.edu.ar\/sitio\/wp-json\/wp\/v2\/pages\/2599"}],"collection":[{"href":"https:\/\/des-tuc.infd.edu.ar\/sitio\/wp-json\/wp\/v2\/pages"}],"about":[{"href":"https:\/\/des-tuc.infd.edu.ar\/sitio\/wp-json\/wp\/v2\/types\/page"}],"author":[{"embeddable":true,"href":"https:\/\/des-tuc.infd.edu.ar\/sitio\/wp-json\/wp\/v2\/users\/294"}],"replies":[{"embeddable":true,"href":"https:\/\/des-tuc.infd.edu.ar\/sitio\/wp-json\/wp\/v2\/comments?post=2599"}],"version-history":[{"count":25,"href":"https:\/\/des-tuc.infd.edu.ar\/sitio\/wp-json\/wp\/v2\/pages\/2599\/revisions"}],"predecessor-version":[{"id":11339,"href":"https:\/\/des-tuc.infd.edu.ar\/sitio\/wp-json\/wp\/v2\/pages\/2599\/revisions\/11339"}],"up":[{"embeddable":true,"href":"https:\/\/des-tuc.infd.edu.ar\/sitio\/wp-json\/wp\/v2\/pages\/1295"}],"wp:attachment":[{"href":"https:\/\/des-tuc.infd.edu.ar\/sitio\/wp-json\/wp\/v2\/media?parent=2599"}],"curies":[{"name":"wp","href":"https:\/\/api.w.org\/{rel}","templated":true}]}}