{"id":2594,"date":"2021-02-17T14:03:13","date_gmt":"2021-02-17T17:03:13","guid":{"rendered":"https:\/\/des-tuc.infd.edu.ar\/sitio\/?page_id=2594"},"modified":"2025-06-06T12:51:00","modified_gmt":"2025-06-06T15:51:00","slug":"juridiccionales","status":"publish","type":"page","link":"https:\/\/des-tuc.infd.edu.ar\/sitio\/normativas\/juridiccionales\/","title":{"rendered":"Normativas Jurisdiccionales"},"content":{"rendered":"<h5><\/h5>\n<h5><a href=\"https:\/\/des-tuc.infd.edu.ar\/sitio\/circulares-desnu-2025\/\" target=\"_blank\" rel=\"noopener\">CIRCULARES DESNU <\/a><\/h5>\n<hr \/>\n<h5><span style=\"color: #ff6600;\">DISPOSICIONES DESyA<\/span><\/h5>\n<p><a href=\"https:\/\/des-tuc.infd.edu.ar\/sitio\/wp-content\/uploads\/2025\/03\/Disposicion-03-2025-Correlatividades-.pdf\" target=\"_blank\" rel=\"noopener\">Disposici\u00f3n N\u00b0 3-2025 Correlativas<\/a> R\u00e9gimen Jurisdiccional de Correlatividades del Profesorado de Educaci\u00f3n Especial con orientaci\u00f3n en Discapacidad Intelectual<\/p>\n<p><a href=\"https:\/\/des-tuc.infd.edu.ar\/sitio\/wp-content\/uploads\/2022\/12\/Disposicion-N%C2%B0-12_2022-DESyA-Condiciones-de-cursado-de-las-Practicas.pdf\" target=\"_blank\" rel=\"noopener\">Disposici\u00f3n N\u00b012 DESyA 2022<\/a> Condiciones de cursado de las Pr\u00e1cticas Profesionales Docentes 2023 (Rectificaci\u00f3n Disposici\u00f3n N\u00ba09\/2022 DESyA)<\/p>\n<p><a href=\"https:\/\/des-tuc.infd.edu.ar\/sitio\/wp-content\/uploads\/2022\/12\/Disposicion-N%C2%B0-09_2022-DESyA-Condiciones-de-cursado-de-las-Practicas.pdf\" target=\"_blank\" rel=\"noopener\">Disposici\u00f3n N\u00b009 DESyA 2022<\/a> Condiciones de cursado de las Pr\u00e1cticas Profesionales Docentes 2023<\/p>\n<p><a href=\"https:\/\/des-tuc.infd.edu.ar\/sitio\/wp-content\/uploads\/2021\/12\/Disposicion-N\u00b0-02-21-DESyA.pdf\" target=\"_blank\" rel=\"noopener\">Disposici\u00f3n N\u00b002 DESyA 2021 <\/a><span style=\"color: #db4673;\">Pr\u00e1cticas Profesionales Docentes 2021\/2022<\/span><\/p>\n<p><a href=\"https:\/\/des-tuc.infd.edu.ar\/sitio\/wp-content\/uploads\/2021\/11\/Disposicion-N\u00b001-2021-DESyA-Transicion-RAME.pdf\" target=\"_blank\" rel=\"noopener\">Disposici\u00f3n N\u00b001 DESyA 2021 <\/a>Retoma la vigencia de la RM N\u00ba 1269\/5 en virtud del t\u00e9rmino de la vigencia del Marco normativo de excepcionalidad. Transici\u00f3n RAME.<\/p>\n<p><a href=\"https:\/\/des-tuc.infd.edu.ar\/sitio\/wp-content\/uploads\/2021\/06\/Disposici\u00f3n-N\u00ba3-DESyA-2019.pdf\" target=\"_blank\" rel=\"noopener\">Disposici\u00f3n N\u00ba3 DESyA 2019<\/a> Establece el t\u00e9rmino de finalizaci\u00f3n de Carreras de Formaci\u00f3n Docente correspondientes a los Planes de estudios vigentes hasta 2014 y que fueron actualizados en 2014\/2015.<\/p>\n<p><a href=\"https:\/\/des-tuc.infd.edu.ar\/sitio\/wp-content\/uploads\/2021\/06\/Disposici\u00f3n-N\u00ba10-2016-DESyA.pdf\" target=\"_blank\" rel=\"noopener\">Disposici\u00f3n N\u00ba10 DESyA 2016 <\/a>\u00a0Terminalidad para Planes de estudios Residuales Jurisdiccionales de Formaci\u00f3n Docente y Tecnicaturas que fueron actualizados a partir del a\u00f1o 2009.<\/p>\n<hr \/>\n<h5><span style=\"color: #ff6600;\">RESOLUCIONES MINISTERIALES\u00a0<\/span><\/h5>\n<p><a href=\"https:\/\/des-tuc.infd.edu.ar\/sitio\/wp-content\/uploads\/2025\/01\/Resolucion-Ministerial-Calendario-Escolar-2025-N\u00b0-3261-MED-24-Primera-Parte.pdf\">Resoluci\u00f3n Ministerial N\u00b0 3261\/5 MEd<\/a> &#8211; Calendario Escolar 2025 (Primera parte)<\/p>\n<p><a href=\"https:\/\/des-tuc.infd.edu.ar\/sitio\/wp-content\/uploads\/2025\/01\/Resolucion-Ministerial-Calendario-Escolar-2025-N\u00b0-3261-MED-24-Segunda-Parte.pdf\">Resoluci\u00f3n Ministerial N\u00b0 3261\/5 MEd <\/a>&#8211; Calendario Escolar 2025 (Segunda parte)<\/p>\n<p><a href=\"https:\/\/des-tuc.infd.edu.ar\/sitio\/wp-content\/uploads\/2025\/01\/Resolucion-Ministerial-Rectificacion-Calendario-Escolar-2025-0001-MED.pdf\">Resoluci\u00f3n Minsterial N\u00b0 0001\/5 MEd<\/a> &#8211; Rectificaci\u00f3n de Calendario Escolar 2025<\/p>\n<hr \/>\n<p><a href=\"https:\/\/drive.google.com\/file\/d\/10-Yjr5roZm9Vuj6_-r57jGyJezleLi4a\/view\" target=\"_blank\" rel=\"noopener\">Resoluci\u00f3n Ministerial N\u00ba 2710\/5- Calendario Acad\u00e9mico 2024<\/a><\/p>\n<p><a href=\"https:\/\/des-tuc.infd.edu.ar\/sitio\/wp-content\/uploads\/2024\/02\/Calendario-Escolar-2024-Resolucion-Ministerial-0104-MED-24.pdf\" target=\"_blank\" rel=\"noopener\">Resoluci\u00f3n Ministerial N\u00ba 0104\/5<\/a> (Modificaci\u00f3n de la Res. 2710\/5) Calendario Acad\u00e9mico 2024<\/p>\n<p><a href=\"https:\/\/des-tuc.infd.edu.ar\/sitio\/circulares-resoluciones-2024\/\">Curriculares y Resoluciones 2024<\/a><\/p>\n<p><a href=\"https:\/\/des-tuc.infd.edu.ar\/sitio\/wp-content\/uploads\/2023\/08\/1385-MED-23.pdf\">Resoluci\u00f3n N\u00b0 1385\/5 MEd 2023 <\/a>Plan de Adecuaci\u00f3n de los Institutos de Educaci\u00f3n Superior del Reglamento Org\u00e1nico Marco<\/p>\n<p><a href=\"https:\/\/drive.google.com\/file\/d\/13WCj43-CUTWSDY0D6ANl7Mj9khuP4rC3\/view?usp=sharing\" target=\"_blank\" rel=\"noopener\">ROM &#8211; Resoluci\u00f3n N\u00ba 0786\/5 MEd 2023<\/a>\u00a0Ampliaci\u00f3n Reglamento Org\u00e1nico Marco de los Institutos de Educaci\u00f3n Superior<\/p>\n<p><a href=\"https:\/\/des-tuc.infd.edu.ar\/sitio\/wp-content\/uploads\/2023\/05\/Regimen-Academico-Marco-RAM-0750-5-MED-23.pdf\" target=\"_blank\" rel=\"noopener\">RAM Resoluci\u00f3n N\u00ba 0750\/5 MEd 2023<\/a>. Actualizaci\u00f3n R\u00e9gimen Acad\u00e9mico Marco del Nivel Superior<\/p>\n<hr \/>\n<p><a href=\"https:\/\/drive.google.com\/file\/d\/1jvxJzI-aWDmKjqK43XAALA-ELRfZq6tT\/view?usp=sharing\" target=\"_blank\" rel=\"noopener\">Resoluci\u00f3n Ministerial 1784\/5 (MEd)<\/a> \u2013 <span style=\"color: #db4673;\">Calendario Acad\u00e9mico 2022<\/span><\/p>\n<p><a href=\"https:\/\/des-tuc.infd.edu.ar\/sitio\/circulares-desya-2021\/\">Circulares 2021<\/a><\/p>\n<p><a href=\"https:\/\/des-tuc.infd.edu.ar\/sitio\/wp-content\/uploads\/2021\/11\/Res-0238-5SE.pdf\">Resoluci\u00f3n Ministerial 0238\/5 (SE) 2021<\/a> &#8211; Extensi\u00f3n por 6 meses del Marco Normativo de Excepcionalidad conforme lo dispuesto por el Art 3 de la RM N\u00ba0224\/5 (SGE) &#8211; 2020<\/p>\n<p><a href=\"https:\/\/drive.google.com\/file\/d\/1tPX6MrpIm2IMOwNQOXXQvgZUtoGuQkMs\/view?usp=sharing\" target=\"_blank\" rel=\"noopener\">Resoluci\u00f3n Ministerial 0816\/5 (MEd) 2021<\/a> \u2013 Marco Jurisdiccional de Convivencia<\/p>\n<p><a href=\"https:\/\/des-tuc.infd.edu.ar\/sitio\/wp-content\/uploads\/2022\/02\/Resolucion-Ministerial-16415-MEd-2021-Propuesta-pedagogica-de-Intensificacion-de-la-ensenanza-y-el-apredizaje-para-la-finalizacion-de-la-unidad-curricular-2020-2021.pdf\" target=\"_blank\" rel=\"noopener\">Resoluci\u00f3n Ministerial 1641\/5 (MEd) 2021<\/a> &#8211; Propuesta pedag\u00f3gica de Intensificaci\u00f3n de la ense\u00f1anza y el apredizaje para la finalizaci\u00f3n de la unidad curricular 2020-2021<\/p>\n<p><a href=\"https:\/\/drive.google.com\/file\/d\/10JhhImhDR8jJ7Txsuc7ap96Jl6Ps4LO_\/view?usp=sharing\" target=\"_blank\" rel=\"noopener\">Resoluci\u00f3n Ministerial 0560\/5 (MEd) <\/a>\u2013 Calendario Acad\u00e9mico 2021<\/p>\n<p><a href=\"https:\/\/drive.google.com\/file\/d\/1j5WvBxfLfoviHP1SRbE6p5V-MEgErKPl\/view?usp=sharing\" target=\"_blank\" rel=\"noopener\">Resoluci\u00f3n 0073\/5 (SGE) &#8211; 2020 <\/a>Protocolo de ex\u00e1menes finales virtuales\u00a0&#8211;<\/p>\n<p><a href=\"https:\/\/drive.google.com\/file\/d\/1hmkYGGKhE5OElGmcRdh-nUOOXSAZaco1\/view?ts=602ebcb5\" target=\"_blank\" rel=\"noopener\">Resoluci\u00f3n Ministerial 0224\/5 (SGE) &#8211; 2020\u00a0<\/a>Marco Normativo de Excepcionalidad &#8211;<\/p>\n<p><a href=\"https:\/\/drive.google.com\/file\/d\/1fNrV904-Mlw8LVmzflb0TtAIvTY5aKeO\/view?ts=602ebcb5\" target=\"_blank\" rel=\"noopener\">Resoluci\u00f3n Ministerial 0213\/5 (SGE) -2020\u00a0\u00a0<\/a>Saberes Priorizados Educaci\u00f3n Superior &#8211;<\/p>\n<p><a href=\"https:\/\/drive.google.com\/file\/d\/1wXihFti3l54nJ4Ul5dcLD82pnW_fH0jM\/view\" target=\"_blank\" rel=\"noopener\">Resoluci\u00f3n Ministerial 0422\/5 (MEd)\u2013\u00a0<\/a>Calendario Acad\u00e9mico 2020<\/p>\n<p><a href=\"https:\/\/drive.google.com\/file\/d\/1cxV7NLPHsWYdcbt-V9aNNL8w_pZRb8zd\/view?usp=sharing\" target=\"_blank\" rel=\"noopener\">Resoluci\u00f3n N\u00ba 1612\/5 (MEd) \u2013 2018 &#8211;\u00a0<\/a>Reglamento Jurisdiccional de Pr\u00e1ctica y Residencia, con alcances a los siguientes Profesorados: Profesorado de Educaci\u00f3n Inicial, Profesorado de Educaci\u00f3n Primaria, Profesorado de Educaci\u00f3n Secundaria, Profesorados que forman para m\u00e1s de un nivel.<\/p>\n<p><a href=\"https:\/\/des-tuc.infd.edu.ar\/sitio\/wp-content\/uploads\/2021\/06\/Resoluci\u00f3n-N\u00ba-1372-MEd-2018.pdf\" target=\"_blank\" rel=\"noopener\">Resoluci\u00f3n N\u00ba 1372 (MEd) 2018\u00a0<\/a>Convenio marco de Pr\u00e1cticas Profesionalizantes y Acuerdo individual de Pr\u00e1cticas Profesionalizantes.<\/p>\n<p><a href=\"https:\/\/des-tuc.infd.edu.ar\/sitio\/wp-content\/uploads\/2021\/06\/RM-0533-5MEd-20-04-2015.pdf\">Resoluci\u00f3n N\u00ba 0533\/5 (MEd) 2015\u00a0<\/a>\/\/ Anexo I Procedimiento de definici\u00f3n de carreras y pautas para la elaboraci\u00f3n de dise\u00f1os curriculares de Educaci\u00f3n T\u00e9cnico Profesional Nivel Superior \/\/ Anexo II Procedimiento para la adhesi\u00f3n a Dise\u00f1os Curriculares Jurisdiccionales\u00a0 \/\/ Anexo III Protocolo Presentaci\u00f3n de Dise\u00f1o Curricular Jurisdiccional<\/p>\n<p><a href=\"https:\/\/drive.google.com\/file\/d\/1O4z9zHTdud7Usg0Rw7xBscI2SMSmwVxj\/view?usp=sharing\" target=\"_blank\" rel=\"noopener\">ROM &#8211; Resoluci\u00f3n N\u00ba 1959\/5 (MEd) 2015<\/a> Reglamento Org\u00e1nico Marco de los Institutos de Educaci\u00f3n Superior<\/p>\n<p><a href=\"https:\/\/drive.google.com\/file\/d\/1mjC5tNQpGfU_kOe8cFW_qTbLdLm6-MIk\/view?usp=sharing\" target=\"_blank\" rel=\"noopener\">RAM Resoluci\u00f3n N\u00ba 1269\/5 (MEd) 2012 MEd y su anexo<\/a>. \u00abR\u00e9gimen Acad\u00e9mico Marco del Nivel Superior\u00bb y \u201cMarco Normativo para el Campo de la Formaci\u00f3n en la Pr\u00e1ctica Profesional para el Nivel Inicial y Nivel Primario.<\/p>\n<hr \/>\n","protected":false},"excerpt":{"rendered":"<p>CIRCULARES DESNU DISPOSICIONES DESyA Disposici\u00f3n N\u00b0 3-2025 Correlativas R\u00e9gimen Jurisdiccional de Correlatividades del Profesorado de Educaci\u00f3n Especial con orientaci\u00f3n en Discapacidad Intelectual Disposici\u00f3n N\u00b012 DESyA 2022 Condiciones de cursado de las Pr\u00e1cticas Profesionales Docentes 2023 (Rectificaci\u00f3n Disposici\u00f3n N\u00ba09\/2022 DESyA) Disposici\u00f3n N\u00b009 DESyA 2022 Condiciones de cursado de las Pr\u00e1cticas Profesionales Docentes 2023 Disposici\u00f3n N\u00b002 DESyA &#8230; <a title=\"Normativas Jurisdiccionales\" class=\"read-more\" href=\"https:\/\/des-tuc.infd.edu.ar\/sitio\/normativas\/juridiccionales\/\" aria-label=\"More on Normativas Jurisdiccionales\">[+]<\/a><\/p>\n","protected":false},"author":543,"featured_media":0,"parent":1295,"menu_order":2,"comment_status":"closed","ping_status":"closed","template":"","meta":[],"acf":[],"_links":{"self":[{"href":"https:\/\/des-tuc.infd.edu.ar\/sitio\/wp-json\/wp\/v2\/pages\/2594"}],"collection":[{"href":"https:\/\/des-tuc.infd.edu.ar\/sitio\/wp-json\/wp\/v2\/pages"}],"about":[{"href":"https:\/\/des-tuc.infd.edu.ar\/sitio\/wp-json\/wp\/v2\/types\/page"}],"author":[{"embeddable":true,"href":"https:\/\/des-tuc.infd.edu.ar\/sitio\/wp-json\/wp\/v2\/users\/543"}],"replies":[{"embeddable":true,"href":"https:\/\/des-tuc.infd.edu.ar\/sitio\/wp-json\/wp\/v2\/comments?post=2594"}],"version-history":[{"count":56,"href":"https:\/\/des-tuc.infd.edu.ar\/sitio\/wp-json\/wp\/v2\/pages\/2594\/revisions"}],"predecessor-version":[{"id":11855,"href":"https:\/\/des-tuc.infd.edu.ar\/sitio\/wp-json\/wp\/v2\/pages\/2594\/revisions\/11855"}],"up":[{"embeddable":true,"href":"https:\/\/des-tuc.infd.edu.ar\/sitio\/wp-json\/wp\/v2\/pages\/1295"}],"wp:attachment":[{"href":"https:\/\/des-tuc.infd.edu.ar\/sitio\/wp-json\/wp\/v2\/media?parent=2594"}],"curies":[{"name":"wp","href":"https:\/\/api.w.org\/{rel}","templated":true}]}}