{"id":2300,"date":"2020-08-19T17:17:53","date_gmt":"2020-08-19T20:17:53","guid":{"rendered":"https:\/\/des-tuc.infd.edu.ar\/sitio\/?page_id=2300"},"modified":"2023-10-05T15:23:10","modified_gmt":"2023-10-05T18:23:10","slug":"practicas-i","status":"publish","type":"page","link":"https:\/\/des-tuc.infd.edu.ar\/sitio\/practicas-i\/","title":{"rendered":"Pr\u00e1ctica I"},"content":{"rendered":"<p><img decoding=\"async\" loading=\"lazy\" class=\"alignnone size-medium wp-image-2331\" src=\"https:\/\/des-tuc.infd.edu.ar\/sitio\/wp-content\/uploads\/2020\/08\/Pr\u00e1cticas-Profesionales-Portada-1000x333.png\" alt=\"\" width=\"1000\" height=\"333\" srcset=\"https:\/\/des-tuc.infd.edu.ar\/sitio\/wp-content\/uploads\/2020\/08\/Pr\u00e1cticas-Profesionales-Portada-1000x333.png 1000w, https:\/\/des-tuc.infd.edu.ar\/sitio\/wp-content\/uploads\/2020\/08\/Pr\u00e1cticas-Profesionales-Portada-768x256.png 768w, https:\/\/des-tuc.infd.edu.ar\/sitio\/wp-content\/uploads\/2020\/08\/Pr\u00e1cticas-Profesionales-Portada.png 1500w\" sizes=\"(max-width: 1000px) 100vw, 1000px\" \/><\/p>\n<p><span style=\"font-weight: 400;\"><strong>El prop\u00f3sito de este espacio formativo es guiar la entrada en terreno de los\/as futuros\/as profesores en espacios educativos diversos<\/strong>, sean estos con mayor o menor grado de formalizaci\u00f3n, facilitando la interacci\u00f3n directa de los\/as estudiantes con la realidad educativa global en diversos escenarios en los que podr\u00e1n desarrollar su actividad profesional futura. De este modo, se podr\u00e1 ir articulando progresivamente las perspectivas te\u00f3ricas con la realidad socioeducativa misma.&nbsp;<\/span><\/p>\n<p><span style=\"font-weight: 400;\">Esta propuesta pretende atender a la construcci\u00f3n de una identidad profesional que se base en un conocimiento fundado y comprometido con la realidad educativa y social, impulsando un ejercicio profesional \u00e9tico y transformador.&nbsp;<\/span><\/p>\n<p><strong>Entre sus objetivos se puede mencionar:&nbsp;<\/strong><\/p>\n<ul>\n<li style=\"font-weight: 400;\" aria-level=\"1\"><span style=\"font-weight: 400;\">Aproximarse reflexivamente a situaciones educativas amplias, dentro y fuera de la escuela.<\/span><\/li>\n<li style=\"font-weight: 400;\" aria-level=\"1\"><span style=\"font-weight: 400;\">Reflexionar y comparar los estilos de ense\u00f1anza de las modalidades formalizadas con las menos formalizadas para enriquecer los estilos de ense\u00f1anza y para el logro de una educaci\u00f3n m\u00e1s inclusiva.<\/span><\/li>\n<li style=\"font-weight: 400;\" aria-level=\"1\"><span style=\"font-weight: 400;\">Comprender c\u00f3mo se desarrolla lo educativo en \u00e1mbitos diversos destinados para tal fin a trav\u00e9s de la realizaci\u00f3n de trabajos de campo.<\/span><\/li>\n<li style=\"font-weight: 400;\" aria-level=\"1\"><span style=\"font-weight: 400;\">Desarrollar la capacidad de observar, registrar y entrevistar en terreno a los diferentes sujetos que intervienen en las situaciones educativas.<\/span><\/li>\n<li style=\"font-weight: 400;\" aria-level=\"1\"><span style=\"font-weight: 400;\">Conocer, comprender y analizar las m\u00faltiples posibilidades de desarrollo profesional en las instituciones educativas y en otras instituciones sociales.<\/span><\/li>\n<\/ul>\n<p><span style=\"font-weight: 400;\">Entre sus ejes se proyecta repensar lo educativo desde los territorios y la construcci\u00f3n de v\u00ednculos a partir de la observaci\u00f3n de experiencias educativas para su implicaci\u00f3n cr\u00edtica en la producci\u00f3n de un trabajo de campo.&nbsp;<\/span><\/p>\n<p><span style=\"font-weight: 400;\">El trabajo de campo es comprendido como un dispositivo que posibilita una aproximaci\u00f3n a la investigaci\u00f3n educativa a partir de diferentes estrategias metodol\u00f3gicas como la cartograf\u00eda social, la entrevista, el registro, entre otros.<\/span><\/p>\n<p><span style=\"font-weight: 400;\">El trabajo en pareja pedag\u00f3gica como equipo docente del espacio curricular resulta un condicionante esencial para la construcci\u00f3n de saberes interdisciplinarios y transversales para su formaci\u00f3n.<\/span><\/p>\n<p><\/p>\n<p><strong><em>A continuaci\u00f3n, se presenta bibliograf\u00eda sugerida para el abordaje de las tem\u00e1ticas.<\/em><\/strong><\/p>\n<ul>\n<li>ACHILLI, E. (2002). Investigaci\u00f3n y Formaci\u00f3n Docente. Base de la conferencia desarrollada en el III Encuentro de docentes que hacen investigaci\u00f3n. (Escuela Marina Vilte, CTERA-AMSAFE-CTA) Santa Fe, abril. Disponible en <a href=\"http:\/\/www.publicacionesemu.com.ar\">www.publicacionesemu.com.ar<\/a><\/li>\n<li><span style=\"font-weight: 400;\">AZPETIA FERN\u00c1NDEZ, A. Observaci\u00f3n no sistem\u00e1tica. Disponible en: <\/span><a href=\"http:\/\/www.uam.es\/personal_pdi\/stmaria\/jmurillo\/Met_Inves_Avan\/Presentacion\"><span style=\"font-weight: 400;\">http:\/\/www.uam.es\/personal_pdi\/stmaria\/jmurillo\/Met_Inves_Avan\/Presentacion<\/span><\/a><span style=\"font-weight: 400;\">es\/Observacion_NoSistematica_(Trabajo).pdf<\/span><\/li>\n<li><span style=\"font-weight: 400;\">COLOMBANI, M. C.: \u201cEspacio y poder. La escuela como espacio de la resistencia ante la nueva coyuntura socio-pol\u00edtica\u201d Universidad Nacional de Mor\u00f3n. Universidad Nacional de Mar del Plata. Disponible en: <\/span><a href=\"http:\/\/www.fchst.unlpam.edu.ar\/iciels\/191\"><span style=\"font-weight: 400;\">http:\/\/www.fchst.unlpam.edu.ar\/iciels\/191<\/span><\/a><span style=\"font-weight: 400;\">. pdf FRIGERIO, G. Y DIKER, G. (comps.)(2005), \u201cEducar: ese acto pol\u00edtico\u201d. Del estante editorial. Buenos Aires.<\/span><\/li>\n<li><span style=\"font-weight: 400;\">Cortometraje: Mi amigo Nietzsche, Ministerio de Cultura. Brasil, 2012 Disponible en: <\/span><a href=\"https:\/\/www.google.com\/search?q=mi+amigo+nietzsche&amp;rlz=1C1CHBD_esAR974AR974&amp;oq=mi+amigo+nie&amp;aqs=chrome.0.0i512l2j69i57j0i512l7.19963j0j7&amp;sourceid=chrome&amp;ie=UTF-8#fpstate=ive&amp;vld=cid:a88fe728,vid:oDgiyJKFxSQ\"><span style=\"font-weight: 400;\">https:\/\/www.google.com\/search?q=mi+amigo+nietzsche&amp;rlz=1C1CHBD_esAR974AR974&amp;oq=mi+amigo+nie&amp;aqs=chrome.0.0i512l2j69i57j0i512l7.19963j0j7&amp;sourceid=chrome&amp;ie=UTF-8#fpstate=ive&amp;vld=cid:a88fe728,vid:oDgiyJKFxSQ<\/span><\/a><\/li>\n<li><span style=\"font-weight: 400;\">Territorios educativos: El trabajo de campo en la formaci\u00f3n docente.&nbsp; Instituto de Formaci\u00f3n Docente Joaqu\u00edn V. Gonz\u00e1lez Disponible en <\/span><a href=\"https:\/\/www.youtube.com\/watch?v=9On0WLpk_VI&amp;ab_channel=eljoaquintv\"><span style=\"font-weight: 400;\">https:\/\/www.youtube.com\/watch?v=9On0WLpk_VI&amp;ab_channel=eljoaquintv<\/span><\/a><\/li>\n<li><span style=\"font-weight: 400;\">GONZ\u00c1LEZ D\u00c1VILA, A.(2021) Observaci\u00f3n de aula y formaci\u00f3n docente.I.E.S.P.E. Disponible en; <\/span><a href=\"https:\/\/www.iespe.mx\/post\/observacion-de-aula-y-formacion-docente\"><span style=\"font-weight: 400;\">https:\/\/www.iespe.mx\/post\/observacion-de-aula-y-formacion-docente<\/span><\/a><\/li>\n<li><span style=\"font-weight: 400;\">GUILL\u00c9N, A. \u201cLas Pr\u00e1cticas docentes desde la Formaci\u00f3n Inicial a la Residencia Pedag\u00f3gica. Un proceso de construcci\u00f3n reflexiva\u201d. Universidad Nacional de Cuyo. Disponible en: <\/span><a href=\"http:\/\/renpyr.xtrweb.com\/jornadas\/(D)%20III_Jornadas\/eje_3\/guillen,_alejandra_-trabajo.pdf\"><span style=\"font-weight: 400;\">http:\/\/renpyr.xtrweb.com\/jornadas\/(D)%20III_Jornadas\/eje_3\/guillen,_alejandra_-trabajo.pdf<\/span><\/a><\/li>\n<li><span style=\"font-weight: 400;\">Gorostiaga, J. M. (2017). Perspectivismo y Cartograf\u00eda Social: aportes a la educaci\u00f3n comparada.&nbsp;<\/span><i><span style=\"font-weight: 400;\">Educa\u00e7\u00e3o &amp; Realidade<\/span><\/i><span style=\"font-weight: 400;\">,&nbsp;<\/span><i><span style=\"font-weight: 400;\">42<\/span><\/i><span style=\"font-weight: 400;\">, 877-898.<\/span><\/li>\n<li><span style=\"font-weight: 400;\">TOURI\u00d1\u00c1N L\u00d3PEZ, J. M. \u201cAn\u00e1lisis conceptual de los procesos educativos formales, no formales e informales\u201d. Disponible en: <\/span><a href=\"http:\/\/revistas.usal.es\/index.php\/1130-3743\/article\/view\/3092\"><span style=\"font-weight: 400;\">http:\/\/revistas.usal.es\/index.php\/1130-3743\/article\/view\/3092<\/span><\/a><\/li>\n<li><span style=\"font-weight: 400;\">ROSALES, P., SOLA, I. Y OTROS (2011), Formando (nos): Compartiendo escenarios educativos. Documento Programa Nacional de Extensi\u00f3n Educativa (PNEE) \u201cAbrir la Escuela\u201d MINISTERIO DE EDUCACI\u00d3N DE LA NACI\u00d3N Direcci\u00f3n Nacional de Pol\u00edticas Socioeducativas. Nivel Primario y Secundario. Junio Disponible en: <\/span><a href=\"http:\/\/www.unrc.edu.ar\/unrc\/academica\/pdf\/practeducativas\/Segundo%20Cuaderno%20de%20Practicas%20Educativas%20.pdf\"><span style=\"font-weight: 400;\">http:\/\/www.unrc.edu.ar\/unrc\/academica\/pdf\/practeducativas\/Segundo%20Cuaderno%20de%20Practicas%20Educativas%20.pdf<\/span><\/a><span style=\"font-weight: 400;\">&nbsp;<\/span><\/li>\n<li><span style=\"font-weight: 400;\">MINISTERIO DE EDUCACI\u00d3N Y CULTURA. Direcci\u00f3n de educaci\u00f3n. Universidad de la Rep\u00fablica. Facultad de Humanidades. Uruguay, 2009. Aportes a las pr\u00e1cticas de educaci\u00f3n no Formal desde la investigaci\u00f3n educativa. Disponible en: <\/span><a href=\"about:blank\"><span style=\"font-weight: 400;\">http:\/\/educaci\u00f3n.mec.gub.uy\/boletin\/publinoformal\/aportes_a_las_practicas.pdf<\/span><\/a><\/li>\n<li><span style=\"font-weight: 400;\">QUIROZ RODR\u00cdGEZ, G.M. y otros (2018) An\u00e1lisis y reflexiones de la observaci\u00f3n participante en la formaci\u00f3n inicial docente. Disponible en: <\/span><a href=\"http:\/\/www.conisen.mx\/memorias2018\/memorias\/2\/P890.pdf\"><span style=\"font-weight: 400;\">http:\/\/www.conisen.mx\/memorias2018\/memorias\/2\/P890.pdf<\/span><\/a><\/li>\n<li><span style=\"font-weight: 400;\">S\u00c1NCHEZ BEDOYA, H. G. Una imagen ense\u00f1a m\u00e1s que mil palabras. \u00bfver o mirar? Zona Pr\u00f3xima, n\u00fam. 10, julio, 2009, pp. 196-209 Universidad del Norte Barranquilla, Colombia. Disponible en <\/span><a href=\"https:\/\/www.redalyc.org\/pdf\/853\/85312281014.pdf\"><span style=\"font-weight: 400;\">https:\/\/www.redalyc.org\/pdf\/853\/85312281014.pdf<\/span><\/a><\/li>\n<li><span style=\"font-weight: 400;\">SIRVENT, M. T; TOUBES, A.; SANTOS, H.; LLOSA, S.; LOMAGNO C. \u201cRevisi\u00f3n del concepto de Educaci\u00f3n No Formal\u201d Cuadernos de C\u00e1tedra de Educaci\u00f3n No Formal &#8211; OPFYL; Facultad de Filosof\u00eda y Letras UBA, Buenos Aires, 2006. Disponible en: <\/span><a href=\"http:\/\/www.unesco.org.uy\/ci\/fileadmin\/educaci%C3%B3n\/Revisi%C3%B3n%20del%20Concepto%20de%20EduNoFormal%20-%20JFI\"><span style=\"font-weight: 400;\">http:\/\/www.unesco.org.uy\/ci\/fileadmin\/educaci\u00f3n\/Revisi%C3%B3n%20del%20Concepto%20de%20EduNoFormal%20-%20JFI<\/span><\/a><\/li>\n<\/ul>\n<h2>&nbsp;<\/h2>\n\n<div class=\"wp-block-image\">\n<figure class=\"aligncenter size-full is-resized\"><a href=\"https:\/\/des-tuc.infd.edu.ar\/sitio\/bibliografia-practicas-i\/\"><img decoding=\"async\" loading=\"lazy\" src=\"https:\/\/des-tuc.infd.edu.ar\/sitio\/wp-content\/uploads\/2023\/09\/Estudio-de-Fotografia-Portada-de-Facebook.png\" alt=\"\" class=\"wp-image-8877\" width=\"571\" height=\"211\" srcset=\"https:\/\/des-tuc.infd.edu.ar\/sitio\/wp-content\/uploads\/2023\/09\/Estudio-de-Fotografia-Portada-de-Facebook.png 851w, https:\/\/des-tuc.infd.edu.ar\/sitio\/wp-content\/uploads\/2023\/09\/Estudio-de-Fotografia-Portada-de-Facebook-768x284.png 768w\" sizes=\"(max-width: 571px) 100vw, 571px\" \/><\/a><\/figure><\/div>","protected":false},"excerpt":{"rendered":"<p>El prop\u00f3sito de este espacio formativo es guiar la entrada en terreno de los\/as futuros\/as profesores en espacios educativos diversos, sean estos con mayor o menor grado de formalizaci\u00f3n, facilitando la interacci\u00f3n directa de los\/as estudiantes con la realidad educativa global en diversos escenarios en los que podr\u00e1n desarrollar su actividad profesional futura. De este &#8230; <a title=\"Pr\u00e1ctica I\" class=\"read-more\" href=\"https:\/\/des-tuc.infd.edu.ar\/sitio\/practicas-i\/\" aria-label=\"More on Pr\u00e1ctica I\">[+]<\/a><\/p>\n","protected":false},"author":294,"featured_media":0,"parent":0,"menu_order":0,"comment_status":"closed","ping_status":"closed","template":"","meta":[],"acf":[],"_links":{"self":[{"href":"https:\/\/des-tuc.infd.edu.ar\/sitio\/wp-json\/wp\/v2\/pages\/2300"}],"collection":[{"href":"https:\/\/des-tuc.infd.edu.ar\/sitio\/wp-json\/wp\/v2\/pages"}],"about":[{"href":"https:\/\/des-tuc.infd.edu.ar\/sitio\/wp-json\/wp\/v2\/types\/page"}],"author":[{"embeddable":true,"href":"https:\/\/des-tuc.infd.edu.ar\/sitio\/wp-json\/wp\/v2\/users\/294"}],"replies":[{"embeddable":true,"href":"https:\/\/des-tuc.infd.edu.ar\/sitio\/wp-json\/wp\/v2\/comments?post=2300"}],"version-history":[{"count":58,"href":"https:\/\/des-tuc.infd.edu.ar\/sitio\/wp-json\/wp\/v2\/pages\/2300\/revisions"}],"predecessor-version":[{"id":9031,"href":"https:\/\/des-tuc.infd.edu.ar\/sitio\/wp-json\/wp\/v2\/pages\/2300\/revisions\/9031"}],"wp:attachment":[{"href":"https:\/\/des-tuc.infd.edu.ar\/sitio\/wp-json\/wp\/v2\/media?parent=2300"}],"curies":[{"name":"wp","href":"https:\/\/api.w.org\/{rel}","templated":true}]}}