{"id":2287,"date":"2020-08-12T14:36:42","date_gmt":"2020-08-12T17:36:42","guid":{"rendered":"https:\/\/des-tuc.infd.edu.ar\/sitio\/?page_id=2287"},"modified":"2020-08-12T16:06:40","modified_gmt":"2020-08-12T19:06:40","slug":"cronograma-de-mesas-especiales-virtuales-para-el-nivel-superior","status":"publish","type":"page","link":"https:\/\/des-tuc.infd.edu.ar\/sitio\/cronograma-de-mesas-especiales-virtuales-para-el-nivel-superior\/","title":{"rendered":"Cronograma de Mesas Especiales Virtuales para el Nivel Superior"},"content":{"rendered":"<p><strong>Las Mesas de Ex\u00e1menes Especiales se realizar\u00e1n en modalidad virtual,<\/strong> contemplando el contexto vigente, para garantizar el resguardo en materia de salud de la comunidad educativa involucrada.<\/p>\n<p>La apertura de la modalidad, que se concretar\u00e1n por primera vez, en el Nivel Superior, se dirige a los\u00a0estudiantes que necesiten finalizar sus trayectorias educativas. Podr\u00e1n inscribirse en estas mesas los estudiantes que adeuden hasta 3 materias.<\/p>\n<h2>Fechas importantes<\/h2>\n<p>La Direcci\u00f3n de Educaci\u00f3n Superior y Art\u00edstica confirm\u00f3 que del 24 al 28 de agosto se desarrollaran las Mesas de Ex\u00e1menes Virtuales.<\/p>\n<p>Mientras que las inscripciones se realizan desde el 12 al 14 de agosto, de manera virtual a trav\u00e9s de los nodos y documentos habilitados a tal fin por cada instituto.<\/p>\n<h2><strong>Datos a tener en cuenta\u00a0<\/strong><\/h2>\n<p>La resoluci\u00f3n Ministerial 0073\/5 establece para las Mesas de Ex\u00e1menes Especiales Virtuales, el estudiante deber\u00e1 contar con con las condiciones de conectividad y equipamiento fundamental para la modalidad virtual, es decir: computadora, celular o tablet con audio y video habilitado.<\/p>\n<p>&nbsp;<\/p>\n","protected":false},"excerpt":{"rendered":"<p>Las Mesas de Ex\u00e1menes Especiales se realizar\u00e1n en modalidad virtual, contemplando el contexto vigente, para garantizar el resguardo en materia de salud de la comunidad educativa involucrada. La apertura de la modalidad, que se concretar\u00e1n por primera vez, en el Nivel Superior, se dirige a los\u00a0estudiantes que necesiten finalizar sus trayectorias educativas. Podr\u00e1n inscribirse en &#8230; <a title=\"Cronograma de Mesas Especiales Virtuales para el Nivel Superior\" class=\"read-more\" href=\"https:\/\/des-tuc.infd.edu.ar\/sitio\/cronograma-de-mesas-especiales-virtuales-para-el-nivel-superior\/\" aria-label=\"More on Cronograma de Mesas Especiales Virtuales para el Nivel Superior\">[+]<\/a><\/p>\n","protected":false},"author":408,"featured_media":2295,"parent":0,"menu_order":0,"comment_status":"closed","ping_status":"closed","template":"","meta":[],"acf":[],"_links":{"self":[{"href":"https:\/\/des-tuc.infd.edu.ar\/sitio\/wp-json\/wp\/v2\/pages\/2287"}],"collection":[{"href":"https:\/\/des-tuc.infd.edu.ar\/sitio\/wp-json\/wp\/v2\/pages"}],"about":[{"href":"https:\/\/des-tuc.infd.edu.ar\/sitio\/wp-json\/wp\/v2\/types\/page"}],"author":[{"embeddable":true,"href":"https:\/\/des-tuc.infd.edu.ar\/sitio\/wp-json\/wp\/v2\/users\/408"}],"replies":[{"embeddable":true,"href":"https:\/\/des-tuc.infd.edu.ar\/sitio\/wp-json\/wp\/v2\/comments?post=2287"}],"version-history":[{"count":6,"href":"https:\/\/des-tuc.infd.edu.ar\/sitio\/wp-json\/wp\/v2\/pages\/2287\/revisions"}],"predecessor-version":[{"id":2297,"href":"https:\/\/des-tuc.infd.edu.ar\/sitio\/wp-json\/wp\/v2\/pages\/2287\/revisions\/2297"}],"wp:featuredmedia":[{"embeddable":true,"href":"https:\/\/des-tuc.infd.edu.ar\/sitio\/wp-json\/wp\/v2\/media\/2295"}],"wp:attachment":[{"href":"https:\/\/des-tuc.infd.edu.ar\/sitio\/wp-json\/wp\/v2\/media?parent=2287"}],"curies":[{"name":"wp","href":"https:\/\/api.w.org\/{rel}","templated":true}]}}