{"id":1903,"date":"2020-02-10T15:18:11","date_gmt":"2020-02-10T18:18:11","guid":{"rendered":"https:\/\/des-tuc.infd.edu.ar\/sitio\/?page_id=1903"},"modified":"2020-02-10T17:51:18","modified_gmt":"2020-02-10T20:51:18","slug":"acciones-2019","status":"publish","type":"page","link":"https:\/\/des-tuc.infd.edu.ar\/sitio\/investigacion-2\/acciones-2019\/","title":{"rendered":"Acciones 2019"},"content":{"rendered":"<h2><strong>Acciones de la L\u00ednea de Investigaci\u00f3n de la Direcci\u00f3n de Educaci\u00f3n Superior y Art\u00edstica<\/strong><br \/>\n<strong>2019<\/strong><\/h2>\n<p><img decoding=\"async\" loading=\"lazy\" class=\"alignnone size-medium wp-image-1677\" src=\"https:\/\/des-tuc.infd.edu.ar\/sitio\/wp-content\/uploads\/2019\/09\/Feria-de-Ciencias-2019-1-1000x393.jpg\" alt=\"\" width=\"1000\" height=\"393\" srcset=\"https:\/\/des-tuc.infd.edu.ar\/sitio\/wp-content\/uploads\/2019\/09\/Feria-de-Ciencias-2019-1-1000x393.jpg 1000w, https:\/\/des-tuc.infd.edu.ar\/sitio\/wp-content\/uploads\/2019\/09\/Feria-de-Ciencias-2019-1-768x302.jpg 768w, https:\/\/des-tuc.infd.edu.ar\/sitio\/wp-content\/uploads\/2019\/09\/Feria-de-Ciencias-2019-1.jpg 1280w\" sizes=\"(max-width: 1000px) 100vw, 1000px\" \/><\/p>\n<p>Referente de Investigaci\u00f3n: Dra. <strong>Denisse Oliszewski<\/strong><\/p>\n<p>&nbsp;<\/p>\n<ul>\n<li><strong>Acompa\u00f1amiento de los IES y las Tecnicaturas de Nivel Superior en las instancias<\/strong><br \/>\n<strong>circuital y provincial de Feria de Ciencias.<\/strong><\/li>\n<\/ul>\n<p>En articulaci\u00f3n con integrantes de la COACyT se acompa\u00f1\u00f3 desde la DESyA a los docentes asesores y estudiantes de nivel superior participantes de Feria de Ciencias. El acompa\u00f1amiento se realiz\u00f3 en diversas instancias. La primera fue durante las mesas de trabajo dirigidas a los docentes asesores, las mismas estuvieron a cargo de Gustavo Lencina<br \/>\n(COACyT) y tuvieron lugar en el CIIDEPT y en el IES Monteros. Asimismo, se asisti\u00f3 a los participantes en las instancias circuitales de Feria Ciencias en el IES Marchetti y el IES Aguilares como as\u00ed tambi\u00e9n en los encuentros provinciales.<br \/>\nAdem\u00e1s desde la DESyA se realizaron asistencias t\u00e9cnicas a los docentes asesores para despejar dudas vinculadas a su participaci\u00f3n en las diferentes instancias del evento.<\/p>\n<figure id=\"attachment_1543\" aria-describedby=\"caption-attachment-1543\" style=\"width: 990px\" class=\"wp-caption alignnone\"><img decoding=\"async\" loading=\"lazy\" class=\"wp-image-1543 size-medium\" src=\"https:\/\/des-tuc.infd.edu.ar\/sitio\/wp-content\/uploads\/2019\/07\/1-Feria-de-ciencias-CIDEPT-1000x339.jpg\" alt=\"\" width=\"1000\" height=\"339\" srcset=\"https:\/\/des-tuc.infd.edu.ar\/sitio\/wp-content\/uploads\/2019\/07\/1-Feria-de-ciencias-CIDEPT-1000x339.jpg 1000w, https:\/\/des-tuc.infd.edu.ar\/sitio\/wp-content\/uploads\/2019\/07\/1-Feria-de-ciencias-CIDEPT-768x261.jpg 768w, https:\/\/des-tuc.infd.edu.ar\/sitio\/wp-content\/uploads\/2019\/07\/1-Feria-de-ciencias-CIDEPT-1900x645.jpg 1900w\" sizes=\"(max-width: 1000px) 100vw, 1000px\" \/><figcaption id=\"caption-attachment-1543\" class=\"wp-caption-text\">Asistencias t\u00e9cnicas a los docentes asesores para despejar dudas vinculadas a su participaci\u00f3n en las diferentes instancias del evento.<\/figcaption><\/figure>\n<ul>\n<li><strong>Participaci\u00f3n del III Estudio Nacional del INFoD<\/strong><\/li>\n<\/ul>\n<p>Se realizaron las gestiones y acciones necesarias para llevar a cabo el III Estudio Nacional del INFoD. Un primera acci\u00f3n fue la de contactar al grupo investigador que estar\u00eda a cargo de llevar adelante el estudio en nuestra provincia. El mismo estuvo integrado por docentes- investigadoras del Instituto de Perfeccionamiento Docente (IPD). La coordinadora fue la pedagoga Mar\u00eda Fernanda Hidalgo y las restantes miembros fueron: Josefina Hidalgo, Mar\u00eda<br \/>\nSilvia Salazar y Marcela Andrada.<br \/>\nDesde la DESyA se realizaron diversas reuniones de trabajo y acompa\u00f1amiento al equipo docente. En este mismo sentido, en el mes de septiembre se llev\u00f3 a cabo una mesa de trabajo y asistencia t\u00e9cnica con Adriana Serrudo, representante del INFoD.<br \/>\nBajo el rol de Referente de Investigaci\u00f3n Jurisdiccional de la DESyA, la Dra. Denisse Oliszewski concret\u00f3 las tareas previstas de investigaci\u00f3n para esta l\u00ednea: entrevista a Cecilia Villanueva, referente de FORMAR y entrevista a Francisco Vidal, Presidente de la Junta de Clasificaci\u00f3n.<br \/>\nPor \u00faltimo, se acompa\u00f1\u00f3 en la revisi\u00f3n y redacci\u00f3n del informe final del estudio que ser\u00e1 publicado pr\u00f3ximamente por el INFOD.<\/p>\n<ul>\n<li><strong>Proyecto de Fortalecimiento de Pr\u00e1cticas y Saberes de Lectura Escritura y Oralidad<\/strong><\/li>\n<\/ul>\n<p>Se conform\u00f3 un equipo de trabajo interdisciplinario integrado por profesionales de la DESyA para dise\u00f1ar e implementar un plan de acci\u00f3n orientado al fortalecimiento de las pr\u00e1cticas y los saberes de lectura, escritura y oralidad de los estudiantes de los Institutos de Formaci\u00f3n Docente de Tucum\u00e1n.<br \/>\nAsimismo, desde la organizaci\u00f3n del proyecto se llevaron a cabo tres mesas de trabajo con docentes de LEO y otras asignaturas (TICS, Producci\u00f3n de Recursos Did\u00e1cticos y Digitales para la Ense\u00f1anza y EDI) para conocer c\u00f3mo trabajan ellos en su materia, compartir la propuesta en marcha y ponerla a consideraci\u00f3n y debate.<\/p>\n<ul>\n<li><strong>Articulaci\u00f3n<\/strong><\/li>\n<\/ul>\n<p>Desde el mes de octubre de 2019 a la actualidad se inici\u00f3 un proceso de trabajo conjunto con el equipo <strong>M\u00e1s Ciencia<\/strong> dependiente del \u00e1rea acad\u00e9mica del CIIDEPT.<br \/>\nEntre los objetivos de esta articulaci\u00f3n est\u00e1 presente la asistencia de docentes tanto en aspectos de investigaci\u00f3n como de cuestiones metodol\u00f3gicas y disciplinares. Teniendo como meta la construcci\u00f3n colaborativa y colectiva de conocimientos que impacten de modo positivo en las aulas.<\/p>\n","protected":false},"excerpt":{"rendered":"<p>Acciones de la L\u00ednea de Investigaci\u00f3n de la Direcci\u00f3n de Educaci\u00f3n Superior y Art\u00edstica 2019 Referente de Investigaci\u00f3n: Dra. Denisse Oliszewski &nbsp; Acompa\u00f1amiento de los IES y las Tecnicaturas de Nivel Superior en las instancias circuital y provincial de Feria de Ciencias. En articulaci\u00f3n con integrantes de la COACyT se acompa\u00f1\u00f3 desde la DESyA a &#8230; <a title=\"Acciones 2019\" class=\"read-more\" href=\"https:\/\/des-tuc.infd.edu.ar\/sitio\/investigacion-2\/acciones-2019\/\" aria-label=\"More on Acciones 2019\">[+]<\/a><\/p>\n","protected":false},"author":408,"featured_media":0,"parent":1293,"menu_order":0,"comment_status":"closed","ping_status":"closed","template":"","meta":[],"acf":[],"_links":{"self":[{"href":"https:\/\/des-tuc.infd.edu.ar\/sitio\/wp-json\/wp\/v2\/pages\/1903"}],"collection":[{"href":"https:\/\/des-tuc.infd.edu.ar\/sitio\/wp-json\/wp\/v2\/pages"}],"about":[{"href":"https:\/\/des-tuc.infd.edu.ar\/sitio\/wp-json\/wp\/v2\/types\/page"}],"author":[{"embeddable":true,"href":"https:\/\/des-tuc.infd.edu.ar\/sitio\/wp-json\/wp\/v2\/users\/408"}],"replies":[{"embeddable":true,"href":"https:\/\/des-tuc.infd.edu.ar\/sitio\/wp-json\/wp\/v2\/comments?post=1903"}],"version-history":[{"count":3,"href":"https:\/\/des-tuc.infd.edu.ar\/sitio\/wp-json\/wp\/v2\/pages\/1903\/revisions"}],"predecessor-version":[{"id":1912,"href":"https:\/\/des-tuc.infd.edu.ar\/sitio\/wp-json\/wp\/v2\/pages\/1903\/revisions\/1912"}],"up":[{"embeddable":true,"href":"https:\/\/des-tuc.infd.edu.ar\/sitio\/wp-json\/wp\/v2\/pages\/1293"}],"wp:attachment":[{"href":"https:\/\/des-tuc.infd.edu.ar\/sitio\/wp-json\/wp\/v2\/media?parent=1903"}],"curies":[{"name":"wp","href":"https:\/\/api.w.org\/{rel}","templated":true}]}}