{"id":1867,"date":"2019-12-19T16:53:22","date_gmt":"2019-12-19T19:53:22","guid":{"rendered":"https:\/\/des-tuc.infd.edu.ar\/sitio\/?page_id=1867"},"modified":"2019-12-19T16:58:37","modified_gmt":"2019-12-19T19:58:37","slug":"acompanamiento-en-la-muestra-final-de-practicas-de-la-eba","status":"publish","type":"page","link":"https:\/\/des-tuc.infd.edu.ar\/sitio\/acompanamiento-en-la-muestra-final-de-practicas-de-la-eba\/","title":{"rendered":"Acompa\u00f1amiento en la Muestra Final de Pr\u00e1cticas de la EBA"},"content":{"rendered":"<p>La <strong>Escuela Superior de Bellas Artes (EBA)<\/strong> realiz\u00f3 el <em>Conversatorio de Pr\u00e1cticas como Muestra Pedag\u00f3gica Final<\/em> de los estudiantes de 1\u00ba a 4\u00ba a\u00f1o del Profesorado de Artes Visuales. Los estudiantes estuvieron acompa\u00f1ados de sus formadores y co-formadores al momento de realizar sus ponencias sobre las experiencias derivadas de las pr\u00e1cticas profesionales.<\/p>\n<p>A lo largo del a\u00f1o la EBA en conjunto con la <strong>Direcci\u00f3n de Educaci\u00f3n Superior y Art\u00edsticas<\/strong> realizaron actividades de forma articulada en el marco de las pr\u00e1cticas docentes, por lo que estuvieron presentes de la Muestra Final la representante de\u00a0la DESyA desde el \u00e1rea de Pr\u00e1ctica Profesional Docente.<\/p>\n<p>Presidieron el Conversatorio de Pr\u00e1cticas el director de la EBA, Prof. <strong>Jorge Gutierrez<\/strong> y la Prof. de Pr\u00e1cticas, <strong>Deborah Saientz<\/strong>, quien fue la encargada de organizar la propuesta.<\/p>\n<figure id=\"attachment_1872\" aria-describedby=\"caption-attachment-1872\" style=\"width: 990px\" class=\"wp-caption alignnone\"><img decoding=\"async\" loading=\"lazy\" class=\"size-medium wp-image-1872\" src=\"https:\/\/des-tuc.infd.edu.ar\/sitio\/wp-content\/uploads\/2019\/12\/Conversatorio-Escuela-Bellas-Artes-1000x750.jpeg\" alt=\"\" width=\"1000\" height=\"750\" srcset=\"https:\/\/des-tuc.infd.edu.ar\/sitio\/wp-content\/uploads\/2019\/12\/Conversatorio-Escuela-Bellas-Artes-1000x750.jpeg 1000w, https:\/\/des-tuc.infd.edu.ar\/sitio\/wp-content\/uploads\/2019\/12\/Conversatorio-Escuela-Bellas-Artes-768x576.jpeg 768w, https:\/\/des-tuc.infd.edu.ar\/sitio\/wp-content\/uploads\/2019\/12\/Conversatorio-Escuela-Bellas-Artes-1900x1425.jpeg 1900w\" sizes=\"(max-width: 1000px) 100vw, 1000px\" \/><figcaption id=\"caption-attachment-1872\" class=\"wp-caption-text\">smart<\/figcaption><\/figure>\n<p>&nbsp;<\/p>\n","protected":false},"excerpt":{"rendered":"<p>La Escuela Superior de Bellas Artes (EBA) realiz\u00f3 el Conversatorio de Pr\u00e1cticas como Muestra Pedag\u00f3gica Final de los estudiantes de 1\u00ba a 4\u00ba a\u00f1o del Profesorado de Artes Visuales. Los estudiantes estuvieron acompa\u00f1ados de sus formadores y co-formadores al momento de realizar sus ponencias sobre las experiencias derivadas de las pr\u00e1cticas profesionales. A lo largo &#8230; <a title=\"Acompa\u00f1amiento en la Muestra Final de Pr\u00e1cticas de la EBA\" class=\"read-more\" href=\"https:\/\/des-tuc.infd.edu.ar\/sitio\/acompanamiento-en-la-muestra-final-de-practicas-de-la-eba\/\" aria-label=\"More on Acompa\u00f1amiento en la Muestra Final de Pr\u00e1cticas de la EBA\">[+]<\/a><\/p>\n","protected":false},"author":408,"featured_media":1868,"parent":0,"menu_order":0,"comment_status":"closed","ping_status":"closed","template":"","meta":[],"acf":[],"_links":{"self":[{"href":"https:\/\/des-tuc.infd.edu.ar\/sitio\/wp-json\/wp\/v2\/pages\/1867"}],"collection":[{"href":"https:\/\/des-tuc.infd.edu.ar\/sitio\/wp-json\/wp\/v2\/pages"}],"about":[{"href":"https:\/\/des-tuc.infd.edu.ar\/sitio\/wp-json\/wp\/v2\/types\/page"}],"author":[{"embeddable":true,"href":"https:\/\/des-tuc.infd.edu.ar\/sitio\/wp-json\/wp\/v2\/users\/408"}],"replies":[{"embeddable":true,"href":"https:\/\/des-tuc.infd.edu.ar\/sitio\/wp-json\/wp\/v2\/comments?post=1867"}],"version-history":[{"count":3,"href":"https:\/\/des-tuc.infd.edu.ar\/sitio\/wp-json\/wp\/v2\/pages\/1867\/revisions"}],"predecessor-version":[{"id":1874,"href":"https:\/\/des-tuc.infd.edu.ar\/sitio\/wp-json\/wp\/v2\/pages\/1867\/revisions\/1874"}],"wp:featuredmedia":[{"embeddable":true,"href":"https:\/\/des-tuc.infd.edu.ar\/sitio\/wp-json\/wp\/v2\/media\/1868"}],"wp:attachment":[{"href":"https:\/\/des-tuc.infd.edu.ar\/sitio\/wp-json\/wp\/v2\/media?parent=1867"}],"curies":[{"name":"wp","href":"https:\/\/api.w.org\/{rel}","templated":true}]}}