{"id":1356,"date":"2018-08-31T16:43:44","date_gmt":"2018-08-31T19:43:44","guid":{"rendered":"https:\/\/des-tuc.infd.edu.ar\/sitio\/practica-i-politicas-para-la-inclusion-social\/"},"modified":"2018-08-31T16:43:44","modified_gmt":"2018-08-31T19:43:44","slug":"practica-i-politicas-para-la-inclusion-social","status":"publish","type":"page","link":"https:\/\/des-tuc.infd.edu.ar\/sitio\/practica-i-politicas-para-la-inclusion-social\/","title":{"rendered":"Pr\u00e1ctica I &#8211; Pol\u00edticas para la Inclusi\u00f3n Social"},"content":{"rendered":"<div style=\"text-align: justify;\"><span style=\"font-size: 12pt;\">En el marco del acompa&ntilde;amiento a la implementaci&oacute;n de los Dise&ntilde;os Curriculares Jurisdiccionales de Formaci&oacute;n Docente, compartimos el listado de instituciones que llevan a cabo actividades con Programas o Proyectos pertenecientes a la&nbsp;<strong><em>Coordinaci&oacute;n Provincial de Pol&iacute;ticas para la Inclusi&oacute;n Social<\/em><\/strong><em>,&nbsp;<\/em>con la finalidad de colaborar en la b&uacute;squeda de espacios para llevar a cabo las&nbsp;<strong>Pr&aacute;cticas I.<\/strong><\/span><\/p>\n<div style=\"text-align: justify;\"><span style=\"font-size: 12pt;\">Asimismo adjuntamos los Lineamientos de cada programa y bibliograf&iacute;a recomendada por la&nbsp;<strong><em>Coordinaci&oacute;n Provincial de Pol&iacute;ticas para la Inclusi&oacute;n Social<\/em><\/strong><em>.<\/em><\/span><\/div>\n<div style=\"text-align: justify;\"><span style=\"font-size: 12pt;\"><em><a title=\"Cuadernillo Institucional de la DNPS\" href=\"upload\/Cuadernillo_Institucional_de_la_DNPS.pdf\" target=\"_blank\">1. Cuadernillo Institucional de la DNPS<\/a>&nbsp;<\/em><\/span><\/div>\n<div style=\"text-align: justify;\"><span style=\"font-size: 12pt;\"><em><a title=\"Libro seminario Interno I\" href=\"upload\/Libro_seminarioInternoI.pdf\" target=\"_blank\">2. LIBRO Seminario Interno I<\/a><\/em><\/span><\/div>\n<div style=\"text-align: justify;\"><span style=\"font-size: 12pt;\"><em><a title=\"Libro Seminario Interno II\" href=\"upload\/LIBRO_seminario_Interno_II.pdf\" target=\"_blank\">3. LIBRO Seminario Interno II<\/a><\/em><\/span><\/div>\n<div style=\"text-align: justify;\"><span style=\"font-size: 12pt;\"><em><a title=\"lineamientos centros de actividades infantiles\" href=\"upload\/Lineamientos_Centros_de_Actividades_Infantiles.pdf\" target=\"_blank\">4. Lineamientos: Centros de Actividades Infantiles<\/a><\/em><\/span><\/div>\n<div style=\"text-align: justify;\"><span style=\"font-size: 12pt;\"><em><a title=\"lineamientos pedag&oacute;gicos CAJ 2015\" href=\"upload\/Lineamientos_pedagogico_CAJ_2015.pdf\" target=\"_blank\">5. Lineamientos: Pedag&oacute;gico CAJ 2015<\/a><\/em><\/span><\/div>\n<div style=\"text-align: justify;\"><span style=\"font-size: 12pt;\"><em><a title=\"N&oacute;mina CAI 2017\" href=\"upload\/ESCUELACAI_2017.docx\" target=\"_blank\">6. N&oacute;mina CAI 2017<\/a><\/em><\/span><\/div>\n<div style=\"text-align: justify;\"><span style=\"font-size: 12pt;\"><em><a title=\"N&oacute;mina CAJ 2017\" href=\"upload\/Escuelas_CAJ_2017.xlsx\" target=\"_blank\">7. N&oacute;mina CAJ 2017<\/a><\/em><\/span><\/div>\n<div style=\"text-align: justify;\"><span style=\"font-size: 12pt;\"><em><a title=\"Nomina de orquestas y coros 2016\" href=\"upload\/Nomina_de_Orquestas_y_Coros-2016.pdf\" target=\"_blank\">8. N&oacute;mina de Orquestas y Coros 2016<\/a><\/em><\/span><\/div>\n<div style=\"text-align: justify;\"><span style=\"font-size: 12pt;\"><em><a title=\"Nominas radios CAJ 2016\" href=\"upload\/Nominas_Radios_CAJ-_2016.pdf\" target=\"_blank\">9. N&oacute;mina Radios CAJ 2016<\/a><\/em><\/span><\/div>\n<div style=\"text-align: justify;\"><span style=\"font-size: 12pt;\"><em><a title=\"Procedimiento ingreso a instituciones con proyectos de coordinaci&oacute;n para la inclusi&oacute;n\" href=\"upload\/Procedimiento_ingreso_a_Instituciones_conn_programa_o_proyectos_de_Coordinacion_para_la_inlcusion.pdf\" target=\"_blank\">10. Procedimiento ingreso a Institucionales con Proyectos de Coordinaci&oacute;n para la Inclusi&oacute;n Educativa.<\/a><\/em><\/span><\/div>\n<div style=\"text-align: justify;\"><span style=\"font-size: 12pt;\"><em><a title=\"Nomina CAI Nivel Inicial\" href=\"upload\/Nomina_CAI_Nivel_Inicial.pdf\" target=\"_blank\">11.&nbsp;Nomina CAI Nivel Inicial<\/a><\/em><\/span><\/div>\n<\/div>\n","protected":false},"excerpt":{"rendered":"<p>En el marco del acompa&ntilde;amiento a la implementaci&oacute;n de los Dise&ntilde;os Curriculares Jurisdiccionales de Formaci&oacute;n Docente, compartimos el listado de instituciones que llevan a cabo actividades con Programas o Proyectos pertenecientes a la&nbsp;Coordinaci&oacute;n Provincial de Pol&iacute;ticas para la Inclusi&oacute;n Social,&nbsp;con la finalidad de colaborar en la b&uacute;squeda de espacios para llevar a cabo las&nbsp;Pr&aacute;cticas I. &#8230; <a title=\"Pr\u00e1ctica I &#8211; Pol\u00edticas para la Inclusi\u00f3n Social\" class=\"read-more\" href=\"https:\/\/des-tuc.infd.edu.ar\/sitio\/practica-i-politicas-para-la-inclusion-social\/\" aria-label=\"More on Pr\u00e1ctica I &#8211; Pol\u00edticas para la Inclusi\u00f3n Social\">[+]<\/a><\/p>\n","protected":false},"author":275,"featured_media":0,"parent":0,"menu_order":0,"comment_status":"closed","ping_status":"closed","template":"","meta":[],"acf":[],"_links":{"self":[{"href":"https:\/\/des-tuc.infd.edu.ar\/sitio\/wp-json\/wp\/v2\/pages\/1356"}],"collection":[{"href":"https:\/\/des-tuc.infd.edu.ar\/sitio\/wp-json\/wp\/v2\/pages"}],"about":[{"href":"https:\/\/des-tuc.infd.edu.ar\/sitio\/wp-json\/wp\/v2\/types\/page"}],"author":[{"embeddable":true,"href":"https:\/\/des-tuc.infd.edu.ar\/sitio\/wp-json\/wp\/v2\/users\/275"}],"replies":[{"embeddable":true,"href":"https:\/\/des-tuc.infd.edu.ar\/sitio\/wp-json\/wp\/v2\/comments?post=1356"}],"version-history":[{"count":0,"href":"https:\/\/des-tuc.infd.edu.ar\/sitio\/wp-json\/wp\/v2\/pages\/1356\/revisions"}],"wp:attachment":[{"href":"https:\/\/des-tuc.infd.edu.ar\/sitio\/wp-json\/wp\/v2\/media?parent=1356"}],"curies":[{"name":"wp","href":"https:\/\/api.w.org\/{rel}","templated":true}]}}