{"id":1350,"date":"2018-08-31T16:43:42","date_gmt":"2018-08-31T19:43:42","guid":{"rendered":"https:\/\/des-tuc.infd.edu.ar\/sitio\/formacion-docente\/"},"modified":"2021-06-16T09:27:16","modified_gmt":"2021-06-16T12:27:16","slug":"formacion-docente","status":"publish","type":"page","link":"https:\/\/des-tuc.infd.edu.ar\/sitio\/formacion-docente\/","title":{"rendered":"Formaci\u00f3n Docente"},"content":{"rendered":"<h1><span style=\"font-size: 12pt;\">Dise\u00f1os Curriculares &#8211; Formaci\u00f3n Docente<\/span><\/h1>\n<div id=\"contenido_sitio\">\n<ul>\n<li class=\"Default\"><span style=\"font-size: 12pt;\"><a title=\"Dise\u00f1o_Curricular_profesorado de portugues__pdf\" href=\"upload\/Res._158_-_Profesorado_de_Portugues.pdf\" target=\"_blank\" rel=\"noopener\">Dise\u00f1o\u00a0 Curricular Res.N\u00b0 158\/5(MEd) Profesorado de Portugu\u00e9s. PDF<\/a><\/span><\/li>\n<li class=\"Default\"><span style=\"font-size: 12pt;\"><a title=\"Dise\u00f1o_Curricular_profesorado de educacion fisica__pdf\" href=\"upload\/Res._190_-_Profesorado_de_Educacion_Fisica.pdf\" target=\"_blank\" rel=\"noopener\">Dise\u00f1o\u00a0 Curricular Res. N\u00b0 190\/5 (MEd) \u00a0Profesorado de Educaci\u00f3n F\u00edsica. PDF<\/a><\/span><\/li>\n<li class=\"Default\"><span style=\"font-size: 12pt;\"><a title=\"Dise\u00f1o_Curricular_Profesorado de Secundaria en Fisica__pdf\" href=\"upload\/Res._242_-_Profesorado_de_Secundaria_en_Fisica.pdf\" target=\"_blank\" rel=\"noopener\">Dise\u00f1o\u00a0 Curricular Res. N\u00b0 242\/5 (MEd) \u00a0Profesorado de Secundaria en f\u00edsica. PDF<\/a><\/span><\/li>\n<li class=\"Default\"><span style=\"font-size: 12pt;\"><a title=\"Dise\u00f1o_Curricular_Profesorado de Musica con Orientaci\u00f3n en Instrumentos__pdf\" href=\"upload\/Res._305_-_Profesorado_de_Musica_con_Orientacion_en_Instrume.pdf\" target=\"_blank\" rel=\"noopener\">Dise\u00f1o\u00a0 Curricular Res. N\u00b0 305\/5 (MEd) \u00a0Profesorado de M\u00fasica con Orientaci\u00f3n. en Instrumento. PDF<\/a><\/span><\/li>\n<li class=\"Default\"><span style=\"font-size: 12pt;\"><a title=\"Dise\u00f1o_Curricular_Profesorado de Musica con Orientaci\u00f3n en Danza Folk\u00f3rica__pdf\" href=\"upload\/Res._306_-_Profesorado_de_Danza_con_Orientacion_en_Danza_Fol.pdf\" target=\"_blank\" rel=\"noopener\">Dise\u00f1o\u00a0 Curricular Res. N\u00b0 306\/5 (MEd) \u00a0Profesorado de Danza con Orientaci\u00f3n en Danza Folcl\u00f3rica. PDF<\/a><\/span><\/li>\n<li class=\"Default\"><span style=\"font-size: 12pt;\"><a title=\"Dise\u00f1o_Curricular_Profesorado de Musica con Orientaci\u00f3n en Educaci\u00f3n Musical__pdf\" href=\"upload\/Res._307_-_Profesorado_de_Musica_con_Orientacion_en_Educacio.pdf\" target=\"_blank\" rel=\"noopener\">Dise\u00f1o\u00a0 Curricular Res. N\u00b0 307\/5 (MEd) \u00a0Profesorado de M\u00fasica con Orientaci\u00f3n en Educaci\u00f3n Musical. PDF<\/a><\/span><\/li>\n<li class=\"Default\"><span style=\"font-size: 12pt;\"><a title=\"Dise\u00f1o_Curricular_Profesorado de Danza con Orientaci\u00f3n en Expresi\u00f3n Corporal__pdf\" href=\"upload\/Res._308_-_Profesorado_de_Danza_con_Orientacion_en_Expresion.pdf\" target=\"_blank\" rel=\"noopener\">Dise\u00f1o\u00a0 Curricular Res. N\u00b0 308\/5 (MEd) \u00a0Profesorado de Danza con Orientaci\u00f3n en Expresi\u00f3n Corporal. PDF<\/a><\/span><\/li>\n<li class=\"Default\"><span style=\"font-size: 12pt;\"><a title=\"Dise\u00f1o_Curricular_Profesorado de Musica con Orientaci\u00f3n en Canto__pdf\" href=\"upload\/Res._309_-_Profesorado_de_Musica_con_Orientacion_en_Canto.pdf\" target=\"_blank\" rel=\"noopener\">Dise\u00f1o\u00a0 Curricular Res. N\u00b0 309\/5 (MEd) \u00a0Profesorado de M\u00fasica Orientaci\u00f3n en Canto. PDF<\/a><\/span><\/li>\n<li><a href=\"https:\/\/drive.google.com\/file\/d\/1_gKOHVCCkBDNchAOzu3R7bj-UZ4N1XE1\/view?usp=sharing\" target=\"_blank\" rel=\"noopener\">Dise\u00f1o Curricular Res. N\u00ba0527\/5 (MEd) 2021 Profesorado de Educaci\u00f3n Especial con Orientaci\u00f3n en Discapacidad Neuromotora<\/a><\/li>\n<li class=\"Default\"><span style=\"font-size: 12pt;\"><a title=\"Dise\u00f1o_Curricular_Profesorado de educaci\u00f3n especial con orientaci\u00f3n en discapacidad intelectual__pdf\" href=\"upload\/Res._645_-_Profesorado_de_Educacion_Especial_con_Orientacion.pdf\" target=\"_blank\" rel=\"noopener\">Dise\u00f1o\u00a0 Curricular Res. N\u00b0 645\/5 (MEd) \u00a0Profesorado de Educaci\u00f3n Especial con Orientaci\u00f3n en Discapacidad Intelectual. PDF<\/a><\/span><\/li>\n<li class=\"Default\"><span style=\"font-size: 12pt;\"><a title=\"Dise\u00f1o_Curricular_Profesorado de Educaci\u00f3n Especial Orientaci\u00f3n en Sordos e Hipoac\u00fasicos__pdf\" href=\"upload\/Res._835_-_Profesorado_de_Educacion_Especial_con_Orientacion.pdf\" target=\"_blank\" rel=\"noopener\">Dise\u00f1o\u00a0 Curricular Res. N\u00b0 835\/5 (MEd) \u00a0Profesorado de Educaci\u00f3n Especial\u00a0Orientaci\u00f3n en Sordos e Hipoac\u00fasicos. PDF<\/a><\/span><\/li>\n<li class=\"Default\"><span style=\"font-size: 12pt;\"><a title=\"Dise\u00f1o_Curricular_Profesorado de Educaci\u00f3n Secundaria en Historia__pdf\" href=\"upload\/Res._1418_-_Profesorado_de_Educacion_Secundaria_en_Historia.pdf\" target=\"_blank\" rel=\"noopener\">Dise\u00f1o\u00a0 Curricular Res. N\u00b0 1418\/5 (MEd)\u00a0 Profesorado de Educaci\u00f3n Secundaria en Historia. PDF<\/a><\/span><\/li>\n<li class=\"Default\"><span style=\"font-size: 12pt;\"><a title=\"Dise\u00f1o_Curricular_Profesorado de Educci\u00f3n Secundaria en Geograf\u00eda__pdf\" href=\"upload\/Res._1419_-_Profesorado_de_Educacion_Secundaria_en_Geografia.pdf\" target=\"_blank\" rel=\"noopener\">Dise\u00f1o\u00a0 Curricular Res. N\u00b0 1419\/5 (MEd)\u00a0 Profesorado de Educaci\u00f3n Secundaria en Geograf\u00eda. PDF<\/a><\/span><\/li>\n<li class=\"Default\"><span style=\"font-size: 12pt;\"><a title=\"Dise\u00f1o_Curricular_Profesorado de Educaci\u00f3n Secundaria en Econom\u00eda __pdf\" href=\"upload\/Res._1420_-_Profesorado_de_Educacion_Secundario_en_Economia.pdf\" target=\"_blank\" rel=\"noopener\">Dise\u00f1o\u00a0 Curricular Res. N\u00b0 1420\/5 (MEd) Profesor\/a de Educaci\u00f3n Secundaria en Econom\u00eda. PDF<\/a><\/span><\/li>\n<li class=\"Default\"><span style=\"font-size: 12pt;\"><a title=\"Dise\u00f1o_Curricular_Profesorado de Educaci\u00f3n Secundaria en Lengua y Literatura__pdf\" href=\"upload\/Res._1421_-_Profesorado_de_Educacion_Secundaria_en_Lengua__y.pdf\" target=\"_blank\" rel=\"noopener\">Dise\u00f1o\u00a0 Curricular Res. N\u00b0 1421\/5 (MEd) Profesorado de Educaci\u00f3n Secundaria en Lengua y Literatura. PDF<\/a><\/span><\/li>\n<li class=\"Default\"><span style=\"font-size: 12pt;\"><a title=\"Dise\u00f1o_Curricular_Profesorado de Educaci\u00f3n Secundaria en Matem\u00e1tica__pdf\" href=\"upload\/Res._1422-_Profesorado_de_Educacion_Secundaria_en_Matematica.pdf\" target=\"_blank\" rel=\"noopener\">Dise\u00f1o\u00a0 Curricular Res. N\u00b0 1422\/5 (MEd) Profesorado de Educaci\u00f3n Secundaria en Matem\u00e1tica. PDF<\/a><\/span><\/li>\n<li class=\"Default\"><span style=\"font-size: 12pt;\"><a title=\"Dise\u00f1o_Curricular_Profesorado de Educaci\u00f3n Secundaria en Biolog\u00eda__pdf\" href=\"upload\/Res._1423-_Profesorado_de_Educacion_Secundaria_en_Biologia_1.pdf\" target=\"_blank\" rel=\"noopener\">Dise\u00f1o\u00a0 Curricular Res. N\u00b0 1423\/5 (MEd) Profesorado de Educaci\u00f3n Secundaria en Biolog\u00eda. PDF<\/a><\/span><\/li>\n<li class=\"Default\"><span style=\"font-size: 12pt;\"><a title=\"Dise\u00f1o_Curricular_Profesorado de Ingl\u00e9s__pdf\" href=\"upload\/Res._1424-_Profesorado_de_Ingles.pdf\" target=\"_blank\" rel=\"noopener\">Dise\u00f1o\u00a0 Curricular Res. N\u00b0 1424\/5 (MEd) Profesorado de Ingles. PDF<\/a><\/span><\/li>\n<li class=\"Default\"><span style=\"font-size: 12pt;\"><a title=\"Dise\u00f1o_Curricular_Profesorado de Franc\u00e9s__pdf\" href=\"upload\/Res._1425_-_Profesorado_de_Frances.pdf\" target=\"_blank\" rel=\"noopener\">Dise\u00f1o\u00a0 Curricular Res. N\u00b0 1425\/5 (MEd) Profesorado de Franc\u00e9s. PDF<\/a><\/span><\/li>\n<li class=\"Default\"><span style=\"font-size: 12pt;\"><a title=\"Dise\u00f1o_Curricular_Profesorado de Educaci\u00f3n Secundaria en Ciencia Pol\u00edtica__pdf\" href=\"upload\/Res._1426-_Profesorado_de_Educacion_Secundaria_en_Ciencia_Po.pdf\" target=\"_blank\" rel=\"noopener\">Dise\u00f1o\u00a0 Curricular Res. N\u00b0 1426\/5 (MEd) Profesorado de Educaci\u00f3n Secundaria en Ciencia Pol\u00edtica. PDF<\/a><\/span><\/li>\n<li class=\"Default\"><span style=\"font-size: 12pt;\"><a title=\"Dise\u00f1o_Curricular_Profesorado de Educaci\u00f3n Secundaria en Psicolog\u00eda__pdf\" href=\"upload\/Res._1427_-_Profesorado_de_Educacion_Secundaria_en_Psicologi.pdf\" target=\"_blank\" rel=\"noopener\">Dise\u00f1o\u00a0 Curricular Res. N\u00b0 1427\/5 (MEd) Profesorado de Educaci\u00f3n Secundaria en Psicolog\u00eda. PDF<\/a><\/span><\/li>\n<li class=\"Default\"><span style=\"font-size: 12pt;\"><a title=\"Dise\u00f1o_Curricular_Profesorado de Ciencias Sagradas__pdf\" href=\"upload\/Res._1428_-_Profesorado_de_Ciencias_Sagradas.pdf\" target=\"_blank\" rel=\"noopener\">Dise\u00f1o\u00a0 Curricular Res. N\u00b0 1428\/5 (MEd) Profesorado de Ciencias Sagradas. PDF<\/a><\/span><\/li>\n<li class=\"Default\"><span style=\"font-size: 12pt;\"><a title=\"Dise\u00f1o_Curricular_Profesorado de Educaci\u00f3n Tecnol\u00f3gica__pdf\" href=\"upload\/Res._1429_-_Profesorado_de_Educacion_Tecnologica.pdf\" target=\"_blank\" rel=\"noopener\">Dise\u00f1o\u00a0 Curricular Res. N\u00b0 1429\/5 (MEd) Profesorado de Educaci\u00f3n Tecnol\u00f3gica. PDF<\/a><\/span><\/li>\n<li class=\"Default\"><span style=\"font-size: 12pt;\"><a title=\"Dise\u00f1o_Curricular_Profesorado de Educaci\u00f3n Secundaria en Qu\u00edmica__pdf\" href=\"upload\/Res._1430_-_Profesorado_de_Educacion_Secundaria_en_Quimica.pdf\" target=\"_blank\" rel=\"noopener\">Dise\u00f1o\u00a0 Curricular Res. N\u00b0 1430\/5 (MEd) Profesorado de Educaci\u00f3n Secundaria en Qu\u00edmica. PDF<\/a><\/span><\/li>\n<li class=\"Default\"><span style=\"font-size: 12pt;\"><a title=\"Dise\u00f1o_Curricular_Profesorado de Educaci\u00f3n Secundaria en Filosof\u00eda__pdf\" href=\"upload\/Res._1431_-_Profesorado_de_Educacion_Secundaria_en_Filosofia.pdf\" target=\"_blank\" rel=\"noopener\">Dise\u00f1o\u00a0 Curricular Res. N\u00b0 1431\/5 (MEd) Profesorado de Educaci\u00f3n Secundaria en Filosof\u00eda. PDF<\/a><\/span><\/li>\n<li class=\"Default\"><span style=\"font-size: 12pt;\"><a title=\"Dise\u00f1o_Curricular_Profesorado de Educaci\u00f3n Secundaria en Inform\u00e1tica___pdf\" href=\"upload\/Res._1432_-_Profesorado_de_Educacion_Secundaria_en_Informati.pdf\" target=\"_blank\" rel=\"noopener\">Dise\u00f1o\u00a0 Curricular Res. N\u00b0 1432\/5 (MEd) Profesorado de Educaci\u00f3n Secundaria en Inform\u00e1tica. PDF<\/a><\/span><\/li>\n<li class=\"Default\"><span style=\"font-size: 12pt;\"><a title=\"Dise\u00f1o_Curricular_Profesorado de Educaci\u00f3n Inicial_pdf\" href=\"upload\/Res._1433-_Profesorado_de_Educacion_Inicial.pdf\" target=\"_blank\" rel=\"noopener\">Dise\u00f1o\u00a0 Curricular Res. N\u00b0 1433\/5 (MEd) Profesorado de Educaci\u00f3n Inicial. PDF<\/a><\/span><\/li>\n<li class=\"Default\"><span style=\"font-size: 12pt;\"><a title=\"Dise\u00f1o_Curricular_Profesorado de Educaci\u00f3n Primaria_pdf\" href=\"upload\/Res._1434_-_Profesorado_de_Educacion_Primaria.pdf\" target=\"_blank\" rel=\"noopener\">Dise\u00f1o\u00a0 Curricular Res. N\u00b0 1434\/5 (MEd) Profesorado de Educaci\u00f3n Primaria. PDF<\/a><\/span><\/li>\n<\/ul>\n<\/div>\n","protected":false},"excerpt":{"rendered":"<p>Dise\u00f1os Curriculares &#8211; Formaci\u00f3n Docente Dise\u00f1o\u00a0 Curricular Res.N\u00b0 158\/5(MEd) Profesorado de Portugu\u00e9s. PDF Dise\u00f1o\u00a0 Curricular Res. N\u00b0 190\/5 (MEd) \u00a0Profesorado de Educaci\u00f3n F\u00edsica. PDF Dise\u00f1o\u00a0 Curricular Res. N\u00b0 242\/5 (MEd) \u00a0Profesorado de Secundaria en f\u00edsica. PDF Dise\u00f1o\u00a0 Curricular Res. N\u00b0 305\/5 (MEd) \u00a0Profesorado de M\u00fasica con Orientaci\u00f3n. en Instrumento. PDF Dise\u00f1o\u00a0 Curricular Res. N\u00b0 306\/5 &#8230; <a title=\"Formaci\u00f3n Docente\" class=\"read-more\" href=\"https:\/\/des-tuc.infd.edu.ar\/sitio\/formacion-docente\/\" aria-label=\"More on Formaci\u00f3n Docente\">[+]<\/a><\/p>\n","protected":false},"author":275,"featured_media":0,"parent":0,"menu_order":0,"comment_status":"closed","ping_status":"closed","template":"","meta":[],"acf":[],"_links":{"self":[{"href":"https:\/\/des-tuc.infd.edu.ar\/sitio\/wp-json\/wp\/v2\/pages\/1350"}],"collection":[{"href":"https:\/\/des-tuc.infd.edu.ar\/sitio\/wp-json\/wp\/v2\/pages"}],"about":[{"href":"https:\/\/des-tuc.infd.edu.ar\/sitio\/wp-json\/wp\/v2\/types\/page"}],"author":[{"embeddable":true,"href":"https:\/\/des-tuc.infd.edu.ar\/sitio\/wp-json\/wp\/v2\/users\/275"}],"replies":[{"embeddable":true,"href":"https:\/\/des-tuc.infd.edu.ar\/sitio\/wp-json\/wp\/v2\/comments?post=1350"}],"version-history":[{"count":3,"href":"https:\/\/des-tuc.infd.edu.ar\/sitio\/wp-json\/wp\/v2\/pages\/1350\/revisions"}],"predecessor-version":[{"id":2870,"href":"https:\/\/des-tuc.infd.edu.ar\/sitio\/wp-json\/wp\/v2\/pages\/1350\/revisions\/2870"}],"wp:attachment":[{"href":"https:\/\/des-tuc.infd.edu.ar\/sitio\/wp-json\/wp\/v2\/media?parent=1350"}],"curies":[{"name":"wp","href":"https:\/\/api.w.org\/{rel}","templated":true}]}}