{"id":1344,"date":"2018-08-31T16:43:40","date_gmt":"2018-08-31T19:43:40","guid":{"rendered":"https:\/\/des-tuc.infd.edu.ar\/sitio\/comunicado-cursos-virtuales-infd\/"},"modified":"2022-11-15T11:32:13","modified_gmt":"2022-11-15T14:32:13","slug":"comunicado-cursos-virtuales-infd","status":"publish","type":"page","link":"https:\/\/des-tuc.infd.edu.ar\/sitio\/comunicado-cursos-virtuales-infd\/","title":{"rendered":"Comunicado &#8211; Cursos Virtuales INFD"},"content":{"rendered":"<p style=\"text-align: center;\">\u00a0La Direcci\u00f3n de Educaci\u00f3n Superior y Art\u00edstica informa ante consultas sobre Validez de Certificaci\u00f3n, los Docentes\/cursantes que realizaron capacitaciones virtuales deber\u00e1n llamar a 0-800-3334648, en el caso de tratarse de cursos de EDUCAR deben consultar al 011-47044000 \/ formaci\u00f3n@educ.gov.ar.<\/p>\n<p style=\"text-align: center;\">Ante cualquier consulta enviar e-mail a:\u00a0<strong>formacionpermanenteycontinua@gmail.com<\/strong><\/p>\n<p style=\"text-align: center;\">Si su Certificado fue mal emitido o posee errores (N\u00ba DNI, Nombre Apellido, Nombre de la capacitaci\u00f3n), solicite la emisi\u00f3n del mismo a:\u00a0\u00a0 \u00a0 \u00a0 <strong><a title=\"MESA DE AYUDA INFoD\" href=\"http:\/\/mesadeayudainfd.educ.ar\/\" target=\"_blank\" rel=\"noopener\">http:\/\/mesadeayudainfd.educ.ar\/<\/a><\/strong><\/p>\n<p class=\"Resaltado1\" style=\"text-align: center;\">Se recuerda que solamente se har\u00e1 entrega del certificado con DNI del titular \u00f3 bien fotocopia del mismo firmada.<\/p>\n","protected":false},"excerpt":{"rendered":"<p>\u00a0La Direcci\u00f3n de Educaci\u00f3n Superior y Art\u00edstica informa ante consultas sobre Validez de Certificaci\u00f3n, los Docentes\/cursantes que realizaron capacitaciones virtuales deber\u00e1n llamar a 0-800-3334648, en el caso de tratarse de cursos de EDUCAR deben consultar al 011-47044000 \/ formaci\u00f3n@educ.gov.ar. Ante cualquier consulta enviar e-mail a:\u00a0formacionpermanenteycontinua@gmail.com Si su Certificado fue mal emitido o posee errores (N\u00ba &#8230; <a title=\"Comunicado &#8211; Cursos Virtuales INFD\" class=\"read-more\" href=\"https:\/\/des-tuc.infd.edu.ar\/sitio\/comunicado-cursos-virtuales-infd\/\" aria-label=\"More on Comunicado &#8211; Cursos Virtuales INFD\">[+]<\/a><\/p>\n","protected":false},"author":275,"featured_media":0,"parent":0,"menu_order":0,"comment_status":"closed","ping_status":"closed","template":"","meta":[],"acf":[],"_links":{"self":[{"href":"https:\/\/des-tuc.infd.edu.ar\/sitio\/wp-json\/wp\/v2\/pages\/1344"}],"collection":[{"href":"https:\/\/des-tuc.infd.edu.ar\/sitio\/wp-json\/wp\/v2\/pages"}],"about":[{"href":"https:\/\/des-tuc.infd.edu.ar\/sitio\/wp-json\/wp\/v2\/types\/page"}],"author":[{"embeddable":true,"href":"https:\/\/des-tuc.infd.edu.ar\/sitio\/wp-json\/wp\/v2\/users\/275"}],"replies":[{"embeddable":true,"href":"https:\/\/des-tuc.infd.edu.ar\/sitio\/wp-json\/wp\/v2\/comments?post=1344"}],"version-history":[{"count":3,"href":"https:\/\/des-tuc.infd.edu.ar\/sitio\/wp-json\/wp\/v2\/pages\/1344\/revisions"}],"predecessor-version":[{"id":5703,"href":"https:\/\/des-tuc.infd.edu.ar\/sitio\/wp-json\/wp\/v2\/pages\/1344\/revisions\/5703"}],"wp:attachment":[{"href":"https:\/\/des-tuc.infd.edu.ar\/sitio\/wp-json\/wp\/v2\/media?parent=1344"}],"curies":[{"name":"wp","href":"https:\/\/api.w.org\/{rel}","templated":true}]}}