{"id":1319,"date":"2018-08-31T16:43:31","date_gmt":"2018-08-31T19:43:31","guid":{"rendered":"https:\/\/des-tuc.infd.edu.ar\/sitio\/evaluacion-de-los-profesorados-de-educacion-fisica-educacion-especial-y-educacion-artistica\/"},"modified":"2018-08-31T16:43:31","modified_gmt":"2018-08-31T19:43:31","slug":"evaluacion-de-los-profesorados-de-educacion-fisica-educacion-especial-y-educacion-artistica","status":"publish","type":"page","link":"https:\/\/des-tuc.infd.edu.ar\/sitio\/evaluacion-de-los-profesorados-de-educacion-fisica-educacion-especial-y-educacion-artistica\/","title":{"rendered":"Evaluaci\u00f3n de los Profesorados de Educaci\u00f3n F\u00edsica, Educaci\u00f3n Especial y Educaci\u00f3n Art\u00edstica"},"content":{"rendered":"<p style=\"text-align: justify;\"><span style=\"font-size: 10pt;\" lang=\"ES-AR\">En 2014 comenz&oacute; la implementaci&oacute;n del Dispositivo de Evaluaci&oacute;n del Desarrollo Curricular y Condiciones Institucionales de los Profesorados de Educaci&oacute;n F&iacute;sica, Educaci&oacute;n Especial y Educaci&oacute;n Art&iacute;stica.<\/span><\/p>\n<p style=\"text-align: justify;\"><span style=\"font-size: 10pt;\" lang=\"ES-AR\">Al igual que en la evaluaci&oacute;n de PEI-PEP, el objetivo central del dispositivo es la producci&oacute;n de conocimientos sobre el desarrollo curricular de los nuevos dise&ntilde;os de estos profesorados, vigentes desde 2011 y con validez nacional.<\/span><\/p>\n<p style=\"text-align: justify;\"><span style=\"font-size: 10pt;\" lang=\"ES-AR\">Se procura aportar a la comprensi&oacute;n de las pr&aacute;cticas de gesti&oacute;n curricular de los ISFD, tanto en el nivel institucional como en el del aula, a trav&eacute;s de la apreciaci&oacute;n de los actores involucrados en el proceso: los equipos directivos, docentes y estudiantes, considerando que est&aacute;n en condiciones de apreciar logros y dificultades del proceso a ser evaluado, as&iacute; como de proponer mejoras.<\/span><\/p>\n<p style=\"text-align: justify;\"><span style=\"font-size: 10pt;\" lang=\"ES-AR\">La evaluaci&oacute;n&nbsp; se inici&oacute; en el mes de julio en 18 jurisdicciones, aquellas en donde se est&aacute; implementando el tercer y\/o cuarto a&ntilde;o de los nuevos dise&ntilde;os curriculares de estos profesorados.<\/span><\/p>\n<p style=\"text-align: justify;\"><span style=\"font-size: 10pt;\" lang=\"ES-AR\">Durante el mes de noviembre 2014 finaliz&oacute;&nbsp;el proceso de relevamiento de datos. A la fecha han participado 316 instituciones, m&aacute;s de 5900 docentes y 11.200 estudiantes de las carreras evaluadas.<\/span><\/p>\n<p style=\"text-align: justify;\"><span style=\"font-size: 10pt;\" lang=\"ES-AR\">&#8212;&#8212;&#8212;&#8212;&#8212;&#8212;&#8211;<\/span><\/p>\n<p style=\"text-align: justify;\"><span style=\"font-size: 10pt;\">La informaci&oacute;n obtenida -analizada tanto por las comisiones internas de los institutos participantes como por los equipos t&eacute;cnicos de evaluaci&oacute;n de las jurisdicciones- ser&aacute; volcada en informes institucionales y jurisdiccionales respectivamente, con el objeto de convertirse en aportes a la renovaci&oacute;n curricular en proceso.<\/span><\/p>\n<p style=\"text-align: justify;\"><span style=\"font-size: 10pt;\">Asimismo, de manera similar, el an&aacute;lisis de los datos obtenidos a nivel nacional permitir&aacute; construir un Informe Nacional, cuya meta ser&aacute; tambi&eacute;n contribuir al proceso de renovaci&oacute;n curricular de estos profesorados que tendr&aacute; lugar durante el a&ntilde;o 2015.<\/span><\/p>\n<p style=\"text-align: justify;\"><span style=\"font-size: 10pt;\">&nbsp;<\/span><\/p>\n<p style=\"text-align: justify;\"><span style=\"font-size: 10pt;\">Fuente: <a href=\"Evaluaci%C3%B3n%20Curricular%20de%20la%20Formaci%C3%B3n%20Docente%20Inicial\">INFD<\/a><\/span><\/p>\n<p style=\"text-align: justify;\">&nbsp;<\/p><\/p>\n","protected":false},"excerpt":{"rendered":"<p>En 2014 comenz&oacute; la implementaci&oacute;n del Dispositivo de Evaluaci&oacute;n del Desarrollo Curricular y Condiciones Institucionales de los Profesorados de Educaci&oacute;n F&iacute;sica, Educaci&oacute;n Especial y Educaci&oacute;n Art&iacute;stica. Al igual que en la evaluaci&oacute;n de PEI-PEP, el objetivo central del dispositivo es la producci&oacute;n de conocimientos sobre el desarrollo curricular de los nuevos dise&ntilde;os de estos profesorados, &#8230; <a title=\"Evaluaci\u00f3n de los Profesorados de Educaci\u00f3n F\u00edsica, Educaci\u00f3n Especial y Educaci\u00f3n Art\u00edstica\" class=\"read-more\" href=\"https:\/\/des-tuc.infd.edu.ar\/sitio\/evaluacion-de-los-profesorados-de-educacion-fisica-educacion-especial-y-educacion-artistica\/\" aria-label=\"More on Evaluaci\u00f3n de los Profesorados de Educaci\u00f3n F\u00edsica, Educaci\u00f3n Especial y Educaci\u00f3n Art\u00edstica\">[+]<\/a><\/p>\n","protected":false},"author":275,"featured_media":0,"parent":0,"menu_order":0,"comment_status":"closed","ping_status":"closed","template":"","meta":[],"acf":[],"_links":{"self":[{"href":"https:\/\/des-tuc.infd.edu.ar\/sitio\/wp-json\/wp\/v2\/pages\/1319"}],"collection":[{"href":"https:\/\/des-tuc.infd.edu.ar\/sitio\/wp-json\/wp\/v2\/pages"}],"about":[{"href":"https:\/\/des-tuc.infd.edu.ar\/sitio\/wp-json\/wp\/v2\/types\/page"}],"author":[{"embeddable":true,"href":"https:\/\/des-tuc.infd.edu.ar\/sitio\/wp-json\/wp\/v2\/users\/275"}],"replies":[{"embeddable":true,"href":"https:\/\/des-tuc.infd.edu.ar\/sitio\/wp-json\/wp\/v2\/comments?post=1319"}],"version-history":[{"count":0,"href":"https:\/\/des-tuc.infd.edu.ar\/sitio\/wp-json\/wp\/v2\/pages\/1319\/revisions"}],"wp:attachment":[{"href":"https:\/\/des-tuc.infd.edu.ar\/sitio\/wp-json\/wp\/v2\/media?parent=1319"}],"curies":[{"name":"wp","href":"https:\/\/api.w.org\/{rel}","templated":true}]}}