{"id":1307,"date":"2018-08-31T16:43:27","date_gmt":"2018-08-31T19:43:27","guid":{"rendered":"https:\/\/des-tuc.infd.edu.ar\/sitio\/contacto-2\/"},"modified":"2024-04-24T11:52:32","modified_gmt":"2024-04-24T14:52:32","slug":"contacto-2","status":"publish","type":"page","link":"https:\/\/des-tuc.infd.edu.ar\/sitio\/contacto-2\/","title":{"rendered":"Contacto"},"content":{"rendered":"<p style=\"text-align: justify;\"><span style=\"font-size: 14pt;\">Ud. puede comunicarse con nosotros a trav\u00e9s de las siguientes v\u00edas:<\/span><span style=\"font-size: 14pt;\">\u00a0<\/span><\/p>\n<ul style=\"text-align: justify;\">\n<li><span style=\"font-size: 14pt;\"><strong>Correo Electr\u00f3nico: <\/strong><a href=\"mailto:dirsuperior@educaciontuc.gov.ar\">dirsuperior@educaciontuc.gov.ar\u00a0<\/a><\/span><\/li>\n<li><span style=\"font-size: 14pt;\"><strong>Correo Electr\u00f3nico Formaci\u00f3n Docente Continua: <\/strong><a href=\"mailto:f.c.tec.adm@gmail.com\">f.c.tec.adm@gmail.com<\/a><\/span><\/li>\n<li><span style=\"font-size: 14pt;\"><strong>Personal: <\/strong>Av. Jos\u00e9\u00a0<span class=\"markwnff881wn\" data-markjs=\"true\" data-ogac=\"\" data-ogab=\"\" data-ogsc=\"\" data-ogsb=\"\">Ingenieros<\/span>\u00a0260<\/span><\/li>\n<li><span style=\"font-size: 14pt;\"><strong>Horario de atenci\u00f3n al p\u00fablico:<\/strong> Lunes a \u00a0Viernes de 8.00 a\u00a0 16.00 Hs.<\/span><\/li>\n<\/ul>\n<p style=\"text-align: justify;\">\u00a0<img decoding=\"async\" loading=\"lazy\" style=\"border: 0px; display: block; margin-left: auto; margin-right: auto;\" title=\"Santa Fe 851 1er piso San Miguel de Tucum\u00e1n\" src=\"https:\/\/des-tuc.infd.edu.ar\/sitio\/wp-content\/uploads\/2018\/08\/googlw_maps.jpg\" alt=\"Santa Fe 851 1er piso San Miguel de Tucum\u00e1n\" width=\"508\" height=\"277\" border=\"0\" \/><\/p>\n","protected":false},"excerpt":{"rendered":"<p>Ud. puede comunicarse con nosotros a trav\u00e9s de las siguientes v\u00edas:\u00a0 Correo Electr\u00f3nico: dirsuperior@educaciontuc.gov.ar\u00a0 Correo Electr\u00f3nico Formaci\u00f3n Docente Continua: f.c.tec.adm@gmail.com Personal: Av. Jos\u00e9\u00a0Ingenieros\u00a0260 Horario de atenci\u00f3n al p\u00fablico: Lunes a \u00a0Viernes de 8.00 a\u00a0 16.00 Hs. \u00a0<\/p>\n","protected":false},"author":275,"featured_media":0,"parent":0,"menu_order":0,"comment_status":"closed","ping_status":"closed","template":"","meta":[],"acf":[],"_links":{"self":[{"href":"https:\/\/des-tuc.infd.edu.ar\/sitio\/wp-json\/wp\/v2\/pages\/1307"}],"collection":[{"href":"https:\/\/des-tuc.infd.edu.ar\/sitio\/wp-json\/wp\/v2\/pages"}],"about":[{"href":"https:\/\/des-tuc.infd.edu.ar\/sitio\/wp-json\/wp\/v2\/types\/page"}],"author":[{"embeddable":true,"href":"https:\/\/des-tuc.infd.edu.ar\/sitio\/wp-json\/wp\/v2\/users\/275"}],"replies":[{"embeddable":true,"href":"https:\/\/des-tuc.infd.edu.ar\/sitio\/wp-json\/wp\/v2\/comments?post=1307"}],"version-history":[{"count":6,"href":"https:\/\/des-tuc.infd.edu.ar\/sitio\/wp-json\/wp\/v2\/pages\/1307\/revisions"}],"predecessor-version":[{"id":10082,"href":"https:\/\/des-tuc.infd.edu.ar\/sitio\/wp-json\/wp\/v2\/pages\/1307\/revisions\/10082"}],"wp:attachment":[{"href":"https:\/\/des-tuc.infd.edu.ar\/sitio\/wp-json\/wp\/v2\/media?parent=1307"}],"curies":[{"name":"wp","href":"https:\/\/api.w.org\/{rel}","templated":true}]}}