{"id":1300,"date":"2018-08-31T16:43:24","date_gmt":"2018-08-31T19:43:24","guid":{"rendered":"https:\/\/des-tuc.infd.edu.ar\/sitio\/radios-ies\/"},"modified":"2022-03-09T13:45:14","modified_gmt":"2022-03-09T16:45:14","slug":"radios-ies","status":"publish","type":"page","link":"https:\/\/des-tuc.infd.edu.ar\/sitio\/radios-ies\/","title":{"rendered":"Radios IES"},"content":{"rendered":"<figure id=\"attachment_1897\" aria-describedby=\"caption-attachment-1897\" style=\"width: 687px\" class=\"wp-caption aligncenter\"><img decoding=\"async\" loading=\"lazy\" class=\" wp-image-1897\" src=\"https:\/\/des-tuc.infd.edu.ar\/sitio\/wp-content\/uploads\/2020\/02\/Mapa-de-Radios-IES-Tucum\u00e1n.jpg\" alt=\"\" width=\"697\" height=\"267\" \/><figcaption id=\"caption-attachment-1897\" class=\"wp-caption-text\">Mapa de Radios IES Tucum\u00e1n<\/figcaption><\/figure>\n<p>El Proyecto Federal de Radios Socioeducativas de los Institutos de Educaci\u00f3n Superior tuvo como prop\u00f3sito inicial el emplazamiento de 50 Radios Socioeducativas en todo el pa\u00eds, de las cuales 4 \u00a0fueron planificadas en Tucum\u00e1n, en las localidades de:\u00a0Colalao del Valle, Burruyacu, La Cocha y Villa Quinteros. Este proyecto tiene como uno de sus objetivos principales generar una verdadera red de medios de comunicaci\u00f3n que permita dar visibilidad a los Institutos Superiores, sus ofertas y sus proyectos, as\u00ed como su vinculaci\u00f3n\u00a0comunitaria de forma cotidiana y permanente, a trav\u00e9s de sus estudiantes, docentes y miembros de la comunidad educativa.<\/p>\n<p>Las\u00a0Radios posibilitan poner en di\u00e1logo permanente a la instituci\u00f3n educativa con su comunidad atendiendo su propio territorio.<\/p>\n<h3>Historia<\/h3>\n<p>La inauguraci\u00f3n oficial de las 4 Radios Socioeducativas de Institutos Superiores de la provincia se llev\u00f3 a cabo el 4 de abril de 2015 en el IES Villa Quinteros, en la comuna que lleva igual nombre del departamento Monteros. Cont\u00f3 con la presencia de\u00a0la Ministra de Educaci\u00f3n Prof. Silvia Rojk\u00e9s de Temkin, junto a la Directora del Instituto de Formaci\u00f3n Docente de la Naci\u00f3n, Lic. Ver\u00f3nica Piovani, la Secretaria de Educaci\u00f3n, Prof. Silvia Ojeda, la Directora de Educaci\u00f3n Superior Prof. Dolores Reynoso de Zelaya y las Directoras de los 4 Institutos Superiores.<\/p>\n<div class=\"text_exposed_show\">\n<div id='gallery-1' class='gallery galleryid-1300 gallery-columns-3 gallery-size-medium'><figure class='gallery-item'>\n\t\t\t<div class='gallery-icon landscape'>\n\t\t\t\t<a href='https:\/\/des-tuc.infd.edu.ar\/sitio\/radio_villa_quinteros_2_1\/'><img width=\"865\" height=\"577\" src=\"https:\/\/des-tuc.infd.edu.ar\/sitio\/wp-content\/uploads\/2018\/08\/RADIO_VILLA_QUINTEROS_2_1.jpg\" class=\"attachment-medium size-medium\" alt=\"\" decoding=\"async\" loading=\"lazy\" aria-describedby=\"gallery-1-1044\" srcset=\"https:\/\/des-tuc.infd.edu.ar\/sitio\/wp-content\/uploads\/2018\/08\/RADIO_VILLA_QUINTEROS_2_1.jpg 865w, https:\/\/des-tuc.infd.edu.ar\/sitio\/wp-content\/uploads\/2018\/08\/RADIO_VILLA_QUINTEROS_2_1-768x512.jpg 768w\" sizes=\"(max-width: 865px) 100vw, 865px\" \/><\/a>\n\t\t\t<\/div>\n\t\t\t\t<figcaption class='wp-caption-text gallery-caption' id='gallery-1-1044'>\n\t\t\t\tIES Villa Quinteros &#8211; Inauguraci\u00f3n de Radios Socioeducativas\n\t\t\t\t<\/figcaption><\/figure><figure class='gallery-item'>\n\t\t\t<div class='gallery-icon landscape'>\n\t\t\t\t<a href='https:\/\/des-tuc.infd.edu.ar\/sitio\/radio_villa_quinteros_5_1\/'><img width=\"865\" height=\"577\" src=\"https:\/\/des-tuc.infd.edu.ar\/sitio\/wp-content\/uploads\/2018\/08\/RADIO_VILLA_QUINTEROS_5_1.jpg\" class=\"attachment-medium size-medium\" alt=\"\" decoding=\"async\" loading=\"lazy\" aria-describedby=\"gallery-1-1049\" srcset=\"https:\/\/des-tuc.infd.edu.ar\/sitio\/wp-content\/uploads\/2018\/08\/RADIO_VILLA_QUINTEROS_5_1.jpg 865w, https:\/\/des-tuc.infd.edu.ar\/sitio\/wp-content\/uploads\/2018\/08\/RADIO_VILLA_QUINTEROS_5_1-768x512.jpg 768w\" sizes=\"(max-width: 865px) 100vw, 865px\" \/><\/a>\n\t\t\t<\/div>\n\t\t\t\t<figcaption class='wp-caption-text gallery-caption' id='gallery-1-1049'>\n\t\t\t\tIES Villa Quinteros &#8211; Inauguraci\u00f3n de Radios Socioeducativas\n\t\t\t\t<\/figcaption><\/figure><figure class='gallery-item'>\n\t\t\t<div class='gallery-icon landscape'>\n\t\t\t\t<a href='https:\/\/des-tuc.infd.edu.ar\/sitio\/radio_villa_quinteros_4\/'><img width=\"866\" height=\"577\" src=\"https:\/\/des-tuc.infd.edu.ar\/sitio\/wp-content\/uploads\/2018\/08\/RADIO_VILLA_QUINTEROS_4.jpg\" class=\"attachment-medium size-medium\" alt=\"\" decoding=\"async\" loading=\"lazy\" aria-describedby=\"gallery-1-1047\" srcset=\"https:\/\/des-tuc.infd.edu.ar\/sitio\/wp-content\/uploads\/2018\/08\/RADIO_VILLA_QUINTEROS_4.jpg 866w, https:\/\/des-tuc.infd.edu.ar\/sitio\/wp-content\/uploads\/2018\/08\/RADIO_VILLA_QUINTEROS_4-768x512.jpg 768w\" sizes=\"(max-width: 866px) 100vw, 866px\" \/><\/a>\n\t\t\t<\/div>\n\t\t\t\t<figcaption class='wp-caption-text gallery-caption' id='gallery-1-1047'>\n\t\t\t\tIES Villa Quinteros &#8211; Inauguraci\u00f3n de Radios Socioeducativas\n\t\t\t\t<\/figcaption><\/figure>\n\t\t<\/div>\n\n<div class=\"text_exposed_show\" style=\"text-align: right;\"><\/div>\n<\/div>\n<h3>Producciones sonoras realizadas por estudiantes y docentes IES<\/h3>\n<h3><a href=\"https:\/\/des-tuc.infd.edu.ar\/sitio\/sonidos-ies-producciones-de-estudiantes-y-docentes\/\" target=\"_blank\" rel=\"noopener\"><img decoding=\"async\" loading=\"lazy\" class=\"alignnone wp-image-3497 size-medium\" src=\"https:\/\/des-tuc.infd.edu.ar\/sitio\/wp-content\/uploads\/2022\/03\/Portada-Sonidos-IES-1000x250.jpg\" alt=\"\" width=\"1000\" height=\"250\" srcset=\"https:\/\/des-tuc.infd.edu.ar\/sitio\/wp-content\/uploads\/2022\/03\/Portada-Sonidos-IES-1000x250.jpg 1000w, https:\/\/des-tuc.infd.edu.ar\/sitio\/wp-content\/uploads\/2022\/03\/Portada-Sonidos-IES-768x192.jpg 768w, https:\/\/des-tuc.infd.edu.ar\/sitio\/wp-content\/uploads\/2022\/03\/Portada-Sonidos-IES-1536x384.jpg 1536w, https:\/\/des-tuc.infd.edu.ar\/sitio\/wp-content\/uploads\/2022\/03\/Portada-Sonidos-IES.jpg 1584w\" sizes=\"(max-width: 1000px) 100vw, 1000px\" \/><\/a><\/h3>\n<h4 style=\"text-align: center;\">NOTICIAS de <a href=\"https:\/\/des-tuc.infd.edu.ar\/sitio\/?s=radio\" target=\"_blank\" rel=\"noopener\">Radios IES Tucum\u00e1n<\/a><\/h4>\n<h4 style=\"text-align: center;\"><img decoding=\"async\" loading=\"lazy\" class=\"wp-image-1889 alignnone\" src=\"https:\/\/des-tuc.infd.edu.ar\/sitio\/wp-content\/uploads\/2020\/02\/logo-facebook.png\" alt=\"\" width=\"34\" height=\"34\" \/>\u00a0 <a href=\"https:\/\/www.facebook.com\/Radios-IES-Tucum%C3%A1n-1663636043854802\/\" target=\"_blank\" rel=\"noopener\">Radios IES Tucum\u00e1n\u00a0<\/a><\/h4>\n","protected":false},"excerpt":{"rendered":"<p>El Proyecto Federal de Radios Socioeducativas de los Institutos de Educaci\u00f3n Superior tuvo como prop\u00f3sito inicial el emplazamiento de 50 Radios Socioeducativas en todo el pa\u00eds, de las cuales 4 \u00a0fueron planificadas en Tucum\u00e1n, en las localidades de:\u00a0Colalao del Valle, Burruyacu, La Cocha y Villa Quinteros. Este proyecto tiene como uno de sus objetivos principales &#8230; <a title=\"Radios IES\" class=\"read-more\" href=\"https:\/\/des-tuc.infd.edu.ar\/sitio\/radios-ies\/\" aria-label=\"More on Radios IES\">[+]<\/a><\/p>\n","protected":false},"author":275,"featured_media":0,"parent":0,"menu_order":0,"comment_status":"closed","ping_status":"closed","template":"","meta":[],"acf":[],"_links":{"self":[{"href":"https:\/\/des-tuc.infd.edu.ar\/sitio\/wp-json\/wp\/v2\/pages\/1300"}],"collection":[{"href":"https:\/\/des-tuc.infd.edu.ar\/sitio\/wp-json\/wp\/v2\/pages"}],"about":[{"href":"https:\/\/des-tuc.infd.edu.ar\/sitio\/wp-json\/wp\/v2\/types\/page"}],"author":[{"embeddable":true,"href":"https:\/\/des-tuc.infd.edu.ar\/sitio\/wp-json\/wp\/v2\/users\/275"}],"replies":[{"embeddable":true,"href":"https:\/\/des-tuc.infd.edu.ar\/sitio\/wp-json\/wp\/v2\/comments?post=1300"}],"version-history":[{"count":21,"href":"https:\/\/des-tuc.infd.edu.ar\/sitio\/wp-json\/wp\/v2\/pages\/1300\/revisions"}],"predecessor-version":[{"id":3549,"href":"https:\/\/des-tuc.infd.edu.ar\/sitio\/wp-json\/wp\/v2\/pages\/1300\/revisions\/3549"}],"wp:attachment":[{"href":"https:\/\/des-tuc.infd.edu.ar\/sitio\/wp-json\/wp\/v2\/media?parent=1300"}],"curies":[{"name":"wp","href":"https:\/\/api.w.org\/{rel}","templated":true}]}}