{"id":1295,"date":"2018-08-31T16:43:22","date_gmt":"2018-08-31T19:43:22","guid":{"rendered":"https:\/\/des-tuc.infd.edu.ar\/sitio\/normativas\/"},"modified":"2022-05-10T08:19:47","modified_gmt":"2022-05-10T11:19:47","slug":"normativas","status":"publish","type":"page","link":"https:\/\/des-tuc.infd.edu.ar\/sitio\/normativas\/","title":{"rendered":"NORMATIVAS"},"content":{"rendered":"<p>En esta secci\u00f3n podr\u00e1s conocer el registro completo de la normativa nacionales y provinciales. Las mismas son de car\u00e1cter p\u00fablico y por lo tanto de acceso a su contenido completo.<\/p>\n<p>Conocer las normativas vigentes permite a docentes y estudiantes garantizar el derecho al acceso de acciones que afectan a la vida institucional y formativa. As\u00ed mismo es un deber interiorizarse sobre las disposiciones que hacen al rol que cada persona desempe\u00f1a en los establecimientos educativos.<\/p>\n<blockquote class=\"wp-embedded-content\" data-secret=\"HeRfElm2K4\"><p><a href=\"https:\/\/des-tuc.infd.edu.ar\/sitio\/normativas\/nacionales\/\">Normativas Nacionales<\/a><\/p><\/blockquote>\n<p><iframe class=\"wp-embedded-content\" sandbox=\"allow-scripts\" security=\"restricted\" style=\"position: absolute; clip: rect(1px, 1px, 1px, 1px);\" title=\"\u00abNormativas Nacionales\u00bb \u2014 Direcci\u00f3n de Educaci\u00f3n Superior y Art\u00edstica - Ministerio de Educaci\u00f3n - Tucum\u00e1n\" src=\"https:\/\/des-tuc.infd.edu.ar\/sitio\/normativas\/nacionales\/embed\/#?secret=HeRfElm2K4\" data-secret=\"HeRfElm2K4\" width=\"600\" height=\"338\" frameborder=\"0\" marginwidth=\"0\" marginheight=\"0\" scrolling=\"no\"><\/iframe><\/p>\n<blockquote class=\"wp-embedded-content\" data-secret=\"7GhbmeQPUY\"><p><a href=\"https:\/\/des-tuc.infd.edu.ar\/sitio\/normativas\/juridiccionales\/\">Normativas Jurisdiccionales<\/a><\/p><\/blockquote>\n<p><iframe class=\"wp-embedded-content\" sandbox=\"allow-scripts\" security=\"restricted\" style=\"position: absolute; clip: rect(1px, 1px, 1px, 1px);\" src=\"https:\/\/des-tuc.infd.edu.ar\/sitio\/normativas\/juridiccionales\/embed\/#?secret=7GhbmeQPUY\" data-secret=\"7GhbmeQPUY\" width=\"600\" height=\"338\" title=\"&#171;Normativas Jurisdiccionales&#187; &#8212; Direcci\u00f3n de Educaci\u00f3n Superior y Art\u00edstica - Ministerio de Educaci\u00f3n\" frameborder=\"0\" marginwidth=\"0\" marginheight=\"0\" scrolling=\"no\"><\/iframe><\/p>\n","protected":false},"excerpt":{"rendered":"<p>En esta secci\u00f3n podr\u00e1s conocer el registro completo de la normativa nacionales y provinciales. Las mismas son de car\u00e1cter p\u00fablico y por lo tanto de acceso a su contenido completo. Conocer las normativas vigentes permite a docentes y estudiantes garantizar el derecho al acceso de acciones que afectan a la vida institucional y formativa. As\u00ed &#8230; <a title=\"NORMATIVAS\" class=\"read-more\" href=\"https:\/\/des-tuc.infd.edu.ar\/sitio\/normativas\/\" aria-label=\"More on NORMATIVAS\">[+]<\/a><\/p>\n","protected":false},"author":275,"featured_media":0,"parent":0,"menu_order":0,"comment_status":"closed","ping_status":"closed","template":"","meta":[],"acf":[],"_links":{"self":[{"href":"https:\/\/des-tuc.infd.edu.ar\/sitio\/wp-json\/wp\/v2\/pages\/1295"}],"collection":[{"href":"https:\/\/des-tuc.infd.edu.ar\/sitio\/wp-json\/wp\/v2\/pages"}],"about":[{"href":"https:\/\/des-tuc.infd.edu.ar\/sitio\/wp-json\/wp\/v2\/types\/page"}],"author":[{"embeddable":true,"href":"https:\/\/des-tuc.infd.edu.ar\/sitio\/wp-json\/wp\/v2\/users\/275"}],"replies":[{"embeddable":true,"href":"https:\/\/des-tuc.infd.edu.ar\/sitio\/wp-json\/wp\/v2\/comments?post=1295"}],"version-history":[{"count":14,"href":"https:\/\/des-tuc.infd.edu.ar\/sitio\/wp-json\/wp\/v2\/pages\/1295\/revisions"}],"predecessor-version":[{"id":3966,"href":"https:\/\/des-tuc.infd.edu.ar\/sitio\/wp-json\/wp\/v2\/pages\/1295\/revisions\/3966"}],"wp:attachment":[{"href":"https:\/\/des-tuc.infd.edu.ar\/sitio\/wp-json\/wp\/v2\/media?parent=1295"}],"curies":[{"name":"wp","href":"https:\/\/api.w.org\/{rel}","templated":true}]}}