{"id":1288,"date":"2018-08-31T16:43:19","date_gmt":"2018-08-31T19:43:19","guid":{"rendered":"https:\/\/des-tuc.infd.edu.ar\/sitio\/institucional\/"},"modified":"2024-04-09T14:23:51","modified_gmt":"2024-04-09T17:23:51","slug":"institucional","status":"publish","type":"page","link":"https:\/\/des-tuc.infd.edu.ar\/sitio\/institucional\/","title":{"rendered":"Institucional"},"content":{"rendered":"<p class=\"Titulo1\" style=\"text-align: justify;\"><span style=\"color: #00ccff;\"><strong><span style=\"font-size: 12pt; color: #244e70; background-color: #ffffff;\"><span style=\"font-size: 14pt; color: #244e70;\">B<\/span>ienvenido:<\/span><\/strong><\/span><\/p>\n<p>En esta secci\u00f3n podr\u00e1s encontrar informaci\u00f3n sobre c\u00f3mo contactarnos, las distintas l\u00edneas\/\u00e1reas de la Direcci\u00f3n de Nivel y los equipos de trabajo con los que cuenta.<\/p>\n<p>Ante cualquier duda, sugerencia e inconveniente no dudes en contactarnos, estamos a disposici\u00f3n.<\/p>\n<ul>\n<li class=\"entry-title\"><a href=\"https:\/\/des-tuc.infd.edu.ar\/sitio\/contacto-2\/\" target=\"_blank\" rel=\"noopener\">Contacto<\/a><\/li>\n<li class=\"entry-title\"><a href=\"https:\/\/des-tuc.infd.edu.ar\/sitio\/autoridades\/\" target=\"_blank\" rel=\"noopener\">Equipo de la Direcci\u00f3n de Educaci\u00f3n Superior y Art\u00edstica<\/a><\/li>\n<\/ul>\n<p style=\"text-align: right;\"><span style=\"color: #00ccff; font-size: 12pt;\"><strong style=\"color: #244e70;\"><span style=\"font-size: 14pt;\">G<\/span>racias.<\/strong><\/span><\/p>\n<p><span style=\"font-size: 10pt;\">&nbsp;<\/span><\/p>\n<p>&nbsp;<\/p>\n","protected":false},"excerpt":{"rendered":"<p>Bienvenido: En esta secci\u00f3n podr\u00e1s encontrar informaci\u00f3n sobre c\u00f3mo contactarnos, las distintas l\u00edneas\/\u00e1reas de la Direcci\u00f3n de Nivel y los equipos de trabajo con los que cuenta. Ante cualquier duda, sugerencia e inconveniente no dudes en contactarnos, estamos a disposici\u00f3n. Contacto Equipo de la Direcci\u00f3n de Educaci\u00f3n Superior y Art\u00edstica Gracias. &nbsp; &nbsp;<\/p>\n","protected":false},"author":275,"featured_media":0,"parent":0,"menu_order":0,"comment_status":"closed","ping_status":"closed","template":"","meta":[],"acf":[],"_links":{"self":[{"href":"https:\/\/des-tuc.infd.edu.ar\/sitio\/wp-json\/wp\/v2\/pages\/1288"}],"collection":[{"href":"https:\/\/des-tuc.infd.edu.ar\/sitio\/wp-json\/wp\/v2\/pages"}],"about":[{"href":"https:\/\/des-tuc.infd.edu.ar\/sitio\/wp-json\/wp\/v2\/types\/page"}],"author":[{"embeddable":true,"href":"https:\/\/des-tuc.infd.edu.ar\/sitio\/wp-json\/wp\/v2\/users\/275"}],"replies":[{"embeddable":true,"href":"https:\/\/des-tuc.infd.edu.ar\/sitio\/wp-json\/wp\/v2\/comments?post=1288"}],"version-history":[{"count":6,"href":"https:\/\/des-tuc.infd.edu.ar\/sitio\/wp-json\/wp\/v2\/pages\/1288\/revisions"}],"predecessor-version":[{"id":10002,"href":"https:\/\/des-tuc.infd.edu.ar\/sitio\/wp-json\/wp\/v2\/pages\/1288\/revisions\/10002"}],"wp:attachment":[{"href":"https:\/\/des-tuc.infd.edu.ar\/sitio\/wp-json\/wp\/v2\/media?parent=1288"}],"curies":[{"name":"wp","href":"https:\/\/api.w.org\/{rel}","templated":true}]}}