{"id":12597,"date":"2026-03-04T12:55:40","date_gmt":"2026-03-04T15:55:40","guid":{"rendered":"https:\/\/des-tuc.infd.edu.ar\/sitio\/?page_id=12597"},"modified":"2026-03-05T09:03:56","modified_gmt":"2026-03-05T12:03:56","slug":"modos-de-cursado","status":"publish","type":"page","link":"https:\/\/des-tuc.infd.edu.ar\/sitio\/modos-de-cursado\/","title":{"rendered":"Modos de cursado"},"content":{"rendered":"\n<p>Las propuestas de formaci\u00f3n docente podr\u00e1n ajustarse a los siguientes modos de cursado:<\/p>\n\n\n\n<ul>\n<li><strong>a) Presencial:<\/strong> 100% de instancias presenciales en la carga horaria total.<\/li>\n\n\n\n<li><strong>b) Virtual:<\/strong> 100% de instancias virtuales en la carga horaria total.<\/li>\n<\/ul>\n\n\n\n<p><strong>c) Semipresencial:<\/strong> 60% de instancias virtuales y 40% presenciales<\/p>\n\n\n\n<h2 class=\"wp-block-heading\"><strong>Criterios para la evaluaci\u00f3n de las propuestas formativas<\/strong> <\/h2>\n\n\n\n<p>Establecer que <strong>todos los tipos de propuestas de Formaci\u00f3n Docente Continua deber\u00e1n tener evaluaci\u00f3n final<\/strong>, con sus instrumentos y criterios de evaluaci\u00f3n pertinentes a cada tipo de destinatario claramente establecidos.<\/p>\n\n\n\n<p>La evaluaci\u00f3n tendr\u00e1 un <strong>sentido formativo y final<\/strong>, dando valor a los aspectos cuantitativos y cualitativos de la misma. La propuesta de evaluaci\u00f3n final que acredite el trayecto formativo debe guardar <strong>coherencia con los procesos de ense\u00f1anza y aprendizaje<\/strong>, teniendo en cuenta que los instrumentos y criterios de evaluaci\u00f3n sean acordes a dicho proceso<\/p>\n","protected":false},"excerpt":{"rendered":"<p>Las propuestas de formaci\u00f3n docente podr\u00e1n ajustarse a los siguientes modos de cursado: c) Semipresencial: 60% de instancias virtuales y 40% presenciales Criterios para la evaluaci\u00f3n de las propuestas formativas Establecer que todos los tipos de propuestas de Formaci\u00f3n Docente Continua deber\u00e1n tener evaluaci\u00f3n final, con sus instrumentos y criterios de evaluaci\u00f3n pertinentes a cada &#8230; <a title=\"Modos de cursado\" class=\"read-more\" href=\"https:\/\/des-tuc.infd.edu.ar\/sitio\/modos-de-cursado\/\" aria-label=\"More on Modos de cursado\">[+]<\/a><\/p>\n","protected":false},"author":543,"featured_media":0,"parent":0,"menu_order":0,"comment_status":"closed","ping_status":"closed","template":"","meta":[],"acf":[],"_links":{"self":[{"href":"https:\/\/des-tuc.infd.edu.ar\/sitio\/wp-json\/wp\/v2\/pages\/12597"}],"collection":[{"href":"https:\/\/des-tuc.infd.edu.ar\/sitio\/wp-json\/wp\/v2\/pages"}],"about":[{"href":"https:\/\/des-tuc.infd.edu.ar\/sitio\/wp-json\/wp\/v2\/types\/page"}],"author":[{"embeddable":true,"href":"https:\/\/des-tuc.infd.edu.ar\/sitio\/wp-json\/wp\/v2\/users\/543"}],"replies":[{"embeddable":true,"href":"https:\/\/des-tuc.infd.edu.ar\/sitio\/wp-json\/wp\/v2\/comments?post=12597"}],"version-history":[{"count":2,"href":"https:\/\/des-tuc.infd.edu.ar\/sitio\/wp-json\/wp\/v2\/pages\/12597\/revisions"}],"predecessor-version":[{"id":12613,"href":"https:\/\/des-tuc.infd.edu.ar\/sitio\/wp-json\/wp\/v2\/pages\/12597\/revisions\/12613"}],"wp:attachment":[{"href":"https:\/\/des-tuc.infd.edu.ar\/sitio\/wp-json\/wp\/v2\/media?parent=12597"}],"curies":[{"name":"wp","href":"https:\/\/api.w.org\/{rel}","templated":true}]}}