{"id":12575,"date":"2026-03-04T11:40:35","date_gmt":"2026-03-04T14:40:35","guid":{"rendered":"https:\/\/des-tuc.infd.edu.ar\/sitio\/?page_id=12575"},"modified":"2026-03-04T11:40:36","modified_gmt":"2026-03-04T14:40:36","slug":"area-de-investigacion","status":"publish","type":"page","link":"https:\/\/des-tuc.infd.edu.ar\/sitio\/area-de-investigacion\/","title":{"rendered":"\u00c1REA DE INVESTIGACI\u00d3N"},"content":{"rendered":"\n<p>Funciones:<\/p>\n\n\n\n<ul>\n<li><strong>Promover el desarrollo de proyectos de indagaci\u00f3n escolar situados<\/strong> para la mejora de la alfabetizaci\u00f3n cient\u00edfica y tecnol\u00f3gica en todas las \u00e1reas de conocimiento, a cargo del equipo de Feria de Ciencias.<\/li>\n\n\n\n<li><strong>Impulsar la investigaci\u00f3n y acompa\u00f1ar a los Institutos de Ense\u00f1anza Superior de Formaci\u00f3n Docente<\/strong> en proyectos de investigaci\u00f3n para la mejora de las pr\u00e1cticas educativas.<\/li>\n\n\n\n<li><strong>Dise\u00f1ar capacitaciones para acompa\u00f1ar el proceso de indagaci\u00f3n escolar<\/strong> en todos los niveles y en los Institutos de Ense\u00f1anza Superior de Formaci\u00f3n Docente los proyectos de investigaci\u00f3n.<\/li>\n\n\n\n<li><strong>Brindar informaci\u00f3n para la mejora de propuestas de formaci\u00f3n docente continua<\/strong> con el fin de ofrecer trayectos acordes a las \u00e1reas prioritarias de la pol\u00edtica educativa<\/li>\n<\/ul>\n","protected":false},"excerpt":{"rendered":"<p>Funciones:<\/p>\n","protected":false},"author":543,"featured_media":0,"parent":0,"menu_order":0,"comment_status":"closed","ping_status":"closed","template":"","meta":[],"acf":[],"_links":{"self":[{"href":"https:\/\/des-tuc.infd.edu.ar\/sitio\/wp-json\/wp\/v2\/pages\/12575"}],"collection":[{"href":"https:\/\/des-tuc.infd.edu.ar\/sitio\/wp-json\/wp\/v2\/pages"}],"about":[{"href":"https:\/\/des-tuc.infd.edu.ar\/sitio\/wp-json\/wp\/v2\/types\/page"}],"author":[{"embeddable":true,"href":"https:\/\/des-tuc.infd.edu.ar\/sitio\/wp-json\/wp\/v2\/users\/543"}],"replies":[{"embeddable":true,"href":"https:\/\/des-tuc.infd.edu.ar\/sitio\/wp-json\/wp\/v2\/comments?post=12575"}],"version-history":[{"count":1,"href":"https:\/\/des-tuc.infd.edu.ar\/sitio\/wp-json\/wp\/v2\/pages\/12575\/revisions"}],"predecessor-version":[{"id":12576,"href":"https:\/\/des-tuc.infd.edu.ar\/sitio\/wp-json\/wp\/v2\/pages\/12575\/revisions\/12576"}],"wp:attachment":[{"href":"https:\/\/des-tuc.infd.edu.ar\/sitio\/wp-json\/wp\/v2\/media?parent=12575"}],"curies":[{"name":"wp","href":"https:\/\/api.w.org\/{rel}","templated":true}]}}