{"id":12567,"date":"2026-03-04T11:31:31","date_gmt":"2026-03-04T14:31:31","guid":{"rendered":"https:\/\/des-tuc.infd.edu.ar\/sitio\/?page_id=12567"},"modified":"2026-03-04T11:32:00","modified_gmt":"2026-03-04T14:32:00","slug":"area-tecnico-administrativa","status":"publish","type":"page","link":"https:\/\/des-tuc.infd.edu.ar\/sitio\/area-tecnico-administrativa\/","title":{"rendered":"\u00c1REA T\u00c9CNICO \u2013 ADMINISTRATIVA"},"content":{"rendered":"\n<h2 class=\"wp-block-heading\">Funciones:<\/h2>\n\n\n\n<ul>\n<li><strong>Realizar la recepci\u00f3n, revisi\u00f3n, seguimiento y pases por sistema de expedientes<\/strong> de Proyectos de formaci\u00f3n docente continua.<\/li>\n\n\n\n<li><strong>Realizar el control detallado de dict\u00e1menes y resoluciones<\/strong> de las instituciones oferentes ministeriales y externas, a fin de evitar errores y\/o inconsistencias.<\/li>\n\n\n\n<li><strong>Confeccionar un Registro de Instituciones Oferentes de la Provincia<\/strong> para el dise\u00f1o y gesti\u00f3n de trayectos de formaci\u00f3n docente continua de acuerdo a las normas legales vigentes.<\/li>\n\n\n\n<li><strong>Asesorar a los referentes administrativos<\/strong> de todas las Direcciones de Nivel, y Modalidades e instituciones externas en los aspectos formales de dise\u00f1o y presentaci\u00f3n de trayectos de formaci\u00f3n docente, de acuerdo a los ejes transversales de la formaci\u00f3n docente continua y de lo consignado en los anexos de la presente resoluci\u00f3n.<\/li>\n\n\n\n<li><strong>Llevar un registro de las capacitaciones ministeriales y de oferentes externos<\/strong>, con datos actualizados a disposici\u00f3n de las autoridades o del \u00e1rea de investigaci\u00f3n.<\/li>\n\n\n\n<li><strong>Intervenir en la revisi\u00f3n de aspectos formales<\/strong> del <em>\u00c1rea de Monitoreo y Certificaci\u00f3n<\/em>.<\/li>\n\n\n\n<li><strong>Mediar en la comunicaci\u00f3n de todas las \u00e1reas<\/strong> que conforman la Subdirecci\u00f3n de Formaci\u00f3n Docente Continua e Investigaci\u00f3n<\/li>\n<\/ul>\n","protected":false},"excerpt":{"rendered":"<p>Funciones:<\/p>\n","protected":false},"author":543,"featured_media":0,"parent":0,"menu_order":0,"comment_status":"closed","ping_status":"closed","template":"","meta":[],"acf":[],"_links":{"self":[{"href":"https:\/\/des-tuc.infd.edu.ar\/sitio\/wp-json\/wp\/v2\/pages\/12567"}],"collection":[{"href":"https:\/\/des-tuc.infd.edu.ar\/sitio\/wp-json\/wp\/v2\/pages"}],"about":[{"href":"https:\/\/des-tuc.infd.edu.ar\/sitio\/wp-json\/wp\/v2\/types\/page"}],"author":[{"embeddable":true,"href":"https:\/\/des-tuc.infd.edu.ar\/sitio\/wp-json\/wp\/v2\/users\/543"}],"replies":[{"embeddable":true,"href":"https:\/\/des-tuc.infd.edu.ar\/sitio\/wp-json\/wp\/v2\/comments?post=12567"}],"version-history":[{"count":1,"href":"https:\/\/des-tuc.infd.edu.ar\/sitio\/wp-json\/wp\/v2\/pages\/12567\/revisions"}],"predecessor-version":[{"id":12568,"href":"https:\/\/des-tuc.infd.edu.ar\/sitio\/wp-json\/wp\/v2\/pages\/12567\/revisions\/12568"}],"wp:attachment":[{"href":"https:\/\/des-tuc.infd.edu.ar\/sitio\/wp-json\/wp\/v2\/media?parent=12567"}],"curies":[{"name":"wp","href":"https:\/\/api.w.org\/{rel}","templated":true}]}}