{"id":10102,"date":"2024-05-02T09:48:13","date_gmt":"2024-05-02T12:48:13","guid":{"rendered":"https:\/\/des-tuc.infd.edu.ar\/sitio\/?page_id=10102"},"modified":"2026-04-04T16:40:13","modified_gmt":"2026-04-04T19:40:13","slug":"feria-de-ciencias","status":"publish","type":"page","link":"https:\/\/des-tuc.infd.edu.ar\/sitio\/feria-de-ciencias\/","title":{"rendered":"FERIA DE CIENCIAS"},"content":{"rendered":"\n<p class=\"has-x-large-font-size\"><strong>Feria de Educaci\u00f3n en Ciencias, Arte, Matem\u00e1tica y Tecnolog\u00eda.<\/strong><\/p>\n\n\n\n<figure class=\"wp-block-gallery has-nested-images columns-default is-cropped wp-block-gallery-1 is-layout-flex\">\n<figure class=\"wp-block-image size-full\"><img decoding=\"async\" loading=\"lazy\" width=\"1600\" height=\"1066\" data-id=\"11062\"  src=\"https:\/\/des-tuc.infd.edu.ar\/sitio\/wp-content\/uploads\/2025\/02\/Cierre-Feria-de-Cs-1.jpeg\" alt=\"\" class=\"wp-image-11062\" srcset=\"https:\/\/des-tuc.infd.edu.ar\/sitio\/wp-content\/uploads\/2025\/02\/Cierre-Feria-de-Cs-1.jpeg 1600w, https:\/\/des-tuc.infd.edu.ar\/sitio\/wp-content\/uploads\/2025\/02\/Cierre-Feria-de-Cs-1-1000x666.jpeg 1000w, https:\/\/des-tuc.infd.edu.ar\/sitio\/wp-content\/uploads\/2025\/02\/Cierre-Feria-de-Cs-1-768x512.jpeg 768w, https:\/\/des-tuc.infd.edu.ar\/sitio\/wp-content\/uploads\/2025\/02\/Cierre-Feria-de-Cs-1-1536x1023.jpeg 1536w\" sizes=\"(max-width: 1600px) 100vw, 1600px\" \/><\/figure>\n<\/figure>\n\n\n\n<p class=\"has-text-align-center has-medium-font-size\">El Ministerio de Educaci\u00f3n de la Provincia de Tucum\u00e1n les da la bienvenida al sitio oficial de Feria de Educaci\u00f3n, Artes, Ciencias y Tecnolog\u00eda dependiente de la Direcci\u00f3n de Educaci\u00f3n Superior no Universitaria. <\/p>\n\n\n\n<figure class=\"wp-block-image size-full is-resized\"><a href=\"https:\/\/des-tuc.infd.edu.ar\/sitio\/feria-de-ciencias\/img-20250213-wa0039\/#main\" rel=\"feriadeciencias.tuc@gmail.com\"><img decoding=\"async\" loading=\"lazy\" src=\"https:\/\/des-tuc.infd.edu.ar\/sitio\/wp-content\/uploads\/2025\/02\/IMG-20250213-WA0039.jpg\" alt=\"\" class=\"wp-image-11095\" width=\"311\" height=\"73\" srcset=\"https:\/\/des-tuc.infd.edu.ar\/sitio\/wp-content\/uploads\/2025\/02\/IMG-20250213-WA0039.jpg 1536w, https:\/\/des-tuc.infd.edu.ar\/sitio\/wp-content\/uploads\/2025\/02\/IMG-20250213-WA0039-1000x237.jpg 1000w, https:\/\/des-tuc.infd.edu.ar\/sitio\/wp-content\/uploads\/2025\/02\/IMG-20250213-WA0039-768x182.jpg 768w\" sizes=\"(max-width: 311px) 100vw, 311px\" \/><\/a><\/figure>\n\n\n\n<figure class=\"wp-block-image size-full is-resized\"><a href=\"https:\/\/des-tuc.infd.edu.ar\/sitio\/quienes-somos\/\"><img decoding=\"async\" loading=\"lazy\" src=\"https:\/\/des-tuc.infd.edu.ar\/sitio\/wp-content\/uploads\/2025\/02\/Boton-quiene-somos-feria-de-ciencias-3.png\" alt=\"\" class=\"wp-image-11206\" width=\"1019\" height=\"251\"\/><\/a><\/figure>\n\n\n\n<figure class=\"wp-block-image size-full is-resized\"><a href=\"https:\/\/des-tuc.infd.edu.ar\/sitio\/novedades\/\"><img decoding=\"async\" loading=\"lazy\" src=\"https:\/\/des-tuc.infd.edu.ar\/sitio\/wp-content\/uploads\/2025\/02\/Boton-novedades-feria-de-ciencias-2.png\" alt=\"\" class=\"wp-image-11210\" width=\"-522\" height=\"-121\" srcset=\"https:\/\/des-tuc.infd.edu.ar\/sitio\/wp-content\/uploads\/2025\/02\/Boton-novedades-feria-de-ciencias-2.png 1108w, https:\/\/des-tuc.infd.edu.ar\/sitio\/wp-content\/uploads\/2025\/02\/Boton-novedades-feria-de-ciencias-2-1000x232.png 1000w, https:\/\/des-tuc.infd.edu.ar\/sitio\/wp-content\/uploads\/2025\/02\/Boton-novedades-feria-de-ciencias-2-768x178.png 768w\" sizes=\"(max-width: 1108px) 100vw, 1108px\" \/><\/a><\/figure>\n\n\n\n<figure class=\"wp-block-image size-full is-resized\"><img decoding=\"async\" loading=\"lazy\" src=\"https:\/\/des-tuc.infd.edu.ar\/sitio\/wp-content\/uploads\/2025\/02\/Boton-repositorio-feria-de-ciencias-3.png\" alt=\"\" class=\"wp-image-11209\" width=\"-499\" height=\"-120\" srcset=\"https:\/\/des-tuc.infd.edu.ar\/sitio\/wp-content\/uploads\/2025\/02\/Boton-repositorio-feria-de-ciencias-3.png 1082w, https:\/\/des-tuc.infd.edu.ar\/sitio\/wp-content\/uploads\/2025\/02\/Boton-repositorio-feria-de-ciencias-3-1000x240.png 1000w, https:\/\/des-tuc.infd.edu.ar\/sitio\/wp-content\/uploads\/2025\/02\/Boton-repositorio-feria-de-ciencias-3-768x185.png 768w\" sizes=\"(max-width: 1082px) 100vw, 1082px\" \/><\/figure>\n\n\n\n<figure class=\"wp-block-image size-full is-resized\"><a href=\"https:\/\/des-tuc.infd.edu.ar\/sitio\/novedades-2\/\" target=\"_blank\" rel=\"noreferrer noopenerhttps:\/\/des-tuc.infd.edu.ar\/sitio\/?page_id=11157 noopener\"><img decoding=\"async\" loading=\"lazy\" src=\"https:\/\/des-tuc.infd.edu.ar\/sitio\/wp-content\/uploads\/2025\/02\/Boton-instancias-de-feria-de-ciencias.png\" alt=\"\" class=\"wp-image-11194\" width=\"-1366\" height=\"-358\" srcset=\"https:\/\/des-tuc.infd.edu.ar\/sitio\/wp-content\/uploads\/2025\/02\/Boton-instancias-de-feria-de-ciencias.png 1074w, https:\/\/des-tuc.infd.edu.ar\/sitio\/wp-content\/uploads\/2025\/02\/Boton-instancias-de-feria-de-ciencias-1000x263.png 1000w, https:\/\/des-tuc.infd.edu.ar\/sitio\/wp-content\/uploads\/2025\/02\/Boton-instancias-de-feria-de-ciencias-768x202.png 768w\" sizes=\"(max-width: 1074px) 100vw, 1074px\" \/><\/a><\/figure>\n\n\n\n<figure class=\"wp-block-image size-full is-resized\"><a href=\"https:\/\/des-tuc.infd.edu.ar\/sitio\/documentos-nacionales-de-ferias\/\"><img decoding=\"async\" loading=\"lazy\" src=\"https:\/\/des-tuc.infd.edu.ar\/sitio\/wp-content\/uploads\/2025\/02\/Boton-documentos-nacionales-de-feria-de-ciencias.png\" alt=\"\" class=\"wp-image-11197\" width=\"1018\" height=\"259\" srcset=\"https:\/\/des-tuc.infd.edu.ar\/sitio\/wp-content\/uploads\/2025\/02\/Boton-documentos-nacionales-de-feria-de-ciencias.png 1108w, https:\/\/des-tuc.infd.edu.ar\/sitio\/wp-content\/uploads\/2025\/02\/Boton-documentos-nacionales-de-feria-de-ciencias-1000x255.png 1000w, https:\/\/des-tuc.infd.edu.ar\/sitio\/wp-content\/uploads\/2025\/02\/Boton-documentos-nacionales-de-feria-de-ciencias-768x195.png 768w\" sizes=\"(max-width: 1018px) 100vw, 1018px\" \/><\/a><\/figure>\n\n\n\n<figure class=\"wp-block-image size-full is-resized\"><a href=\"https:\/\/des-tuc.infd.edu.ar\/sitio\/docentes-asesores\/\" target=\"_blank\" rel=\"https:\/\/des-tuc.infd.edu.ar\/sitio\/docentes-asesores\/ noreferrer noopener\"><img decoding=\"async\" loading=\"lazy\" src=\"https:\/\/des-tuc.infd.edu.ar\/sitio\/wp-content\/uploads\/2025\/02\/Boton-docentes-asesores-de-feria-de-ciencias.png\" alt=\"\" class=\"wp-image-11198\" width=\"-1350\" height=\"-323\" srcset=\"https:\/\/des-tuc.infd.edu.ar\/sitio\/wp-content\/uploads\/2025\/02\/Boton-docentes-asesores-de-feria-de-ciencias.png 1114w, https:\/\/des-tuc.infd.edu.ar\/sitio\/wp-content\/uploads\/2025\/02\/Boton-docentes-asesores-de-feria-de-ciencias-1000x239.png 1000w, https:\/\/des-tuc.infd.edu.ar\/sitio\/wp-content\/uploads\/2025\/02\/Boton-docentes-asesores-de-feria-de-ciencias-768x183.png 768w\" sizes=\"(max-width: 1114px) 100vw, 1114px\" \/><\/a><\/figure>\n\n\n\n<figure class=\"wp-block-image size-full is-resized\"><img decoding=\"async\" loading=\"lazy\" src=\"https:\/\/des-tuc.infd.edu.ar\/sitio\/wp-content\/uploads\/2025\/02\/Boton-docentes-evaluadores-de-feria-de-ciencias.png\" alt=\"\" class=\"wp-image-11199\" width=\"-1350\" height=\"-322\" srcset=\"https:\/\/des-tuc.infd.edu.ar\/sitio\/wp-content\/uploads\/2025\/02\/Boton-docentes-evaluadores-de-feria-de-ciencias.png 1082w, https:\/\/des-tuc.infd.edu.ar\/sitio\/wp-content\/uploads\/2025\/02\/Boton-docentes-evaluadores-de-feria-de-ciencias-1000x238.png 1000w, https:\/\/des-tuc.infd.edu.ar\/sitio\/wp-content\/uploads\/2025\/02\/Boton-docentes-evaluadores-de-feria-de-ciencias-768x183.png 768w\" sizes=\"(max-width: 1082px) 100vw, 1082px\" \/><\/figure>\n\n\n\n<figure class=\"wp-block-image size-full is-style-rounded\"><a href=\"https:\/\/des-tuc.infd.edu.ar\/sitio\/escuela-itinerante-de-educacion-ambienta\/\" target=\"_blank\" rel=\"Calendario Escolar Ambiental noopener\"><img decoding=\"async\" loading=\"lazy\" width=\"1238\" height=\"272\" src=\"https:\/\/des-tuc.infd.edu.ar\/sitio\/wp-content\/uploads\/2025\/05\/simbolo-esc-ambiental.png\" alt=\"\" class=\"wp-image-11637\" srcset=\"https:\/\/des-tuc.infd.edu.ar\/sitio\/wp-content\/uploads\/2025\/05\/simbolo-esc-ambiental.png 1238w, https:\/\/des-tuc.infd.edu.ar\/sitio\/wp-content\/uploads\/2025\/05\/simbolo-esc-ambiental-1000x220.png 1000w, https:\/\/des-tuc.infd.edu.ar\/sitio\/wp-content\/uploads\/2025\/05\/simbolo-esc-ambiental-768x169.png 768w\" sizes=\"(max-width: 1238px) 100vw, 1238px\" \/><\/a><\/figure>\n\n\n\n<div class=\"wp-block-buttons is-layout-flex\"><\/div>\n\n\n\n<div class=\"wp-block-buttons is-layout-flex\"><\/div>\n","protected":false},"excerpt":{"rendered":"<p>Feria de Educaci\u00f3n en Ciencias, Arte, Matem\u00e1tica y Tecnolog\u00eda. El Ministerio de Educaci\u00f3n de la Provincia de Tucum\u00e1n les da la bienvenida al sitio oficial de Feria de Educaci\u00f3n, Artes, Ciencias y Tecnolog\u00eda dependiente de la Direcci\u00f3n de Educaci\u00f3n Superior no Universitaria.<\/p>\n","protected":false},"author":543,"featured_media":0,"parent":0,"menu_order":0,"comment_status":"closed","ping_status":"closed","template":"","meta":[],"acf":[],"_links":{"self":[{"href":"https:\/\/des-tuc.infd.edu.ar\/sitio\/wp-json\/wp\/v2\/pages\/10102"}],"collection":[{"href":"https:\/\/des-tuc.infd.edu.ar\/sitio\/wp-json\/wp\/v2\/pages"}],"about":[{"href":"https:\/\/des-tuc.infd.edu.ar\/sitio\/wp-json\/wp\/v2\/types\/page"}],"author":[{"embeddable":true,"href":"https:\/\/des-tuc.infd.edu.ar\/sitio\/wp-json\/wp\/v2\/users\/543"}],"replies":[{"embeddable":true,"href":"https:\/\/des-tuc.infd.edu.ar\/sitio\/wp-json\/wp\/v2\/comments?post=10102"}],"version-history":[{"count":51,"href":"https:\/\/des-tuc.infd.edu.ar\/sitio\/wp-json\/wp\/v2\/pages\/10102\/revisions"}],"predecessor-version":[{"id":12708,"href":"https:\/\/des-tuc.infd.edu.ar\/sitio\/wp-json\/wp\/v2\/pages\/10102\/revisions\/12708"}],"wp:attachment":[{"href":"https:\/\/des-tuc.infd.edu.ar\/sitio\/wp-json\/wp\/v2\/media?parent=10102"}],"curies":[{"name":"wp","href":"https:\/\/api.w.org\/{rel}","templated":true}]}}