{"id":10095,"date":"2024-05-02T09:23:43","date_gmt":"2024-05-02T12:23:43","guid":{"rendered":"https:\/\/des-tuc.infd.edu.ar\/sitio\/?page_id=10095"},"modified":"2026-03-05T13:19:24","modified_gmt":"2026-03-05T16:19:24","slug":"formacion-docente-continua-e-investigacion","status":"publish","type":"page","link":"https:\/\/des-tuc.infd.edu.ar\/sitio\/formacion-docente-continua-e-investigacion\/","title":{"rendered":"FORMACI\u00d3N DOCENTE CONTINUA E INVESTIGACI\u00d3N"},"content":{"rendered":"\n<p class=\"has-text-align-left\">Por iniciativa de la Ministra de Educaci\u00f3n Prof. Susana Montaldo, se crea dentro de la <strong>Direcci\u00f3n de Nivel Superior no Universitaria<\/strong>, a cargo de la Dr. Carlos Bulacios,  la <strong>Subdirecci\u00f3n de Formaci\u00f3n Docente Continua e Investigaci\u00f3n<\/strong> (FDCI), que tiene como funciones la aprobaci\u00f3n, la evaluaci\u00f3n, el seguimiento y acompa\u00f1amiento de los trayectos de formaci\u00f3n docente en la provincia. <\/p>\n\n\n\n<p class=\"has-text-align-left\">La misma se rige por la <strong>Res. 0435\/5 (MEd)<\/strong> y su <strong>Disposici\u00f3n N\u00b001\/2024 (DESNU<\/strong>) sobre <strong>\u00abEjes prioritarios transversales para la formaci\u00f3n docente continua\u00bb<\/strong>. Finalmente, el equipo de FDCI, tiene bajo su \u00f3rbita la gesti\u00f3n del <strong>Registro de Instituciones Oferentes de la  Provincia<\/strong> (RIOP).<\/p>\n\n\n\n<p class=\"has-text-align-left\"><\/p>\n\n\n\n<p class=\"has-text-align-left\">Por consultas <strong>Administrativas<\/strong>, puede comunicarse a administracion.fdci@educaciontuc.gob.ar o en las oficinas ubicadas en CIIDEPT (Jos\u00e9 Ingenieros 260, SMT). En los siguientes d\u00edas y horarios: <strong>Lunes, mi\u00e9rcoles y jueves de 7.30 a 16hs &#8211; Martes y Viernes  de 7.30 a 14hs.<\/strong><\/p>\n\n\n\n<p>Las consultas <strong>Pedag\u00f3gicas<\/strong> pueden ser remitidas a pedagogico.fdci@educaciontuc.gob.ar en las oficinas ubicadas en CIIDEPT (Jos\u00e9 Ingenieros 260, SMT) de <strong>Lunes a Viernes en horario de 8 a 12.30hs<\/strong><\/p>\n\n\n\n<p><\/p>\n\n\n\n<h2 class=\"wp-block-heading\">\u00c1REAS<\/h2>\n\n\n\n<link rel=\"stylesheet\" href=\"https:\/\/cdnjs.cloudflare.com\/ajax\/libs\/font-awesome\/6.4.0\/css\/all.min.css\">\n\n<div class=\"contenedor-botones\">\n  <a href=\"https:\/\/des-tuc.infd.edu.ar\/sitio\/area-tecnico-administrativa\/\" class=\"boton-des btn-admin\">\n    <i class=\"fas fa-file-invoice\"><\/i> \u00c1REA T\u00c9CNICO \u2013 ADMINISTRATIVA\n  <\/a>\n  \n  <a href=\"https:\/\/des-tuc.infd.edu.ar\/sitio\/area-pedagogica-y-digital\/\" class=\"boton-des btn-pedagogica\">\n    <i class=\"fas fa-laptop-code\"><\/i> \u00c1REA PEDAG\u00d3GICA Y DIGITAL\n  <\/a>\n  \n  <a href=\"https:\/\/des-tuc.infd.edu.ar\/sitio\/area-de-monitoreo\/\" class=\"boton-des btn-monitoreo\">\n    <i class=\"fas fa-chart-line\"><\/i> \u00c1REA DE MONITOREO\n  <\/a>\n\n  <a href=\"https:\/\/des-tuc.infd.edu.ar\/sitio\/area-de-certificacion\/\" class=\"boton-des btn-certificacion\">\n    <i class=\"fas fa-award\"><\/i> \u00c1REA DE CERTIFICACI\u00d3N\n  <\/a>\n  \n  <a href=\"https:\/\/des-tuc.infd.edu.ar\/sitio\/area-de-investigacion\/\" class=\"boton-des btn-investigacion\">\n    <i class=\"fas fa-microscope\"><\/i> \u00c1REA DE INVESTIGACI\u00d3N\n  <\/a>\n<\/div>\n\n<style>\n  .contenedor-botones {\n    display: flex;\n    flex-direction: column;\n    gap: 12px;\n    max-width: 450px;\n    margin: 20px auto;\n    font-family: 'Segoe UI', Roboto, Helvetica, Arial, sans-serif;\n  }\n\n  .boton-des {\n    display: flex;\n    align-items: center;\n    padding: 14px 20px;\n    background-color: #2c3e50;\n    color: #ffffff !important;\n    text-decoration: none;\n    border-radius: 10px;\n    font-weight: 600;\n    font-size: 13px;\n    text-transform: uppercase;\n    letter-spacing: 0.8px;\n    transition: all 0.3s ease;\n    border: 1px solid rgba(0,0,0,0.1);\n    box-shadow: 0 2px 4px rgba(0,0,0,0.05);\n  }\n\n  .boton-des i {\n    margin-right: 15px;\n    font-size: 1.3rem;\n    width: 30px;\n    text-align: center;\n    opacity: 0.9;\n  }\n\n  \/* Efecto Hover General *\/\n  .boton-des:hover {\n    transform: translateX(8px);\n    box-shadow: 0 5px 15px rgba(0,0,0,0.15);\n    filter: brightness(1.1);\n  }\n\n  \/* Colores sutiles para diferenciar (opcional) *\/\n  .btn-admin { border-left: 5px solid #95a5a6; }\n  .btn-pedagogica { border-left: 5px solid #3498db; }\n  .btn-monitoreo { border-left: 5px solid #f1c40f; }\n  .btn-certificacion { border-left: 5px solid #e67e22; }\n  .btn-investigacion { border-left: 5px solid #2ecc71; }\n<\/style>\n\n\n\n<h2 class=\"wp-block-heading\">PROPUESTAS FORMATIVAS<\/h2>\n\n\n\n<link rel=\"stylesheet\" href=\"https:\/\/cdnjs.cloudflare.com\/ajax\/libs\/font-awesome\/6.4.0\/css\/all.min.css\">\n\n<div class=\"contenedor-academico\">\n  <a href=\"https:\/\/des-tuc.infd.edu.ar\/sitio\/tipos-de-propuestas-formativas\/\" class=\"btn-academico\">\n    <div class=\"icono-circular\"><i class=\"fas fa-layer-group\"><\/i><\/div>\n    <span>TIPOS DE PROPUESTAS FORMATIVAS<\/span>\n  <\/a>\n  \n  <a href=\"https:\/\/des-tuc.infd.edu.ar\/sitio\/ejes-prioritarios-transversales\/\" class=\"btn-academico\">\n    <div class=\"icono-circular\"><i class=\"fas fa-arrows-split-up-and-left\"><\/i><\/div>\n    <span>EJES PRIORITARIOS TRANSVERSALES<\/span>\n  <\/a>\n  \n  <a href=\"https:\/\/des-tuc.infd.edu.ar\/sitio\/modos-de-cursado\/\" class=\"btn-academico\">\n    <div class=\"icono-circular\"><i class=\"fas fa-laptop-house\"><\/i><\/div>\n    <span>MODOS DE CURSADO<\/span>\n  <\/a>\n<\/div>\n\n<style>\n  .contenedor-academico {\n    display: flex;\n    flex-direction: column;\n    gap: 15px;\n    max-width: 550px;\n    margin: 30px auto;\n    font-family: 'Montserrat', 'Segoe UI', sans-serif;\n  }\n\n  .btn-academico {\n    display: flex;\n    align-items: center;\n    padding: 12px;\n    background: linear-gradient(135deg, #ffffff 0%, #f1f4f8 100%);\n    color: #2c3e50 !important;\n    text-decoration: none;\n    border-radius: 50px; \/* Estilo p\u00edldora *\/\n    border: 2px solid #e0e6ed;\n    transition: all 0.4s cubic-bezier(0.175, 0.885, 0.32, 1.275);\n    box-shadow: 0 4px 6px rgba(0,0,0,0.05);\n  }\n\n  .icono-circular {\n    width: 45px;\n    height: 45px;\n    background-color: #007bff;\n    color: white;\n    border-radius: 50%;\n    display: flex;\n    align-items: center;\n    justify-content: center;\n    margin-right: 15px;\n    font-size: 1.2rem;\n    transition: transform 0.3s ease;\n  }\n\n  .btn-academico span {\n    font-weight: 700;\n    font-size: 13px;\n    letter-spacing: 0.3px;\n    text-transform: uppercase;\n  }\n\n  \/* Efectos al pasar el mouse *\/\n  .btn-academico:hover {\n    border-color: #007bff;\n    transform: scale(1.03);\n    box-shadow: 0 8px 15px rgba(0,123,255,0.15);\n    background: #ffffff;\n  }\n\n  .btn-academico:hover .icono-circular {\n    transform: rotate(15deg);\n    background-color: #0056b3;\n  }\n\n  \/* Ajuste para m\u00f3viles *\/\n  @media (max-width: 480px) {\n    .btn-academico span { font-size: 11px; }\n    .icono-circular { width: 35px; height: 35px; font-size: 1rem; }\n  }\n<\/style>\n\n\n\n\n\n<link rel=\"stylesheet\" href=\"https:\/\/cdnjs.cloudflare.com\/ajax\/libs\/font-awesome\/6.4.0\/css\/all.min.css\">\n\n<div class=\"contenedor-certificacion\">\n  <div class=\"tarjeta-cert\">\n    <div class=\"header-cert\">\n      <i class=\"fas fa-certificate\"><\/i>\n      <span>Oficina de Certificaci\u00f3n \u2013 FDCI<\/span>\n    <\/div>\n    \n    <div class=\"body-cert\">\n      <div class=\"info-bloque\">\n        <i class=\"fas fa-map-marker-alt icon-principal\"><\/i>\n        <div class=\"texto-direccion\">\n          <p><strong>CIIDEPT<\/strong> \u2013 Jos\u00e9 Ingenieros 260<\/p>\n          <p>San Miguel de Tucum\u00e1n, Tucum\u00e1n<\/p>\n          <a href=\"https:\/\/www.google.com\/maps\/search\/?api=1&#038;query=CIIDEPT+Jose+Ingenieros+260+Tucuman\" target=\"_blank\" class=\"btn-mapa-google\" rel=\"noopener\">\n            <i class=\"fas fa-location-dot\"><\/i> VER EN GOOGLE MAPS\n          <\/a>\n        <\/div>\n      <\/div>\n\n      <hr class=\"divisor-sutil\">\n\n      <a href=\"mailto:fdp.me.tucuman@gmail.com\" class=\"btn-email-cert\">\n        <i class=\"fas fa-envelope\"><\/i> fdp.me.tucuman@gmail.com\n      <\/a>\n      \n      <div class=\"instrucciones-consulta\">\n        <p class=\"nota-asunto\">\n          <i class=\"fas fa-exclamation-circle\"><\/i> \n          <strong>Para consultas:<\/strong> Recordar colocar en <strong>\u00abAsunto\u00bb<\/strong> el nombre de la capacitaci\u00f3n y comisi\u00f3n.\n        <\/p>\n        \n        <div class=\"cuerpo-mensaje-guia\">\n          <span class=\"subtitulo-guia\">Incluir en el cuerpo del mensaje:<\/span>\n          <ul class=\"lista-datos\">\n            <li>Apellido y Nombre<\/li>\n            <li>DNI<\/li>\n            <li>Nombre de la capacitaci\u00f3n y comisi\u00f3n<\/li>\n            <li>Instituci\u00f3n que la dict\u00f3<\/li>\n            <li>Fecha de cursado<\/li>\n          <\/ul>\n        <\/div>\n      <\/div>\n    <\/div>\n  <\/div>\n<\/div>\n\n<style>\n  .contenedor-certificacion {\n    max-width: 500px;\n    margin: 30px auto;\n    font-family: 'Segoe UI', Roboto, Helvetica, Arial, sans-serif;\n  }\n\n  .tarjeta-cert {\n    background: #ffffff;\n    border-radius: 15px;\n    border: 1px solid #d1d5db;\n    overflow: hidden;\n    box-shadow: 0 10px 20px rgba(0,0,0,0.08);\n  }\n\n  .header-cert {\n    background-color: #064e3b;\n    color: #ffffff;\n    padding: 20px;\n    display: flex;\n    align-items: center;\n    gap: 12px;\n    font-weight: 700;\n    text-transform: uppercase;\n    font-size: 14px;\n    letter-spacing: 0.5px;\n  }\n\n  .header-cert i { color: #34d399; font-size: 1.4rem; }\n\n  .body-cert { padding: 25px; }\n\n  .info-bloque {\n    display: flex;\n    gap: 15px;\n    margin-bottom: 20px;\n  }\n\n  .icon-principal { color: #064e3b; font-size: 1.2rem; margin-top: 3px; }\n\n  .texto-direccion p {\n    margin: 0;\n    font-size: 14px;\n    color: #4b5563;\n    line-height: 1.5;\n  }\n\n  .btn-mapa-google {\n    display: inline-flex;\n    align-items: center;\n    gap: 6px;\n    margin-top: 10px;\n    font-size: 12px;\n    font-weight: 700;\n    color: #1a73e8 !important;\n    text-decoration: none;\n    padding: 6px 12px;\n    border: 1px solid #1a73e8;\n    border-radius: 6px;\n    transition: all 0.2s;\n  }\n\n  .btn-mapa-google:hover {\n    background-color: #1a73e8;\n    color: #ffffff !important;\n  }\n\n  .divisor-sutil {\n    border: 0;\n    border-top: 1px solid #f1f5f9;\n    margin: 20px 0;\n  }\n\n  .btn-email-cert {\n    display: flex;\n    align-items: center;\n    justify-content: center;\n    gap: 10px;\n    background-color: #f0fdf4;\n    color: #065f46 !important;\n    text-decoration: none;\n    padding: 12px;\n    border-radius: 8px;\n    font-weight: 700;\n    font-size: 14px;\n    border: 1px solid #86efac;\n    margin-bottom: 20px;\n    transition: 0.2s;\n  }\n\n  .btn-email-cert:hover {\n    background-color: #dcfce7;\n    transform: translateY(-2px);\n  }\n\n  \/* Bloque de instrucciones *\/\n  .instrucciones-consulta {\n    background-color: #fffbeb;\n    border-left: 4px solid #f59e0b;\n    padding: 15px;\n    border-radius: 6px;\n  }\n\n  .nota-asunto {\n    font-size: 13px;\n    color: #92400e;\n    margin: 0 0 10px 0;\n    line-height: 1.4;\n  }\n\n  .subtitulo-guia {\n    display: block;\n    font-size: 11px;\n    font-weight: 800;\n    color: #78350f;\n    text-transform: uppercase;\n    margin-bottom: 6px;\n  }\n\n  .lista-datos {\n    margin: 0;\n    padding-left: 18px;\n    font-size: 13px;\n    color: #78350f;\n    line-height: 1.5;\n  }\n\n  @media (max-width: 480px) {\n    .header-cert { font-size: 12px; }\n    .btn-mapa-google { width: 100%; justify-content: center; }\n  }\n<\/style>\n\n\n","protected":false},"excerpt":{"rendered":"<p>Por iniciativa de la Ministra de Educaci\u00f3n Prof. Susana Montaldo, se crea dentro de la Direcci\u00f3n de Nivel Superior no Universitaria, a cargo de la Dr. Carlos Bulacios, la Subdirecci\u00f3n de Formaci\u00f3n Docente Continua e Investigaci\u00f3n (FDCI), que tiene como funciones la aprobaci\u00f3n, la evaluaci\u00f3n, el seguimiento y acompa\u00f1amiento de los trayectos de formaci\u00f3n docente &#8230; <a title=\"FORMACI\u00d3N DOCENTE CONTINUA E INVESTIGACI\u00d3N\" class=\"read-more\" href=\"https:\/\/des-tuc.infd.edu.ar\/sitio\/formacion-docente-continua-e-investigacion\/\" aria-label=\"More on FORMACI\u00d3N DOCENTE CONTINUA E INVESTIGACI\u00d3N\">[+]<\/a><\/p>\n","protected":false},"author":543,"featured_media":10093,"parent":0,"menu_order":0,"comment_status":"closed","ping_status":"closed","template":"","meta":[],"acf":[],"_links":{"self":[{"href":"https:\/\/des-tuc.infd.edu.ar\/sitio\/wp-json\/wp\/v2\/pages\/10095"}],"collection":[{"href":"https:\/\/des-tuc.infd.edu.ar\/sitio\/wp-json\/wp\/v2\/pages"}],"about":[{"href":"https:\/\/des-tuc.infd.edu.ar\/sitio\/wp-json\/wp\/v2\/types\/page"}],"author":[{"embeddable":true,"href":"https:\/\/des-tuc.infd.edu.ar\/sitio\/wp-json\/wp\/v2\/users\/543"}],"replies":[{"embeddable":true,"href":"https:\/\/des-tuc.infd.edu.ar\/sitio\/wp-json\/wp\/v2\/comments?post=10095"}],"version-history":[{"count":15,"href":"https:\/\/des-tuc.infd.edu.ar\/sitio\/wp-json\/wp\/v2\/pages\/10095\/revisions"}],"predecessor-version":[{"id":12622,"href":"https:\/\/des-tuc.infd.edu.ar\/sitio\/wp-json\/wp\/v2\/pages\/10095\/revisions\/12622"}],"wp:featuredmedia":[{"embeddable":true,"href":"https:\/\/des-tuc.infd.edu.ar\/sitio\/wp-json\/wp\/v2\/media\/10093"}],"wp:attachment":[{"href":"https:\/\/des-tuc.infd.edu.ar\/sitio\/wp-json\/wp\/v2\/media?parent=10095"}],"curies":[{"name":"wp","href":"https:\/\/api.w.org\/{rel}","templated":true}]}}