{"id":10067,"date":"2024-04-23T10:47:02","date_gmt":"2024-04-23T13:47:02","guid":{"rendered":"https:\/\/des-tuc.infd.edu.ar\/sitio\/?page_id=10067"},"modified":"2024-09-12T11:37:50","modified_gmt":"2024-09-12T14:37:50","slug":"circulares-resoluciones-2024","status":"publish","type":"page","link":"https:\/\/des-tuc.infd.edu.ar\/sitio\/circulares-resoluciones-2024\/","title":{"rendered":"Circulares\/Resoluciones 2024"},"content":{"rendered":"\n<h2 class=\"wp-block-heading\" id=\"block-bfeffc10-172c-4417-abe7-5c42424dfca8\">DECRETOS:<\/h2>\n\n\n\n<ul>\n<li>Decreto N\u00b0 1.290\/1<\/li>\n<\/ul>\n\n\n\n<p><a href=\"https:\/\/des-tuc.infd.edu.ar\/sitio\/wp-content\/uploads\/2024\/05\/1290-MED-24.pdf\">1290-MED-24<\/a><\/p>\n\n\n\n<h2 class=\"wp-block-heading\">RESOLUCIONES:<\/h2>\n\n\n\n<p><\/p>\n\n\n\n<ul>\n<li>Resoluci\u00f3n Ministerial N\u00b0 0435\/5 (MEd) que aprueba el Proyecto de Formaci\u00f3n Docente Continua y sus anexos.<\/li>\n<\/ul>\n\n\n\n<p><a href=\"https:\/\/des-tuc.infd.edu.ar\/sitio\/wp-content\/uploads\/2024\/04\/0435-MED-24.pdf\">0435-MED-24Descarga<\/a><\/p>\n\n\n\n<h2 class=\"wp-block-heading\">CIRCULARES<\/h2>\n\n\n\n<ul>\n<li>N\u00b0 01: Primera jornada institucional 2024, destinada a instituciones de Educaci\u00f3n Superior.<\/li>\n<\/ul>\n\n\n\n<p><a href=\"https:\/\/des-tuc.infd.edu.ar\/sitio\/wp-content\/uploads\/2024\/04\/Circular-01-2024-Direccion-de-Educ.-Sup.-Jornada-Institucional.pdf\">Circular-01-2024-Direccion-de-Educ.-Sup.-Jornada-InstitucionalDescarga<\/a><\/p>\n\n\n\n<p><a href=\"https:\/\/des-tuc.infd.edu.ar\/sitio\/wp-content\/uploads\/2024\/04\/Anexo-Circular-01-2024-1%C2%B0-Jornada-Institucional-2024-Direccion-Educ.-Superior.pdf\">Anexo-Circular-01-2024-1\u00b0-Jornada-Institucional-2024-Direccion-Educ.-SuperiorDescarga<\/a><\/p>\n\n\n\n<ul>\n<li>N\u00b0 02: Primera jornada institucional 2024, destinada a instituciones de Educaci\u00f3n Art\u00edstica.<\/li>\n<\/ul>\n\n\n\n<div class=\"wp-block-file\"><a id=\"wp-block-file--media-d2daa5b9-5035-4b9f-9b74-c33244d5f46c\" href=\"https:\/\/des-tuc.infd.edu.ar\/sitio\/wp-content\/uploads\/2024\/08\/Circular-2-Jornadas-Institucionales-EEAE.pdf\">Circular-2-Jornadas-Institucionales-EEAE<\/a><\/div>\n\n\n\n<p><a href=\"https:\/\/des-tuc.infd.edu.ar\/sitio\/wp-content\/uploads\/2024\/04\/Anexo-Circular-2-1%C2%B0-Jornada-Institucional-Educacion-A.-Especifica.docx.pdf\">Anexo-Circular-2-1\u00b0-Jornada-Institucional-Educacion-A.-Especifica.docxDescarga<\/a><\/p>\n\n\n\n<ul>\n<li>N\u00b0 03: Relevamiento de estudiantes con discapacidad.<\/li>\n<\/ul>\n\n\n\n<p><a href=\"https:\/\/des-tuc.infd.edu.ar\/sitio\/wp-content\/uploads\/2024\/04\/Circular-03-24-Dir-Superior.pdf\">Circular-03-24-Dir-SuperiorDescarga<\/a><\/p>\n\n\n\n<ul>\n<li>N\u00b0 04: Orientaciones para la organizaci\u00f3n y desarrollo de instancias mixtas de cursado. Anexo.<\/li>\n<\/ul>\n\n\n\n<p><a href=\"https:\/\/des-tuc.infd.edu.ar\/sitio\/wp-content\/uploads\/2024\/04\/Circular-04-2024-Orientaciones-para-la-organizacion-y-desarrollo-de-Instancias-mixtas-de-cursado-1.pdf\">Circular-04-2024-Orientaciones-para-la-organizacion-y-desarrollo-de-Instancias-mixtas-de-cursado-1Descarga<\/a><\/p>\n\n\n\n<p><a href=\"https:\/\/des-tuc.infd.edu.ar\/sitio\/wp-content\/uploads\/2024\/06\/Anexo-Circular-04-2024-Orientaciones-para-la-organizacion-y-desarrollo-de-Instancias-mixtas-de-cursado-2.pdf\">Anexo-Circular-04-2024-Orientaciones-para-la-organizacion-y-desarrollo-de-Instancias-mixtas-de-cursado-2<\/a><\/p>\n\n\n\n<ul>\n<li>N\u00b0 05: Pr\u00e1cticas profesionales de Formaci\u00f3n Docente: plazos para el acceso a las Pr\u00e1cticas Profesionales III y IV.<\/li>\n<\/ul>\n\n\n\n<p><a href=\"https:\/\/des-tuc.infd.edu.ar\/sitio\/wp-content\/uploads\/2024\/05\/Circular-N\u00b0-5-DES.pdf\">Circular-N\u00b0-5-DES<\/a><\/p>\n\n\n\n<ul>\n<li>Circular N\u00b0 06\/2024: Segunda jornada institucional 2024, destinada a instituciones de Educaci\u00f3n Superior.<\/li>\n<\/ul>\n\n\n\n<p><a href=\"https:\/\/des-tuc.infd.edu.ar\/sitio\/wp-content\/uploads\/2024\/08\/Circular-06-24-DESNU-2da-Jornada-Institucional-2024.pdf\">Circular-06-24-DESNU-2da-Jornada-Institucional-2024<br><\/a><\/p>\n\n\n\n<ul>\n<li>Circular N\u00b0 07\/2024: Segunda jornada institucional 2024, destinada a instituciones de Educaci\u00f3n Art\u00edstica.<\/li>\n<\/ul>\n\n\n\n<p><a href=\"https:\/\/des-tuc.infd.edu.ar\/sitio\/wp-content\/uploads\/2024\/08\/Circular-N-7-DESNU.pdf\">Circular-N-7-DESNU<\/a><\/p>\n\n\n\n<p>Circular N\u00b0 09\/2024: Segunda jornada institucional 2024, destinada a instituciones de Educaci\u00f3n Art\u00edstica.<\/p>\n\n\n\n<div class=\"wp-block-file\"><a id=\"wp-block-file--media-ea611275-8427-4cf2-9465-6e84d708d8e1\" href=\"https:\/\/des-tuc.infd.edu.ar\/sitio\/wp-content\/uploads\/2024\/09\/Circular-N-\u00b09-24-Semana-de-la-Educacion-Superior_240910_183150.pdf\">Circular-N-\u00b09-24-Semana-de-la-Educacion-Superior_240910_183150<\/a><\/div>\n","protected":false},"excerpt":{"rendered":"<p>DECRETOS: 1290-MED-24 RESOLUCIONES: 0435-MED-24Descarga CIRCULARES Circular-01-2024-Direccion-de-Educ.-Sup.-Jornada-InstitucionalDescarga Anexo-Circular-01-2024-1\u00b0-Jornada-Institucional-2024-Direccion-Educ.-SuperiorDescarga Anexo-Circular-2-1\u00b0-Jornada-Institucional-Educacion-A.-Especifica.docxDescarga Circular-03-24-Dir-SuperiorDescarga Circular-04-2024-Orientaciones-para-la-organizacion-y-desarrollo-de-Instancias-mixtas-de-cursado-1Descarga Anexo-Circular-04-2024-Orientaciones-para-la-organizacion-y-desarrollo-de-Instancias-mixtas-de-cursado-2 Circular-N\u00b0-5-DES Circular-06-24-DESNU-2da-Jornada-Institucional-2024 Circular-N-7-DESNU Circular N\u00b0 09\/2024: Segunda jornada institucional 2024, destinada a instituciones de Educaci\u00f3n Art\u00edstica.<\/p>\n","protected":false},"author":543,"featured_media":0,"parent":0,"menu_order":0,"comment_status":"closed","ping_status":"closed","template":"","meta":[],"acf":[],"_links":{"self":[{"href":"https:\/\/des-tuc.infd.edu.ar\/sitio\/wp-json\/wp\/v2\/pages\/10067"}],"collection":[{"href":"https:\/\/des-tuc.infd.edu.ar\/sitio\/wp-json\/wp\/v2\/pages"}],"about":[{"href":"https:\/\/des-tuc.infd.edu.ar\/sitio\/wp-json\/wp\/v2\/types\/page"}],"author":[{"embeddable":true,"href":"https:\/\/des-tuc.infd.edu.ar\/sitio\/wp-json\/wp\/v2\/users\/543"}],"replies":[{"embeddable":true,"href":"https:\/\/des-tuc.infd.edu.ar\/sitio\/wp-json\/wp\/v2\/comments?post=10067"}],"version-history":[{"count":9,"href":"https:\/\/des-tuc.infd.edu.ar\/sitio\/wp-json\/wp\/v2\/pages\/10067\/revisions"}],"predecessor-version":[{"id":10620,"href":"https:\/\/des-tuc.infd.edu.ar\/sitio\/wp-json\/wp\/v2\/pages\/10067\/revisions\/10620"}],"wp:attachment":[{"href":"https:\/\/des-tuc.infd.edu.ar\/sitio\/wp-json\/wp\/v2\/media?parent=10067"}],"curies":[{"name":"wp","href":"https:\/\/api.w.org\/{rel}","templated":true}]}}